{"id":1318161,"date":"2026-04-11T03:40:21","date_gmt":"2026-04-11T02:40:21","guid":{"rendered":"https:\/\/hoogeveenplants.nl\/p\/clematis-double-up-wit-paars-samaritan-jo-olympia\/"},"modified":"2026-04-11T03:50:59","modified_gmt":"2026-04-11T02:50:59","slug":"clematis-double-up-wit-paars-samaritan-jo-olympia","status":"publish","type":"product","link":"https:\/\/hoogeveenplants.nl\/de\/p\/clematis-double-up-wit-paars-samaritan-jo-olympia\/","title":{"rendered":"Clematis Double Up wit-paars  (Samaritan Jo + Olympia)"},"content":{"rendered":"<p>Eine ganz besondere Clematis, die den ganzen Sommer \u00fcber bl\u00fcht. Von Mai bis September kann man sich an ihren gro\u00dfen wei\u00dfen und violetten Dolden erfreuen. Bereits im ersten Jahr bietet die Clematis eine Bl\u00fctenoase. Im Gegensatz zu den meisten Clematis-Arten, die nur ein bis zwei Monate bl\u00fchen, kann man sich an &#8218;Double UP&#8216; bis zu f\u00fcnf Monate lang erfreuen. Perfekt f\u00fcr die Terrasse oder den Balkon<\/p>\n","protected":false},"excerpt":{"rendered":"<p>Eine ganz besondere Clematis, die den ganzen Sommer \u00fcber bl\u00fcht. Von Mai bis September kann man sich an ihren gro\u00dfen wei\u00dfen und violetten Dolden erfreuen. Bereits im ersten Jahr bietet die Clematis eine Bl\u00fctenoase. Im Gegensatz zu den meisten Clematis-Arten, die nur ein bis zwei Monate bl\u00fchen, kann man sich an &#8218;Double UP&#8216; bis zu [&hellip;]<\/p>\n","protected":false},"featured_media":0,"template":"","meta":{"_acf_changed":false},"product_brand":[],"product_cat":[252,71],"product_tag":[],"class_list":{"0":"post-1318161","1":"product","2":"type-product","3":"status-publish","5":"product_cat-our-choice-upclimbers","6":"product_cat-upclimbers","7":"pa_bloemvruchtkleur-gruen-weiss","8":"pa_location-halbschattig","9":"pa_location-sonnig","10":"pa_max-height-36","12":"first","13":"instock","14":"product-type-simple"},"acf":[],"_links":{"self":[{"href":"https:\/\/hoogeveenplants.nl\/de\/wp-json\/wp\/v2\/product\/1318161","targetHints":{"allow":["GET"]}}],"collection":[{"href":"https:\/\/hoogeveenplants.nl\/de\/wp-json\/wp\/v2\/product"}],"about":[{"href":"https:\/\/hoogeveenplants.nl\/de\/wp-json\/wp\/v2\/types\/product"}],"wp:attachment":[{"href":"https:\/\/hoogeveenplants.nl\/de\/wp-json\/wp\/v2\/media?parent=1318161"}],"wp:term":[{"taxonomy":"product_brand","embeddable":true,"href":"https:\/\/hoogeveenplants.nl\/de\/wp-json\/wp\/v2\/product_brand?post=1318161"},{"taxonomy":"product_cat","embeddable":true,"href":"https:\/\/hoogeveenplants.nl\/de\/wp-json\/wp\/v2\/product_cat?post=1318161"},{"taxonomy":"product_tag","embeddable":true,"href":"https:\/\/hoogeveenplants.nl\/de\/wp-json\/wp\/v2\/product_tag?post=1318161"}],"curies":[{"name":"wp","href":"https:\/\/api.w.org\/{rel}","templated":true}]}}