{"id":1318105,"date":"2026-04-11T03:38:50","date_gmt":"2026-04-11T02:38:50","guid":{"rendered":"https:\/\/hoogeveenplants.nl\/p\/helleborus-argutifolius-silver-lace\/"},"modified":"2026-04-11T03:50:42","modified_gmt":"2026-04-11T02:50:42","slug":"helleborus-argutifolius-silver-lace","status":"publish","type":"product","link":"https:\/\/hoogeveenplants.nl\/de\/p\/helleborus-argutifolius-silver-lace\/","title":{"rendered":"Helleborus argutifolius &#8218;Silver Lace&#8216;"},"content":{"rendered":"<p>Helleborus argutifolius &#8218;Silver Lace&#8216;, auch Christrose genannt, bl\u00fcht in der Zeit von Februar bis April. Die Bl\u00fcten haben eine zartgr\u00fcne Farbe. Das Besondere an dieser Helleborus ist die graugr\u00fcne Farbe des Blattes mit Zacken an den Blattr\u00e4ndern. Die &#8218;Silver Lace&#8216; macht sich gut im Topf und ist eine sch\u00f6ne bl\u00fchende gr\u00fcne Erg\u00e4nzung f\u00fcr die Terrasse, den Balkon oder die Veranda im kargen Winter. Verwenden Sie gute Bl\u00fctenerde.<\/p>\n","protected":false},"excerpt":{"rendered":"<p>Helleborus argutifolius &#8218;Silver Lace&#8216;, auch Christrose genannt, bl\u00fcht in der Zeit von Februar bis April. Die Bl\u00fcten haben eine zartgr\u00fcne Farbe. Das Besondere an dieser Helleborus ist die graugr\u00fcne Farbe des Blattes mit Zacken an den Blattr\u00e4ndern. Die &#8218;Silver Lace&#8216; macht sich gut im Topf und ist eine sch\u00f6ne bl\u00fchende gr\u00fcne Erg\u00e4nzung f\u00fcr die Terrasse, [&hellip;]<\/p>\n","protected":false},"featured_media":0,"template":"","meta":{"_acf_changed":false},"product_brand":[],"product_cat":[55],"product_tag":[],"class_list":{"0":"post-1318105","1":"product","2":"type-product","3":"status-publish","5":"product_cat-hello-helleborus","6":"pa_bloemvruchtkleur-gruen","7":"pa_location-halbschattig","8":"pa_max-height-85","10":"first","11":"instock","12":"product-type-simple"},"acf":[],"_links":{"self":[{"href":"https:\/\/hoogeveenplants.nl\/de\/wp-json\/wp\/v2\/product\/1318105","targetHints":{"allow":["GET"]}}],"collection":[{"href":"https:\/\/hoogeveenplants.nl\/de\/wp-json\/wp\/v2\/product"}],"about":[{"href":"https:\/\/hoogeveenplants.nl\/de\/wp-json\/wp\/v2\/types\/product"}],"wp:attachment":[{"href":"https:\/\/hoogeveenplants.nl\/de\/wp-json\/wp\/v2\/media?parent=1318105"}],"wp:term":[{"taxonomy":"product_brand","embeddable":true,"href":"https:\/\/hoogeveenplants.nl\/de\/wp-json\/wp\/v2\/product_brand?post=1318105"},{"taxonomy":"product_cat","embeddable":true,"href":"https:\/\/hoogeveenplants.nl\/de\/wp-json\/wp\/v2\/product_cat?post=1318105"},{"taxonomy":"product_tag","embeddable":true,"href":"https:\/\/hoogeveenplants.nl\/de\/wp-json\/wp\/v2\/product_tag?post=1318105"}],"curies":[{"name":"wp","href":"https:\/\/api.w.org\/{rel}","templated":true}]}}