{"id":1318029,"date":"2026-04-11T03:38:05","date_gmt":"2026-04-11T02:38:05","guid":{"rendered":"https:\/\/hoogeveenplants.nl\/p\/prunus-domestica-reine-claude-vert\/"},"modified":"2026-04-11T03:50:22","modified_gmt":"2026-04-11T02:50:22","slug":"prunus-domestica-reine-claude-vert","status":"publish","type":"product","link":"https:\/\/hoogeveenplants.nl\/de\/p\/prunus-domestica-reine-claude-vert\/","title":{"rendered":"Prunus domestica &#8218;Reine-Claude Vert&#8216;"},"content":{"rendered":"<p>Leckeres gr\u00fcnes Obst aus 100% biologischem Anbau. Das bedeutet, dass beim Anbau nur pflanzliche und tierische Materialien verwendet wurden. Der Topf und das Etikett bestehen aus recyceltem Kunststoff und sind somit eine saubere L\u00f6sung f\u00fcr die Umwelt.<br \/>\nPrunus Domestica Reine Claude Verte&#8216; ist ein Pflaumenbaum, der Mitte April mit wei\u00dfen Bl\u00fcten bl\u00fcht. Es handelt sich um einen Pflaumenbaum, der sich nicht selbst best\u00e4uben kann, so dass man einen anderen Obstbaum braucht, um Fr\u00fcchte zu bekommen. Sie kann u. a. von der Pflaumenart best\u00e4ubt werden: Victoria, Ontario, Reine Claude d&#8217;Oullins, Reine Claude d&#8217;Althan und Anna Sp\u00e4th. Die recht kleinen, gr\u00fcn-gelben, saftigen Pflaumen mit einem guten, s\u00fc\u00dfen Geschmack k\u00f6nnen ab Ende August gepfl\u00fcckt werden und werden haupts\u00e4chlich als Handpflaumen und als Pflaumen verwendet. Der Pflaumenbaum kann zu zwei Zeitpunkten beschnitten werden: im Fr\u00fchjahr nach der Bl\u00fcte oder im Herbst nach der Ernte. Schneiden Sie immer an einem relativ warmen und trockenen Tag, um Krankheiten vorzubeugen und gen\u00fcgend \u00e4ltere Zweige f\u00fcr gute Fr\u00fcchte in der neuen Saison zu belassen. Erstellen Sie schlie\u00dflich einen offenen Baum mit einer Reihe von Haupt\u00e4sten, aus denen die Seiten\u00e4ste hervorgehen. Alle Fr\u00fcchte, auch Pflaumen, reifen am besten in der Sonne. Geben Sie diesem Obstbaum also einen sonnigen Platz im Garten.<\/p>\n","protected":false},"excerpt":{"rendered":"<p>Leckeres gr\u00fcnes Obst aus 100% biologischem Anbau. Das bedeutet, dass beim Anbau nur pflanzliche und tierische Materialien verwendet wurden. Der Topf und das Etikett bestehen aus recyceltem Kunststoff und sind somit eine saubere L\u00f6sung f\u00fcr die Umwelt. Prunus Domestica Reine Claude Verte&#8216; ist ein Pflaumenbaum, der Mitte April mit wei\u00dfen Bl\u00fcten bl\u00fcht. Es handelt sich [&hellip;]<\/p>\n","protected":false},"featured_media":0,"template":"","meta":{"_acf_changed":false},"product_brand":[],"product_cat":[213],"product_tag":[],"class_list":{"0":"post-1318029","1":"product","2":"type-product","3":"status-publish","5":"product_cat-tasty-green","6":"pa_bloemvruchtkleur-weiss","7":"pa_location-halbschattig","8":"pa_location-sonnig","9":"pa_max-height-56","11":"first","12":"instock","13":"product-type-simple"},"acf":[],"_links":{"self":[{"href":"https:\/\/hoogeveenplants.nl\/de\/wp-json\/wp\/v2\/product\/1318029","targetHints":{"allow":["GET"]}}],"collection":[{"href":"https:\/\/hoogeveenplants.nl\/de\/wp-json\/wp\/v2\/product"}],"about":[{"href":"https:\/\/hoogeveenplants.nl\/de\/wp-json\/wp\/v2\/types\/product"}],"wp:attachment":[{"href":"https:\/\/hoogeveenplants.nl\/de\/wp-json\/wp\/v2\/media?parent=1318029"}],"wp:term":[{"taxonomy":"product_brand","embeddable":true,"href":"https:\/\/hoogeveenplants.nl\/de\/wp-json\/wp\/v2\/product_brand?post=1318029"},{"taxonomy":"product_cat","embeddable":true,"href":"https:\/\/hoogeveenplants.nl\/de\/wp-json\/wp\/v2\/product_cat?post=1318029"},{"taxonomy":"product_tag","embeddable":true,"href":"https:\/\/hoogeveenplants.nl\/de\/wp-json\/wp\/v2\/product_tag?post=1318029"}],"curies":[{"name":"wp","href":"https:\/\/api.w.org\/{rel}","templated":true}]}}