{"id":1318002,"date":"2026-04-11T03:36:48","date_gmt":"2026-04-11T02:36:48","guid":{"rendered":"https:\/\/hoogeveenplants.nl\/p\/rubus-fruticosus-thornless-evergreen\/"},"modified":"2026-04-11T03:50:15","modified_gmt":"2026-04-11T02:50:15","slug":"rubus-fruticosus-thornless-evergreen","status":"publish","type":"product","link":"https:\/\/hoogeveenplants.nl\/de\/p\/rubus-fruticosus-thornless-evergreen\/","title":{"rendered":"Rubus fruticosus &#8218;Thornless Evergreen&#8216;"},"content":{"rendered":"<p>Leckeres gr\u00fcnes Obst aus 100% biologischem Anbau. Das bedeutet, dass beim Anbau nur pflanzliche und tierische Materialien verwendet wurden. Der Topf und das Etikett bestehen aus recyceltem Kunststoff und sind somit eine saubere L\u00f6sung f\u00fcr die Umwelt.<br \/>\nRubus Fruticosus Thornless Evergreen&#8216; ist ein dornenloser Kletterstrauch. Beim Pfl\u00fccken der Fr\u00fcchte sind keine Stacheln im Weg, so dass sie sich besonders f\u00fcr einen kinderfreundlichen Garten eignet. Die Brombeere bl\u00fcht im Mai und Juni mit kleinen wei\u00dfen Bl\u00fcten. Die Fr\u00fcchte sind von August bis zum Frost pfl\u00fcckreif. Brombeeren sind zun\u00e4chst gr\u00fcn, dann werden sie rot und schlie\u00dflich nehmen sie diese sch\u00f6ne dunkelviolett-schwarze Farbe an. Sie sind reich an Mineralien und s\u00fc\u00df. Die Brombeere bevorzugt einen sonnigen Standort. Je mehr Sonne er bekommt, desto mehr Fr\u00fcchte wird er tragen. Sie k\u00f6nnen die Pflanze zur Abdeckung einer Mauer, eines Kletterger\u00fcsts oder als Hecke verwenden. Die Brombeere braucht Hilfe beim Klettern mit Hilfe eines Drahts oder eines Kletterger\u00fcsts. Sie mag humusreichen Boden. Die Brombeere verliert im Winter ihre Bl\u00e4tter. Schneiden Sie regelm\u00e4\u00dfig, sowohl im Fr\u00fchjahr als auch im Herbst. Nach der Ernte sollten die Zweige, die Fr\u00fcchte getragen haben, vollst\u00e4ndig abgeschnitten werden.<\/p>\n","protected":false},"excerpt":{"rendered":"<p>Leckeres gr\u00fcnes Obst aus 100% biologischem Anbau. Das bedeutet, dass beim Anbau nur pflanzliche und tierische Materialien verwendet wurden. Der Topf und das Etikett bestehen aus recyceltem Kunststoff und sind somit eine saubere L\u00f6sung f\u00fcr die Umwelt. Rubus Fruticosus Thornless Evergreen&#8216; ist ein dornenloser Kletterstrauch. Beim Pfl\u00fccken der Fr\u00fcchte sind keine Stacheln im Weg, so [&hellip;]<\/p>\n","protected":false},"featured_media":0,"template":"","meta":{"_acf_changed":false},"product_brand":[],"product_cat":[213],"product_tag":[],"class_list":{"0":"post-1318002","1":"product","2":"type-product","3":"status-publish","5":"product_cat-tasty-green","6":"pa_bloemvruchtkleur-gruen","7":"pa_location-halbschattig","8":"pa_location-sonnig","9":"pa_max-height-36","11":"first","12":"instock","13":"product-type-simple"},"acf":[],"_links":{"self":[{"href":"https:\/\/hoogeveenplants.nl\/de\/wp-json\/wp\/v2\/product\/1318002","targetHints":{"allow":["GET"]}}],"collection":[{"href":"https:\/\/hoogeveenplants.nl\/de\/wp-json\/wp\/v2\/product"}],"about":[{"href":"https:\/\/hoogeveenplants.nl\/de\/wp-json\/wp\/v2\/types\/product"}],"wp:attachment":[{"href":"https:\/\/hoogeveenplants.nl\/de\/wp-json\/wp\/v2\/media?parent=1318002"}],"wp:term":[{"taxonomy":"product_brand","embeddable":true,"href":"https:\/\/hoogeveenplants.nl\/de\/wp-json\/wp\/v2\/product_brand?post=1318002"},{"taxonomy":"product_cat","embeddable":true,"href":"https:\/\/hoogeveenplants.nl\/de\/wp-json\/wp\/v2\/product_cat?post=1318002"},{"taxonomy":"product_tag","embeddable":true,"href":"https:\/\/hoogeveenplants.nl\/de\/wp-json\/wp\/v2\/product_tag?post=1318002"}],"curies":[{"name":"wp","href":"https:\/\/api.w.org\/{rel}","templated":true}]}}