{"id":1318000,"date":"2026-04-11T03:36:47","date_gmt":"2026-04-11T02:36:47","guid":{"rendered":"https:\/\/hoogeveenplants.nl\/p\/morus-nigra-mulle\/"},"modified":"2026-04-11T03:50:15","modified_gmt":"2026-04-11T02:50:15","slug":"morus-nigra-mulle","status":"publish","type":"product","link":"https:\/\/hoogeveenplants.nl\/de\/p\/morus-nigra-mulle\/","title":{"rendered":"Morus nigra Mulle"},"content":{"rendered":"<p>Leckeres gr\u00fcnes Obst aus 100% biologischem Anbau. Das bedeutet, dass beim Anbau nur pflanzliche und tierische Materialien verwendet wurden. Der Topf und das Etikett bestehen aus recyceltem Kunststoff und sind somit eine saubere L\u00f6sung f\u00fcr die Umwelt.<br \/>\nMorus Nigra Mulle&#8216; ist eine schwarze Maulbeere. Der Baum ist durch seine \u00c4ste und seine dunkelgr\u00fcnen, herzf\u00f6rmigen Bl\u00e4tter sehr charakteristisch. Im Mai bl\u00fcht der schwarze Maulbeerbaum mit einer wei\u00dfen Bl\u00fcte. Im Herbst erscheinen rote und schwarze Fr\u00fcchte an den Zweigen. Sie sind zun\u00e4chst gr\u00fcn, werden dann rot und sind bei Vollreife schwarz und rot. Sie \u00e4hneln Himbeeren und schmecken leicht s\u00fc\u00df und aromatisch. Die Fr\u00fcchte sind gesund und enthalten viele Ballaststoffe, Vitamine und Antioxidantien. Man kann sie frisch essen, trocknen oder zu Marmelade und Saft verarbeiten. Der Maulbeerbaum w\u00e4chst langsam und tr\u00e4gt meist erst nach einigen Jahren Fr\u00fcchte. Die B\u00e4ume k\u00f6nnen sehr alt werden, 100 Jahre und mehr. Je nachdem, wie man ihn beschneidet, kann der Maulbeerbaum so gro\u00df werden, wie man will, so dass er auch f\u00fcr den etwas kleineren Garten geeignet ist. Beim Beschneiden werden die kleinen unteren \u00c4ste des Baumes entfernt und gro\u00dfe \u00c4ste, die die Form des Baumes st\u00f6ren w\u00fcrden, entfernt. Halten Sie die Krone offen, damit Licht in sie hineinfallen kann. Sie k\u00f6nnen den Maulbeerbaum auch in einem Topf auf der Terrasse oder dem Balkon pflanzen. In einem Bl\u00fctentopf ist die Maulbeere jedoch frostempfindlicher. Deshalb ist es sinnvoll, den Topf im Winter mit Luftpolsterfolie einzuwickeln. Maulbeeren wachsen am besten in der Sonne und in feuchtigkeitsbewahrenden B\u00f6den.<\/p>\n","protected":false},"excerpt":{"rendered":"<p>Leckeres gr\u00fcnes Obst aus 100% biologischem Anbau. Das bedeutet, dass beim Anbau nur pflanzliche und tierische Materialien verwendet wurden. Der Topf und das Etikett bestehen aus recyceltem Kunststoff und sind somit eine saubere L\u00f6sung f\u00fcr die Umwelt. Morus Nigra Mulle&#8216; ist eine schwarze Maulbeere. Der Baum ist durch seine \u00c4ste und seine dunkelgr\u00fcnen, herzf\u00f6rmigen Bl\u00e4tter [&hellip;]<\/p>\n","protected":false},"featured_media":0,"template":"","meta":{"_acf_changed":false},"product_brand":[],"product_cat":[213],"product_tag":[],"class_list":{"0":"post-1318000","1":"product","2":"type-product","3":"status-publish","5":"product_cat-tasty-green","6":"pa_bloemvruchtkleur-schwarz","7":"pa_location-halbschattig","8":"pa_location-sonnig","9":"pa_max-height-36","11":"first","12":"instock","13":"product-type-simple"},"acf":[],"_links":{"self":[{"href":"https:\/\/hoogeveenplants.nl\/de\/wp-json\/wp\/v2\/product\/1318000","targetHints":{"allow":["GET"]}}],"collection":[{"href":"https:\/\/hoogeveenplants.nl\/de\/wp-json\/wp\/v2\/product"}],"about":[{"href":"https:\/\/hoogeveenplants.nl\/de\/wp-json\/wp\/v2\/types\/product"}],"wp:attachment":[{"href":"https:\/\/hoogeveenplants.nl\/de\/wp-json\/wp\/v2\/media?parent=1318000"}],"wp:term":[{"taxonomy":"product_brand","embeddable":true,"href":"https:\/\/hoogeveenplants.nl\/de\/wp-json\/wp\/v2\/product_brand?post=1318000"},{"taxonomy":"product_cat","embeddable":true,"href":"https:\/\/hoogeveenplants.nl\/de\/wp-json\/wp\/v2\/product_cat?post=1318000"},{"taxonomy":"product_tag","embeddable":true,"href":"https:\/\/hoogeveenplants.nl\/de\/wp-json\/wp\/v2\/product_tag?post=1318000"}],"curies":[{"name":"wp","href":"https:\/\/api.w.org\/{rel}","templated":true}]}}