{"id":1317999,"date":"2026-04-11T03:36:46","date_gmt":"2026-04-11T02:36:46","guid":{"rendered":"https:\/\/hoogeveenplants.nl\/p\/lonicera-kamtschatica-duet\/"},"modified":"2026-04-11T03:50:14","modified_gmt":"2026-04-11T02:50:14","slug":"lonicera-kamtschatica-duet","status":"publish","type":"product","link":"https:\/\/hoogeveenplants.nl\/de\/p\/lonicera-kamtschatica-duet\/","title":{"rendered":"Lonicera kamtschatica &#8218;Duet&#8216;"},"content":{"rendered":"<p>Leckeres gr\u00fcnes Obst aus 100% biologischem Anbau. Das bedeutet, dass beim Anbau nur pflanzliche und tierische Materialien verwendet wurden. Der Topf und das Etikett bestehen aus recyceltem Kunststoff und sind somit eine saubere L\u00f6sung f\u00fcr die Umwelt.<br \/>\nLonicera Kamtschatica Duet&#8216; ist eine blaue Gei\u00dfblattbeere, die im Geschmack der Heidelbeere \u00e4hnlich ist. Sie stammt urspr\u00fcnglich aus Nordostasien und Sibirien und ist in den Niederlanden noch relativ unbekannt. Der Strauch ist sehr winterhart und bl\u00fcht mit unauff\u00e4lligen gr\u00fcn-gelben Bl\u00fcten. Der Honigbeerenstrauch ist selbstbest\u00e4ubend, aber wenn mehrere Pflanzen zusammen gepflanzt werden, ergibt sich eine bessere Ernte. Hummeln sorgen f\u00fcr die Best\u00e4ubung. Die Fr\u00fcchte erscheinen sp\u00e4ter als die von &#8218;Lonicera Kamtschatica&#8216;, etwa im August\/September. Die Beeren haben eine dunkelblaue Farbe, sind etwas gr\u00f6\u00dfer als der Durchschnitt und haben eine besondere, l\u00e4ngliche Form. Wie der Name Honeyberry schon sagt, ist der Geschmack herrlich s\u00fc\u00df. Sie enthalten auch viele Vitamine. Sie enthalten viel Pektin, Vitamin B und C. Die Beeren eignen sich zur Verwendung in einem Gericht oder zum Verzehr frisch gepfl\u00fcckter Fr\u00fcchte. Auch V\u00f6gel lieben die Honigbeere, daher ist es ratsam, sie vor\u00fcbergehend mit einem Netz oder einer Folie abzudecken.\u00a0Sie wird maximal 100 cm hoch, so dass ein R\u00fcckschnitt kaum erforderlich ist. Die &#8218;Lonicera Kamtschatica Duet&#8216; mag einen sonnigen bis halbschattigen Standort in einem durchl\u00e4ssigen, aber leicht feuchten Boden.<\/p>\n","protected":false},"excerpt":{"rendered":"<p>Leckeres gr\u00fcnes Obst aus 100% biologischem Anbau. Das bedeutet, dass beim Anbau nur pflanzliche und tierische Materialien verwendet wurden. Der Topf und das Etikett bestehen aus recyceltem Kunststoff und sind somit eine saubere L\u00f6sung f\u00fcr die Umwelt. Lonicera Kamtschatica Duet&#8216; ist eine blaue Gei\u00dfblattbeere, die im Geschmack der Heidelbeere \u00e4hnlich ist. Sie stammt urspr\u00fcnglich aus [&hellip;]<\/p>\n","protected":false},"featured_media":0,"template":"","meta":{"_acf_changed":false},"product_brand":[],"product_cat":[213],"product_tag":[],"class_list":{"0":"post-1317999","1":"product","2":"type-product","3":"status-publish","5":"product_cat-tasty-green","6":"pa_bloemvruchtkleur-blau","7":"pa_location-halbschattig","8":"pa_location-sonnig","9":"pa_max-height-28","11":"first","12":"instock","13":"product-type-simple"},"acf":[],"_links":{"self":[{"href":"https:\/\/hoogeveenplants.nl\/de\/wp-json\/wp\/v2\/product\/1317999","targetHints":{"allow":["GET"]}}],"collection":[{"href":"https:\/\/hoogeveenplants.nl\/de\/wp-json\/wp\/v2\/product"}],"about":[{"href":"https:\/\/hoogeveenplants.nl\/de\/wp-json\/wp\/v2\/types\/product"}],"wp:attachment":[{"href":"https:\/\/hoogeveenplants.nl\/de\/wp-json\/wp\/v2\/media?parent=1317999"}],"wp:term":[{"taxonomy":"product_brand","embeddable":true,"href":"https:\/\/hoogeveenplants.nl\/de\/wp-json\/wp\/v2\/product_brand?post=1317999"},{"taxonomy":"product_cat","embeddable":true,"href":"https:\/\/hoogeveenplants.nl\/de\/wp-json\/wp\/v2\/product_cat?post=1317999"},{"taxonomy":"product_tag","embeddable":true,"href":"https:\/\/hoogeveenplants.nl\/de\/wp-json\/wp\/v2\/product_tag?post=1317999"}],"curies":[{"name":"wp","href":"https:\/\/api.w.org\/{rel}","templated":true}]}}