{"id":1317988,"date":"2026-04-11T03:36:38","date_gmt":"2026-04-11T02:36:38","guid":{"rendered":"https:\/\/hoogeveenplants.nl\/p\/mespilus-germanica-westerfield\/"},"modified":"2026-04-11T03:50:12","modified_gmt":"2026-04-11T02:50:12","slug":"mespilus-germanica-westerfield","status":"publish","type":"product","link":"https:\/\/hoogeveenplants.nl\/de\/p\/mespilus-germanica-westerfield\/","title":{"rendered":"Mespilus germanica &#8218;Westerfield&#8216;"},"content":{"rendered":"<p>Mespilus Germanica Westerfield&#8216; ist ein Ziermispelbaum. Der Baum bl\u00fcht von Mai bis Juni mit wei\u00dfen Bl\u00fcten und tr\u00e4gt im Herbst die charakteristischen braunen Fr\u00fcchte. Die auff\u00e4lligen Mispelfr\u00fcchte eignen sich besonders gut f\u00fcr den Bl\u00fctenschmuck und f\u00fcr die Verarbeitung zu Konfit\u00fcre, Marmelade und Gelee. Die Mispelfrucht enth\u00e4lt viel Vitamin C und ist gut f\u00fcr den Magen und die Verdauung. Die Fr\u00fcchte sind klein und von goldbrauner Farbe. Am besten pfl\u00fcckt man die Fr\u00fcchte nach dem Nachtfrost und lagert sie mit der Oberseite nach unten an einem k\u00fchlen Ort f\u00fcr zwei bis drei Wochen. Diese Lagerung wird als &#8222;Bletting&#8220; bezeichnet. Die Fr\u00fcchte werden sauer und sind erst dann genie\u00dfbar. Sie liebt einen sonnigen Standort und ist sehr robust.<\/p>\n","protected":false},"excerpt":{"rendered":"<p>Mespilus Germanica Westerfield&#8216; ist ein Ziermispelbaum. Der Baum bl\u00fcht von Mai bis Juni mit wei\u00dfen Bl\u00fcten und tr\u00e4gt im Herbst die charakteristischen braunen Fr\u00fcchte. Die auff\u00e4lligen Mispelfr\u00fcchte eignen sich besonders gut f\u00fcr den Bl\u00fctenschmuck und f\u00fcr die Verarbeitung zu Konfit\u00fcre, Marmelade und Gelee. Die Mispelfrucht enth\u00e4lt viel Vitamin C und ist gut f\u00fcr den Magen [&hellip;]<\/p>\n","protected":false},"featured_media":0,"template":"","meta":{"_acf_changed":false},"product_brand":[],"product_cat":[213],"product_tag":[],"class_list":{"0":"post-1317988","1":"product","2":"type-product","3":"status-publish","5":"product_cat-tasty-green","6":"pa_bloemvruchtkleur-braun","7":"pa_location-halbschattig","8":"pa_location-sonnig","9":"pa_max-height-56","11":"first","12":"instock","13":"product-type-simple"},"acf":[],"_links":{"self":[{"href":"https:\/\/hoogeveenplants.nl\/de\/wp-json\/wp\/v2\/product\/1317988","targetHints":{"allow":["GET"]}}],"collection":[{"href":"https:\/\/hoogeveenplants.nl\/de\/wp-json\/wp\/v2\/product"}],"about":[{"href":"https:\/\/hoogeveenplants.nl\/de\/wp-json\/wp\/v2\/types\/product"}],"wp:attachment":[{"href":"https:\/\/hoogeveenplants.nl\/de\/wp-json\/wp\/v2\/media?parent=1317988"}],"wp:term":[{"taxonomy":"product_brand","embeddable":true,"href":"https:\/\/hoogeveenplants.nl\/de\/wp-json\/wp\/v2\/product_brand?post=1317988"},{"taxonomy":"product_cat","embeddable":true,"href":"https:\/\/hoogeveenplants.nl\/de\/wp-json\/wp\/v2\/product_cat?post=1317988"},{"taxonomy":"product_tag","embeddable":true,"href":"https:\/\/hoogeveenplants.nl\/de\/wp-json\/wp\/v2\/product_tag?post=1317988"}],"curies":[{"name":"wp","href":"https:\/\/api.w.org\/{rel}","templated":true}]}}