{"id":1317987,"date":"2026-04-11T03:36:38","date_gmt":"2026-04-11T02:36:38","guid":{"rendered":"https:\/\/hoogeveenplants.nl\/p\/malus-domestica-rode-boskoop\/"},"modified":"2026-04-11T03:50:12","modified_gmt":"2026-04-11T02:50:12","slug":"malus-domestica-rode-boskoop","status":"publish","type":"product","link":"https:\/\/hoogeveenplants.nl\/de\/p\/malus-domestica-rode-boskoop\/","title":{"rendered":"Malus domestica &#8218;Rode Boskoop&#8216;"},"content":{"rendered":"<p>Leckeres gr\u00fcnes Obst aus 100% biologischem Anbau. Das bedeutet, dass beim Anbau nur pflanzliche und tierische Materialien verwendet wurden. Der Topf und das Etikett bestehen aus recyceltem Kunststoff und sind somit eine saubere L\u00f6sung f\u00fcr die Umwelt.<br \/>\nMalus domestica Rode Boskoop&#8216; ist ein Apfelbaum, der auch als &#8218;Goudreinet&#8216; oder &#8218;Schone van Boskoop&#8216; bekannt ist. Die Farbe des Apfels ist stumpf und variiert von gr\u00fcn-gelb bis bronzefarben, oft mit einer R\u00f6te. Er ist ein ziemlich fester Apfel mit einem frisch-s\u00e4uerlichen, leicht s\u00fc\u00dfen Geschmack. Wegen seiner trockenen und etwas rauen Schale ist er als Handapfel weniger beliebt. Da er jedoch seine Struktur und seinen Geschmack beim Kochen beibeh\u00e4lt, ist er einer der besten \u00c4pfel f\u00fcr Apfelkuchen oder Apfelmus. Der Apfelbaum bl\u00fcht im April mit kleinen wei\u00dfen Bl\u00fcten. Im September sind sie reif zum Pfl\u00fccken. Dieser Apfelbaum wird sp\u00e4ter zu einem richtigen Baum heranwachsen, also sorgen Sie daf\u00fcr, dass er genug Platz hat, um sich zu entwickeln. Alle Fr\u00fcchte, auch der Apfel, reifen am besten in der Sonne. Geben Sie diesem Obstbaum also einen sonnigen Platz im Garten. Der richtige Schnitt von Obstb\u00e4umen ist eine besondere Kunst, aber im Allgemeinen sollten 3 bis 5 Haupt\u00e4ste erhalten bleiben, an denen Seitenzweige mit Bl\u00fcten und Fr\u00fcchten wachsen k\u00f6nnen. Die \u00c4ste sollten sich m\u00f6glichst nicht \u00fcberkreuzen und der Baum sollte etwas offen bleiben. Nat\u00fcrlich wird der Baum in jedem Garten eine andere gew\u00fcnschte Gr\u00f6\u00dfe haben.<\/p>\n","protected":false},"excerpt":{"rendered":"<p>Leckeres gr\u00fcnes Obst aus 100% biologischem Anbau. Das bedeutet, dass beim Anbau nur pflanzliche und tierische Materialien verwendet wurden. Der Topf und das Etikett bestehen aus recyceltem Kunststoff und sind somit eine saubere L\u00f6sung f\u00fcr die Umwelt. Malus domestica Rode Boskoop&#8216; ist ein Apfelbaum, der auch als &#8218;Goudreinet&#8216; oder &#8218;Schone van Boskoop&#8216; bekannt ist. Die [&hellip;]<\/p>\n","protected":false},"featured_media":0,"template":"","meta":{"_acf_changed":false},"product_brand":[],"product_cat":[213],"product_tag":[],"class_list":{"0":"post-1317987","1":"product","2":"type-product","3":"status-publish","5":"product_cat-tasty-green","6":"pa_bloemvruchtkleur-rot","7":"pa_location-halbschattig","8":"pa_location-sonnig","9":"pa_max-height-56","11":"first","12":"instock","13":"product-type-simple"},"acf":[],"_links":{"self":[{"href":"https:\/\/hoogeveenplants.nl\/de\/wp-json\/wp\/v2\/product\/1317987","targetHints":{"allow":["GET"]}}],"collection":[{"href":"https:\/\/hoogeveenplants.nl\/de\/wp-json\/wp\/v2\/product"}],"about":[{"href":"https:\/\/hoogeveenplants.nl\/de\/wp-json\/wp\/v2\/types\/product"}],"wp:attachment":[{"href":"https:\/\/hoogeveenplants.nl\/de\/wp-json\/wp\/v2\/media?parent=1317987"}],"wp:term":[{"taxonomy":"product_brand","embeddable":true,"href":"https:\/\/hoogeveenplants.nl\/de\/wp-json\/wp\/v2\/product_brand?post=1317987"},{"taxonomy":"product_cat","embeddable":true,"href":"https:\/\/hoogeveenplants.nl\/de\/wp-json\/wp\/v2\/product_cat?post=1317987"},{"taxonomy":"product_tag","embeddable":true,"href":"https:\/\/hoogeveenplants.nl\/de\/wp-json\/wp\/v2\/product_tag?post=1317987"}],"curies":[{"name":"wp","href":"https:\/\/api.w.org\/{rel}","templated":true}]}}