{"id":1317986,"date":"2026-04-11T03:36:37","date_gmt":"2026-04-11T02:36:37","guid":{"rendered":"https:\/\/hoogeveenplants.nl\/p\/malus-domestica-jonagold\/"},"modified":"2026-04-11T03:50:11","modified_gmt":"2026-04-11T02:50:11","slug":"malus-domestica-jonagold","status":"publish","type":"product","link":"https:\/\/hoogeveenplants.nl\/de\/p\/malus-domestica-jonagold\/","title":{"rendered":"Malus domestica &#8218;Jonagold&#8216;"},"content":{"rendered":"<p>Leckeres gr\u00fcnes Obst aus 100% biologischem Anbau. Das bedeutet, dass beim Anbau nur pflanzliche und tierische Materialien verwendet wurden. Der Topf und das Etikett bestehen aus recyceltem Kunststoff und sind somit eine saubere L\u00f6sung f\u00fcr die Umwelt.<br \/>\nMalus Domestica Jonagold&#8216; ist eine sehr bekannte Apfelsorte. Lassen Sie dem Baum viel Platz zum Wachsen. Er bl\u00fcht im April und Mai mit wei\u00df-rosa Bl\u00fcten, aus denen sich schmackhafte \u00c4pfel entwickeln. Die Frucht ist gro\u00df, rot-gelb und hat ein gelb-wei\u00dfes, saftiges Fruchtfleisch. Der Geschmack ist etwas s\u00fc\u00df und leicht s\u00e4uerlich. \u00c4pfel enthalten viele Ballaststoffe, Vitamine und Antioxidantien. Sie ist auch die am h\u00e4ufigsten gegessene Frucht in den Niederlanden. \u00c4pfel k\u00f6nnen von Ende September bis Anfang Oktober geerntet werden. Sie bevorzugt einen sonnigen, gesch\u00fctzten Standort und vorzugsweise in der N\u00e4he einer anderen Apfelsorte zur Best\u00e4ubung. In den ersten zwei bis drei Jahren ist es sinnvoll, den Baum mit Pf\u00e4hlen zu st\u00fctzen. Dadurch wird verhindert, dass der Baum schief geweht wird und die neu gebildeten Wurzeln abrei\u00dfen. Achten Sie auf eine ausreichende Wasserversorgung, vor allem im ersten Jahr. Das richtige Beschneiden von Apfelb\u00e4umen ist recht schwierig, in der Regel sollten 3 bis 5 Haupt\u00e4ste erhalten bleiben, an denen Seitenzweige wachsen k\u00f6nnen.<\/p>\n","protected":false},"excerpt":{"rendered":"<p>Leckeres gr\u00fcnes Obst aus 100% biologischem Anbau. Das bedeutet, dass beim Anbau nur pflanzliche und tierische Materialien verwendet wurden. Der Topf und das Etikett bestehen aus recyceltem Kunststoff und sind somit eine saubere L\u00f6sung f\u00fcr die Umwelt. Malus Domestica Jonagold&#8216; ist eine sehr bekannte Apfelsorte. Lassen Sie dem Baum viel Platz zum Wachsen. Er bl\u00fcht [&hellip;]<\/p>\n","protected":false},"featured_media":0,"template":"","meta":{"_acf_changed":false},"product_brand":[],"product_cat":[213],"product_tag":[],"class_list":{"0":"post-1317986","1":"product","2":"type-product","3":"status-publish","5":"product_cat-tasty-green","6":"pa_bloemvruchtkleur-rot","7":"pa_location-halbschattig","8":"pa_location-sonnig","9":"pa_max-height-56","11":"first","12":"instock","13":"product-type-simple"},"acf":[],"_links":{"self":[{"href":"https:\/\/hoogeveenplants.nl\/de\/wp-json\/wp\/v2\/product\/1317986","targetHints":{"allow":["GET"]}}],"collection":[{"href":"https:\/\/hoogeveenplants.nl\/de\/wp-json\/wp\/v2\/product"}],"about":[{"href":"https:\/\/hoogeveenplants.nl\/de\/wp-json\/wp\/v2\/types\/product"}],"wp:attachment":[{"href":"https:\/\/hoogeveenplants.nl\/de\/wp-json\/wp\/v2\/media?parent=1317986"}],"wp:term":[{"taxonomy":"product_brand","embeddable":true,"href":"https:\/\/hoogeveenplants.nl\/de\/wp-json\/wp\/v2\/product_brand?post=1317986"},{"taxonomy":"product_cat","embeddable":true,"href":"https:\/\/hoogeveenplants.nl\/de\/wp-json\/wp\/v2\/product_cat?post=1317986"},{"taxonomy":"product_tag","embeddable":true,"href":"https:\/\/hoogeveenplants.nl\/de\/wp-json\/wp\/v2\/product_tag?post=1317986"}],"curies":[{"name":"wp","href":"https:\/\/api.w.org\/{rel}","templated":true}]}}