{"id":1317983,"date":"2026-04-11T03:36:35","date_gmt":"2026-04-11T02:36:35","guid":{"rendered":"https:\/\/hoogeveenplants.nl\/p\/punica-granatum\/"},"modified":"2026-04-11T03:50:11","modified_gmt":"2026-04-11T02:50:11","slug":"punica-granatum","status":"publish","type":"product","link":"https:\/\/hoogeveenplants.nl\/de\/p\/punica-granatum\/","title":{"rendered":"Punica granatum"},"content":{"rendered":"<p>Punica Granatum&#8216; ist ein Granatapfelbaum, der von einem Strauch zu einem kleinen Baum mit einer runden Krone heranw\u00e4chst. Die Bl\u00e4tter sind gl\u00e4nzend und l\u00e4nglich und die Zweige haben Dornen. Die \u00fcppige Bl\u00fcte h\u00e4lt den ganzen Sommer \u00fcber an und schm\u00fcckt den Strauch mit wundersch\u00f6nen orange-roten Bl\u00fcten. Sp\u00e4ter folgen fast runde, orange-rote, essbare Fr\u00fcchte. Nur die Samen der Frucht sind essbar und befinden sich in Kammern im Fruchtfleisch. Die Kerne sind saftig und voller Vitamine. Wenn eine reife Frucht auf den Boden f\u00e4llt und sich \u00f6ffnet, springen die Samen in alle Richtungen, daher der Name Granatapfel. Im Sommer steht sie gerne an einem gesch\u00fctzten und sonnigen Platz. Im Winter ist es ratsam, diese Pflanze wegen ihrer begrenzten Winterh\u00e4rte ins Haus zu holen. In voller Erde ist der Granatapfel sehr trockenheitsresistent. In einem Topf muss sie w\u00e4hrend der Wachstumsperiode regelm\u00e4\u00dfig gegossen werden.<\/p>\n","protected":false},"excerpt":{"rendered":"<p>Punica Granatum&#8216; ist ein Granatapfelbaum, der von einem Strauch zu einem kleinen Baum mit einer runden Krone heranw\u00e4chst. Die Bl\u00e4tter sind gl\u00e4nzend und l\u00e4nglich und die Zweige haben Dornen. Die \u00fcppige Bl\u00fcte h\u00e4lt den ganzen Sommer \u00fcber an und schm\u00fcckt den Strauch mit wundersch\u00f6nen orange-roten Bl\u00fcten. Sp\u00e4ter folgen fast runde, orange-rote, essbare Fr\u00fcchte. Nur die [&hellip;]<\/p>\n","protected":false},"featured_media":0,"template":"","meta":{"_acf_changed":false},"product_brand":[],"product_cat":[212],"product_tag":[],"class_list":{"0":"post-1317983","1":"product","2":"type-product","3":"status-publish","5":"product_cat-100-fruit","6":"pa_bloemvruchtkleur-orange","7":"pa_location-halbschattig","8":"pa_location-sonnig","9":"pa_max-height-28","11":"first","12":"instock","13":"product-type-simple"},"acf":[],"_links":{"self":[{"href":"https:\/\/hoogeveenplants.nl\/de\/wp-json\/wp\/v2\/product\/1317983","targetHints":{"allow":["GET"]}}],"collection":[{"href":"https:\/\/hoogeveenplants.nl\/de\/wp-json\/wp\/v2\/product"}],"about":[{"href":"https:\/\/hoogeveenplants.nl\/de\/wp-json\/wp\/v2\/types\/product"}],"wp:attachment":[{"href":"https:\/\/hoogeveenplants.nl\/de\/wp-json\/wp\/v2\/media?parent=1317983"}],"wp:term":[{"taxonomy":"product_brand","embeddable":true,"href":"https:\/\/hoogeveenplants.nl\/de\/wp-json\/wp\/v2\/product_brand?post=1317983"},{"taxonomy":"product_cat","embeddable":true,"href":"https:\/\/hoogeveenplants.nl\/de\/wp-json\/wp\/v2\/product_cat?post=1317983"},{"taxonomy":"product_tag","embeddable":true,"href":"https:\/\/hoogeveenplants.nl\/de\/wp-json\/wp\/v2\/product_tag?post=1317983"}],"curies":[{"name":"wp","href":"https:\/\/api.w.org\/{rel}","templated":true}]}}