{"id":1317974,"date":"2026-04-11T03:36:29","date_gmt":"2026-04-11T02:36:29","guid":{"rendered":"https:\/\/hoogeveenplants.nl\/p\/malus-domestica-gala\/"},"modified":"2026-04-11T03:50:08","modified_gmt":"2026-04-11T02:50:08","slug":"malus-domestica-gala","status":"publish","type":"product","link":"https:\/\/hoogeveenplants.nl\/de\/p\/malus-domestica-gala\/","title":{"rendered":"Malus domestica &#8218;Gala&#8216;"},"content":{"rendered":"<p>Leckeres gr\u00fcnes Obst aus 100% biologischem Anbau. Das bedeutet, dass beim Anbau nur pflanzliche und tierische Materialien verwendet wurden. Der Topf und das Etikett bestehen aus recyceltem Kunststoff und sind somit eine saubere L\u00f6sung f\u00fcr die Umwelt.<br \/>\nMalus Domestica Gala&#8216; ist ein Apfelbaum mit saftigen, s\u00fc\u00dfen Fr\u00fcchten. Der geringe S\u00e4uregehalt des Apfels macht ihn auch f\u00fcr Kinder schmackhaft. Die \u00c4pfel k\u00f6nnen von Ende September bis Anfang Oktober gepfl\u00fcckt werden und halten sich recht gut. Der Baum bevorzugt einen sonnigen und gesch\u00fctzten Standort, vorzugsweise in der N\u00e4he einer anderen Apfelsorte zur Best\u00e4ubung. In den ersten zwei bis drei Jahren ist es sinnvoll, den Baum mit Pf\u00e4hlen zu st\u00fctzen. Dadurch wird verhindert, dass der Baum schief geweht wird und die neu gebildeten Wurzeln abrei\u00dfen. Achten Sie auch darauf, dass gen\u00fcgend Wasser vorhanden ist, vor allem im ersten Jahr. Der richtige Schnitt von Obstb\u00e4umen ist eine Spezialit\u00e4t, aber im Allgemeinen sollten 3 bis 5 Haupt\u00e4ste erhalten bleiben, an denen Seitenzweige mit Bl\u00fcten und Fr\u00fcchten wachsen k\u00f6nnen. Die \u00c4ste sollten sich m\u00f6glichst nicht \u00fcberkreuzen und der Baum sollte etwas offen bleiben. Nat\u00fcrlich wird der Baum in jedem Garten eine andere Wunschgr\u00f6\u00dfe haben.<\/p>\n","protected":false},"excerpt":{"rendered":"<p>Leckeres gr\u00fcnes Obst aus 100% biologischem Anbau. Das bedeutet, dass beim Anbau nur pflanzliche und tierische Materialien verwendet wurden. Der Topf und das Etikett bestehen aus recyceltem Kunststoff und sind somit eine saubere L\u00f6sung f\u00fcr die Umwelt. Malus Domestica Gala&#8216; ist ein Apfelbaum mit saftigen, s\u00fc\u00dfen Fr\u00fcchten. Der geringe S\u00e4uregehalt des Apfels macht ihn auch [&hellip;]<\/p>\n","protected":false},"featured_media":0,"template":"","meta":{"_acf_changed":false},"product_brand":[],"product_cat":[213],"product_tag":[],"class_list":{"0":"post-1317974","1":"product","2":"type-product","3":"status-publish","5":"product_cat-tasty-green","6":"pa_bloemvruchtkleur-rot","7":"pa_location-halbschattig","8":"pa_location-sonnig","9":"pa_max-height-56","11":"first","12":"instock","13":"product-type-simple"},"acf":[],"_links":{"self":[{"href":"https:\/\/hoogeveenplants.nl\/de\/wp-json\/wp\/v2\/product\/1317974","targetHints":{"allow":["GET"]}}],"collection":[{"href":"https:\/\/hoogeveenplants.nl\/de\/wp-json\/wp\/v2\/product"}],"about":[{"href":"https:\/\/hoogeveenplants.nl\/de\/wp-json\/wp\/v2\/types\/product"}],"wp:attachment":[{"href":"https:\/\/hoogeveenplants.nl\/de\/wp-json\/wp\/v2\/media?parent=1317974"}],"wp:term":[{"taxonomy":"product_brand","embeddable":true,"href":"https:\/\/hoogeveenplants.nl\/de\/wp-json\/wp\/v2\/product_brand?post=1317974"},{"taxonomy":"product_cat","embeddable":true,"href":"https:\/\/hoogeveenplants.nl\/de\/wp-json\/wp\/v2\/product_cat?post=1317974"},{"taxonomy":"product_tag","embeddable":true,"href":"https:\/\/hoogeveenplants.nl\/de\/wp-json\/wp\/v2\/product_tag?post=1317974"}],"curies":[{"name":"wp","href":"https:\/\/api.w.org\/{rel}","templated":true}]}}