{"id":1317971,"date":"2026-04-11T03:36:28","date_gmt":"2026-04-11T02:36:28","guid":{"rendered":"https:\/\/hoogeveenplants.nl\/p\/cydonia-oblonga-leskovacks\/"},"modified":"2026-04-11T03:50:08","modified_gmt":"2026-04-11T02:50:08","slug":"cydonia-oblonga-leskovacks","status":"publish","type":"product","link":"https:\/\/hoogeveenplants.nl\/de\/p\/cydonia-oblonga-leskovacks\/","title":{"rendered":"Cydonia\u00a0oblonga &#8218;Leskovacks&#8216;"},"content":{"rendered":"<p>Leckeres gr\u00fcnes Obst aus 100% biologischem Anbau. Das bedeutet, dass beim Anbau nur pflanzliche und tierische Materialien verwendet wurden. Der Topf und das Etikett bestehen aus recyceltem Kunststoff und sind somit eine saubere L\u00f6sung f\u00fcr die Umwelt.<br \/>\nCydonia Oblonga Leskovacks&#8216; ist eine Quitte, die zu einem kleinen Baum mit einer auff\u00e4lligen Bl\u00fcte heranw\u00e4chst. Die Quitte ist eine Frucht, die wie eine Kreuzung aus Apfel und Birne aussieht. Er ist oft etwas klumpig und hat eine unregelm\u00e4\u00dfige Form. Die Quitte hat eine gelbe Schale und ist innen wei\u00df. Quitten sind roh nicht schmackhaft, weil ihr Fruchtfleisch hart und sauer ist. Die Quitte wird daher zu Kompott, Marmelade, Gelee, Fruchtsaft oder Tee verarbeitet. Die Quitte ist mit der Rose verwandt, daher duften die Fr\u00fcchte sehr aromatisch. Der Baum bl\u00fcht im Mai und Juni mit hellrosa Bl\u00fcten und die Fr\u00fcchte k\u00f6nnen im September und Oktober geerntet werden. Die Bl\u00e4tter sind oval und haben eine olivgr\u00fcne Farbe. Im Herbst verf\u00e4rbt sich das Laub auffallend gelb. Der beste Boden f\u00fcr die Quitte ist feucht und braucht ausreichend Sonne, um gut zu wachsen.<\/p>\n","protected":false},"excerpt":{"rendered":"<p>Leckeres gr\u00fcnes Obst aus 100% biologischem Anbau. Das bedeutet, dass beim Anbau nur pflanzliche und tierische Materialien verwendet wurden. Der Topf und das Etikett bestehen aus recyceltem Kunststoff und sind somit eine saubere L\u00f6sung f\u00fcr die Umwelt. Cydonia Oblonga Leskovacks&#8216; ist eine Quitte, die zu einem kleinen Baum mit einer auff\u00e4lligen Bl\u00fcte heranw\u00e4chst. Die Quitte [&hellip;]<\/p>\n","protected":false},"featured_media":0,"template":"","meta":{"_acf_changed":false},"product_brand":[],"product_cat":[213],"product_tag":[],"class_list":{"0":"post-1317971","1":"product","2":"type-product","3":"status-publish","5":"product_cat-tasty-green","6":"pa_bloemvruchtkleur-gelb","7":"pa_location-halbschattig","8":"pa_location-sonnig","9":"pa_max-height-56","11":"first","12":"instock","13":"product-type-simple"},"acf":[],"_links":{"self":[{"href":"https:\/\/hoogeveenplants.nl\/de\/wp-json\/wp\/v2\/product\/1317971","targetHints":{"allow":["GET"]}}],"collection":[{"href":"https:\/\/hoogeveenplants.nl\/de\/wp-json\/wp\/v2\/product"}],"about":[{"href":"https:\/\/hoogeveenplants.nl\/de\/wp-json\/wp\/v2\/types\/product"}],"wp:attachment":[{"href":"https:\/\/hoogeveenplants.nl\/de\/wp-json\/wp\/v2\/media?parent=1317971"}],"wp:term":[{"taxonomy":"product_brand","embeddable":true,"href":"https:\/\/hoogeveenplants.nl\/de\/wp-json\/wp\/v2\/product_brand?post=1317971"},{"taxonomy":"product_cat","embeddable":true,"href":"https:\/\/hoogeveenplants.nl\/de\/wp-json\/wp\/v2\/product_cat?post=1317971"},{"taxonomy":"product_tag","embeddable":true,"href":"https:\/\/hoogeveenplants.nl\/de\/wp-json\/wp\/v2\/product_tag?post=1317971"}],"curies":[{"name":"wp","href":"https:\/\/api.w.org\/{rel}","templated":true}]}}