{"id":1317952,"date":"2026-04-11T03:36:17","date_gmt":"2026-04-11T02:36:17","guid":{"rendered":"https:\/\/hoogeveenplants.nl\/p\/morus-rotundiloba-mojoberry\/"},"modified":"2026-04-11T03:50:04","modified_gmt":"2026-04-11T02:50:04","slug":"morus-rotundiloba-mojoberry","status":"publish","type":"product","link":"https:\/\/hoogeveenplants.nl\/de\/p\/morus-rotundiloba-mojoberry\/","title":{"rendered":"Morus rotundiloba &#8218;Mojoberry&#8216;"},"content":{"rendered":"<p>Morus Mojoberry&#8216; ist eine neue Maulbeersorte, die sowohl am alten als auch am neuen Holz Fr\u00fcchte tr\u00e4gt. Sie k\u00f6nnen daher bereits im ersten Jahr nach der Anpflanzung mit einer Ernte rechnen, im Gegensatz zu den \u00fcblichen f\u00fcnf bis sechs Jahren, die es bei den meisten anderen Maulbeerb\u00e4umen dauert. Diese kompakte Zwergsorte wird nur 1,5 m hoch, was im Vergleich zu anderen Maulbeeren, die 6 bis 8 m hoch werden k\u00f6nnen, relativ klein ist. Dadurch ist er auch f\u00fcr kleinere G\u00e4rten geeignet. Sie tr\u00e4gt von Mai bis September \u00fcber einen sehr langen Zeitraum Beeren. Die Fr\u00fcchte eignen sich gut zur Herstellung von Marmelade, Kuchen oder anderen Gerichten. Die Fr\u00fcchte sind himbeer\u00e4hnlich, r\u00f6tlich-schwarz gef\u00e4rbt und schmecken leicht s\u00fc\u00df und aromatisch. Sie sind sehr gesund und enthalten viele Ballaststoffe, Vitamine und Antioxidantien. Die Maulbeere bevorzugt einen sonnigen, warmen und gesch\u00fctzten Standort. Sie kann bei Bedarf im Fr\u00fchjahr beschnitten werden. Sehen Sie sich den Baum an, nehmen Sie die kleinen unteren \u00c4ste heraus und entfernen Sie gro\u00dfe \u00c4ste, die die Form des Baumes beeintr\u00e4chtigen w\u00fcrden. Halten Sie die Krone offen, damit Licht hineinfallen kann. Der Baum sieht in einem gro\u00dfen Topf auf der Terrasse gut aus, kann aber genauso gut in den Garten gestellt werden. Die Maulbeere ist bis -10 \u00baC winterhart.<\/p>\n","protected":false},"excerpt":{"rendered":"<p>Morus Mojoberry&#8216; ist eine neue Maulbeersorte, die sowohl am alten als auch am neuen Holz Fr\u00fcchte tr\u00e4gt. Sie k\u00f6nnen daher bereits im ersten Jahr nach der Anpflanzung mit einer Ernte rechnen, im Gegensatz zu den \u00fcblichen f\u00fcnf bis sechs Jahren, die es bei den meisten anderen Maulbeerb\u00e4umen dauert. Diese kompakte Zwergsorte wird nur 1,5 m [&hellip;]<\/p>\n","protected":false},"featured_media":0,"template":"","meta":{"_acf_changed":false},"product_brand":[],"product_cat":[212],"product_tag":[],"class_list":{"0":"post-1317952","1":"product","2":"type-product","3":"status-publish","5":"product_cat-100-fruit","6":"pa_bloemvruchtkleur-schwarz","7":"pa_location-halbschattig","8":"pa_location-sonnig","9":"pa_max-height-17","11":"first","12":"instock","13":"product-type-simple"},"acf":[],"_links":{"self":[{"href":"https:\/\/hoogeveenplants.nl\/de\/wp-json\/wp\/v2\/product\/1317952","targetHints":{"allow":["GET"]}}],"collection":[{"href":"https:\/\/hoogeveenplants.nl\/de\/wp-json\/wp\/v2\/product"}],"about":[{"href":"https:\/\/hoogeveenplants.nl\/de\/wp-json\/wp\/v2\/types\/product"}],"wp:attachment":[{"href":"https:\/\/hoogeveenplants.nl\/de\/wp-json\/wp\/v2\/media?parent=1317952"}],"wp:term":[{"taxonomy":"product_brand","embeddable":true,"href":"https:\/\/hoogeveenplants.nl\/de\/wp-json\/wp\/v2\/product_brand?post=1317952"},{"taxonomy":"product_cat","embeddable":true,"href":"https:\/\/hoogeveenplants.nl\/de\/wp-json\/wp\/v2\/product_cat?post=1317952"},{"taxonomy":"product_tag","embeddable":true,"href":"https:\/\/hoogeveenplants.nl\/de\/wp-json\/wp\/v2\/product_tag?post=1317952"}],"curies":[{"name":"wp","href":"https:\/\/api.w.org\/{rel}","templated":true}]}}