{"id":1317940,"date":"2026-04-11T03:36:11","date_gmt":"2026-04-11T02:36:11","guid":{"rendered":"https:\/\/hoogeveenplants.nl\/p\/lonicera-kamtschatica\/"},"modified":"2026-04-11T03:49:01","modified_gmt":"2026-04-11T02:49:01","slug":"lonicera-kamtschatica","status":"publish","type":"product","link":"https:\/\/hoogeveenplants.nl\/de\/p\/lonicera-kamtschatica\/","title":{"rendered":"Lonicera Kamtschatica"},"content":{"rendered":"<p>Lonicera Kamtschatica&#8216; ist eine blaue Gei\u00dfblattbeere, die \u00e4hnlich wie eine Heidelbeere schmeckt. Sie stammt urspr\u00fcnglich aus Nordostasien und Sibirien und ist in den Niederlanden noch relativ unbekannt. Der Strauch ist sehr winterhart und bl\u00fcht bereits im M\u00e4rz mit unauff\u00e4lligen gr\u00fcn-gelben Bl\u00fcten. Der Honigbeerenstrauch ist selbstbest\u00e4ubend, aber wenn mehrere Pflanzen zusammen gepflanzt werden, ergibt sich eine bessere Ernte. Hummeln sorgen f\u00fcr die Best\u00e4ubung und die Fr\u00fcchte k\u00f6nnen bereits Ende Mai oder Anfang Juni geerntet werden. Die Beeren sind dunkelblau und haben eine besondere l\u00e4ngliche Form. Wie der Name Honeybee schon sagt, ist der Geschmack herrlich s\u00fc\u00df und sie enthalten viele Vitamine. Sie enthalten viel Pektin, Vitamin B und C. Die Beeren eignen sich zur Verwendung in einem Gericht oder zum Verzehr frisch gepfl\u00fcckter Fr\u00fcchte. Die Pflanze wird maximal 150 cm hoch und muss daher kaum beschnitten werden. Die &#8218;Lonicera Kamtschatica&#8216; mag einen sonnigen bis halbschattigen Standort in einem durchl\u00e4ssigen, aber leicht feuchten Boden.<\/p>\n","protected":false},"excerpt":{"rendered":"<p>Lonicera Kamtschatica&#8216; ist eine blaue Gei\u00dfblattbeere, die \u00e4hnlich wie eine Heidelbeere schmeckt. Sie stammt urspr\u00fcnglich aus Nordostasien und Sibirien und ist in den Niederlanden noch relativ unbekannt. Der Strauch ist sehr winterhart und bl\u00fcht bereits im M\u00e4rz mit unauff\u00e4lligen gr\u00fcn-gelben Bl\u00fcten. Der Honigbeerenstrauch ist selbstbest\u00e4ubend, aber wenn mehrere Pflanzen zusammen gepflanzt werden, ergibt sich eine [&hellip;]<\/p>\n","protected":false},"featured_media":0,"template":"","meta":{"_acf_changed":false},"product_brand":[],"product_cat":[212],"product_tag":[],"class_list":{"0":"post-1317940","1":"product","2":"type-product","3":"status-publish","5":"product_cat-100-fruit","6":"pa_bloemvruchtkleur-blau","7":"pa_location-halbschattig","8":"pa_location-sonnig","9":"pa_max-height-28","11":"first","12":"instock","13":"product-type-simple"},"acf":[],"_links":{"self":[{"href":"https:\/\/hoogeveenplants.nl\/de\/wp-json\/wp\/v2\/product\/1317940","targetHints":{"allow":["GET"]}}],"collection":[{"href":"https:\/\/hoogeveenplants.nl\/de\/wp-json\/wp\/v2\/product"}],"about":[{"href":"https:\/\/hoogeveenplants.nl\/de\/wp-json\/wp\/v2\/types\/product"}],"wp:attachment":[{"href":"https:\/\/hoogeveenplants.nl\/de\/wp-json\/wp\/v2\/media?parent=1317940"}],"wp:term":[{"taxonomy":"product_brand","embeddable":true,"href":"https:\/\/hoogeveenplants.nl\/de\/wp-json\/wp\/v2\/product_brand?post=1317940"},{"taxonomy":"product_cat","embeddable":true,"href":"https:\/\/hoogeveenplants.nl\/de\/wp-json\/wp\/v2\/product_cat?post=1317940"},{"taxonomy":"product_tag","embeddable":true,"href":"https:\/\/hoogeveenplants.nl\/de\/wp-json\/wp\/v2\/product_tag?post=1317940"}],"curies":[{"name":"wp","href":"https:\/\/api.w.org\/{rel}","templated":true}]}}