{"id":1317934,"date":"2026-04-11T03:36:08","date_gmt":"2026-04-11T02:36:08","guid":{"rendered":"https:\/\/hoogeveenplants.nl\/p\/vitis-vinifera-frankenthaler\/"},"modified":"2026-04-11T03:48:59","modified_gmt":"2026-04-11T02:48:59","slug":"vitis-vinifera-frankenthaler","status":"publish","type":"product","link":"https:\/\/hoogeveenplants.nl\/de\/p\/vitis-vinifera-frankenthaler\/","title":{"rendered":"Vitis vinifera &#8218;Frankenthaler&#8216;"},"content":{"rendered":"<p>Vitis Frankenthaler&#8220; ist eine blaue Traube. Wegen der fr\u00fchen Bl\u00fctezeit und des hohen Sonnen- und W\u00e4rmebedarfs ist es besser, sie im Gew\u00e4chshaus anzubauen, um eine gute Ernte zu erzielen. Sie ist eine Kletterpflanze, die mehrere Meter hoch werden kann. Man kann ihn in alle m\u00f6glichen Formen bringen und ihn durch guten Schnitt sehr kompakt halten. Sie k\u00f6nnen die Traube einfach entlang einer Pergola oder an einer Wand mit Spanndr\u00e4hten f\u00fchren. Die Traube bildet im April-Mai zun\u00e4chst unscheinbare Bl\u00fctenb\u00fcschel aus, aus denen sich dann die Trauben bilden. Die Fr\u00fcchte sind rot-blau, s\u00fc\u00df, saftig und haben ein gutes Aroma. Man kann sie direkt essen oder zu Marmelade, Saft oder Wein verarbeiten. Die Traubenpflanze braucht viel Sonne, um zu reifen, und liebt die W\u00e4rme, so dass ein nach S\u00fcden ausgerichteter Standort ideal ist. Die Trauben k\u00f6nnen ab Mitte September geerntet werden. Der Boden sollte gut durchl\u00e4ssig und n\u00e4hrstoffreich sein und m\u00f6glichst nicht zu sauer, sondern eher kalkhaltig. Durch das Beschneiden wird der Fruchtertrag erh\u00f6ht und die Pflanze sieht auch gepflegter aus. Am besten ist es, die Pflanze zwischen November und Februar zu beschneiden, aber nicht bei strengem Frost. \u00dcberfl\u00fcssige Seiten- und Haupt\u00e4ste beschneiden. Diese Rebsorte ist widerstandsf\u00e4hig und kann Temperaturen von bis zu -20 Grad standhalten.<\/p>\n","protected":false},"excerpt":{"rendered":"<p>Vitis Frankenthaler&#8220; ist eine blaue Traube. Wegen der fr\u00fchen Bl\u00fctezeit und des hohen Sonnen- und W\u00e4rmebedarfs ist es besser, sie im Gew\u00e4chshaus anzubauen, um eine gute Ernte zu erzielen. Sie ist eine Kletterpflanze, die mehrere Meter hoch werden kann. Man kann ihn in alle m\u00f6glichen Formen bringen und ihn durch guten Schnitt sehr kompakt halten. [&hellip;]<\/p>\n","protected":false},"featured_media":0,"template":"","meta":{"_acf_changed":false},"product_brand":[],"product_cat":[212],"product_tag":[],"class_list":{"0":"post-1317934","1":"product","2":"type-product","3":"status-publish","5":"product_cat-100-fruit","6":"pa_bloemvruchtkleur-blau","7":"pa_location-halbschattig","8":"pa_location-sonnig","9":"pa_max-height-56","11":"first","12":"instock","13":"product-type-simple"},"acf":[],"_links":{"self":[{"href":"https:\/\/hoogeveenplants.nl\/de\/wp-json\/wp\/v2\/product\/1317934","targetHints":{"allow":["GET"]}}],"collection":[{"href":"https:\/\/hoogeveenplants.nl\/de\/wp-json\/wp\/v2\/product"}],"about":[{"href":"https:\/\/hoogeveenplants.nl\/de\/wp-json\/wp\/v2\/types\/product"}],"wp:attachment":[{"href":"https:\/\/hoogeveenplants.nl\/de\/wp-json\/wp\/v2\/media?parent=1317934"}],"wp:term":[{"taxonomy":"product_brand","embeddable":true,"href":"https:\/\/hoogeveenplants.nl\/de\/wp-json\/wp\/v2\/product_brand?post=1317934"},{"taxonomy":"product_cat","embeddable":true,"href":"https:\/\/hoogeveenplants.nl\/de\/wp-json\/wp\/v2\/product_cat?post=1317934"},{"taxonomy":"product_tag","embeddable":true,"href":"https:\/\/hoogeveenplants.nl\/de\/wp-json\/wp\/v2\/product_tag?post=1317934"}],"curies":[{"name":"wp","href":"https:\/\/api.w.org\/{rel}","templated":true}]}}