{"id":1317928,"date":"2026-04-11T03:36:06","date_gmt":"2026-04-11T02:36:06","guid":{"rendered":"https:\/\/hoogeveenplants.nl\/p\/ribes-nigrum-jostaberry\/"},"modified":"2026-04-11T03:48:57","modified_gmt":"2026-04-11T02:48:57","slug":"ribes-nigrum-jostaberry","status":"publish","type":"product","link":"https:\/\/hoogeveenplants.nl\/de\/p\/ribes-nigrum-jostaberry\/","title":{"rendered":"Ribes nigrum Jostaberry"},"content":{"rendered":"<p>Ribes Jostaberry&#8216; ist eine Kreuzung aus schwarzer Johannisbeere und Stachelbeere. Die Beeren sind etwas gr\u00f6\u00dfer als die der schwarzen Johannisbeere und schmecken noch besser, so dass dieser Strauch einen Platz in jedem Obstgarten verdient. Er ist ein dornenloser Strauch, der bis zu 2 Meter hoch werden kann. Die &#8218;Jostaberry&#8216; bl\u00fcht im Mai und Juni mit kleinen, unauff\u00e4lligen gr\u00fcn-gelben Bl\u00fcten. Die reifen Beeren sehen schwarz gl\u00e4nzend aus und schmecken wie s\u00fc\u00dfe schwarze Johannisbeeren. Die Beeren sind klein, etwa 1,5 cm gro\u00df und k\u00f6nnen zwischen Juli und August gepfl\u00fcckt werden. Am besten erntet man die &#8218;Jostaberry&#8216;, wenn sie voll ausgereift ist. Die Beeren h\u00e4ngen in kleinen Trauben von 3 bis 5 St\u00fcck. Auch V\u00f6gel lieben diese Beeren, also versuchen Sie, Ihren Strauch vor ihnen zu sch\u00fctzen! Der Strauch ist sehr winterhart, und in den ersten Jahren brauchen Sie ihn nicht zu beschneiden, sondern nur die abgestorbenen Zweige zu entfernen.<\/p>\n","protected":false},"excerpt":{"rendered":"<p>Ribes Jostaberry&#8216; ist eine Kreuzung aus schwarzer Johannisbeere und Stachelbeere. Die Beeren sind etwas gr\u00f6\u00dfer als die der schwarzen Johannisbeere und schmecken noch besser, so dass dieser Strauch einen Platz in jedem Obstgarten verdient. Er ist ein dornenloser Strauch, der bis zu 2 Meter hoch werden kann. Die &#8218;Jostaberry&#8216; bl\u00fcht im Mai und Juni mit [&hellip;]<\/p>\n","protected":false},"featured_media":0,"template":"","meta":{"_acf_changed":false},"product_brand":[],"product_cat":[212],"product_tag":[],"class_list":{"0":"post-1317928","1":"product","2":"type-product","3":"status-publish","5":"product_cat-100-fruit","6":"pa_bloemvruchtkleur-schwarz","7":"pa_location-halbschattig","8":"pa_location-sonnig","9":"pa_max-height-17","11":"first","12":"instock","13":"product-type-simple"},"acf":[],"_links":{"self":[{"href":"https:\/\/hoogeveenplants.nl\/de\/wp-json\/wp\/v2\/product\/1317928","targetHints":{"allow":["GET"]}}],"collection":[{"href":"https:\/\/hoogeveenplants.nl\/de\/wp-json\/wp\/v2\/product"}],"about":[{"href":"https:\/\/hoogeveenplants.nl\/de\/wp-json\/wp\/v2\/types\/product"}],"wp:attachment":[{"href":"https:\/\/hoogeveenplants.nl\/de\/wp-json\/wp\/v2\/media?parent=1317928"}],"wp:term":[{"taxonomy":"product_brand","embeddable":true,"href":"https:\/\/hoogeveenplants.nl\/de\/wp-json\/wp\/v2\/product_brand?post=1317928"},{"taxonomy":"product_cat","embeddable":true,"href":"https:\/\/hoogeveenplants.nl\/de\/wp-json\/wp\/v2\/product_cat?post=1317928"},{"taxonomy":"product_tag","embeddable":true,"href":"https:\/\/hoogeveenplants.nl\/de\/wp-json\/wp\/v2\/product_tag?post=1317928"}],"curies":[{"name":"wp","href":"https:\/\/api.w.org\/{rel}","templated":true}]}}