{"id":1317920,"date":"2026-04-11T03:36:03","date_gmt":"2026-04-11T02:36:03","guid":{"rendered":"https:\/\/hoogeveenplants.nl\/p\/vaccinium-corymbosum-patriot\/"},"modified":"2026-04-11T03:48:55","modified_gmt":"2026-04-11T02:48:55","slug":"vaccinium-corymbosum-patriot","status":"publish","type":"product","link":"https:\/\/hoogeveenplants.nl\/de\/p\/vaccinium-corymbosum-patriot\/","title":{"rendered":"Vaccinium corymbosum &#8218;Patriot&#8216;"},"content":{"rendered":"<p>Vaccinium Corymbosum Patriot&#8216; ist auch als Heidelbeere oder Amerikanische Blaubeere bekannt. Er ist ein kr\u00e4ftig wachsender Strauch, der wenig Pflege ben\u00f6tigt. Sie produziert gro\u00dfe, dunkelblaue Beeren mit einem frischen, s\u00fc\u00dfen Geschmack. Die Pflanze bevorzugt einen sonnigen Standort und ben\u00f6tigt zum Wachsen einen sauren Boden. Andernfalls wird die Pflanze kaum Fr\u00fcchte tragen und kann sogar absterben. Die Heidelbeere bl\u00fcht im Mai mit wei\u00df-rosa Bl\u00fcten, aus denen sich Beeren entwickeln. Der Beginn der Erntezeit ist im Juli. Im Herbst verf\u00e4rben sich die Bl\u00e4tter in ein sch\u00f6nes Rot, danach verliert sie ihre Bl\u00e4tter. Die blauen Beeren enthalten Anthocyane, eine Substanz, die der Beere ihre blaue Farbe verleiht. Dieser Stoff hat eine gute Wirkung auf das Herz und die Blutgef\u00e4\u00dfe. Der Farbstoff kann unter anderem daf\u00fcr sorgen, dass Fettansammlungen in den Blutgef\u00e4\u00dfen reduziert werden, was die Durchblutung verbessert. Dar\u00fcber hinaus enthalten Heidelbeeren Antioxidantien. Diese spielen eine wichtige Rolle im Alterungsprozess. Antioxidantien haben eine entz\u00fcndungshemmende Wirkung, senken den Cholesterinspiegel und sch\u00fctzen vor verschiedenen Krankheiten, wie z. B. Krebs. Kurzum, eine supergesunde Beere, die jeder in seinem Garten haben m\u00f6chte!<\/p>\n","protected":false},"excerpt":{"rendered":"<p>Vaccinium Corymbosum Patriot&#8216; ist auch als Heidelbeere oder Amerikanische Blaubeere bekannt. Er ist ein kr\u00e4ftig wachsender Strauch, der wenig Pflege ben\u00f6tigt. Sie produziert gro\u00dfe, dunkelblaue Beeren mit einem frischen, s\u00fc\u00dfen Geschmack. Die Pflanze bevorzugt einen sonnigen Standort und ben\u00f6tigt zum Wachsen einen sauren Boden. Andernfalls wird die Pflanze kaum Fr\u00fcchte tragen und kann sogar absterben. [&hellip;]<\/p>\n","protected":false},"featured_media":0,"template":"","meta":{"_acf_changed":false},"product_brand":[],"product_cat":[212],"product_tag":[],"class_list":{"0":"post-1317920","1":"product","2":"type-product","3":"status-publish","5":"product_cat-100-fruit","6":"pa_bloemvruchtkleur-blau","7":"pa_location-halbschattig","8":"pa_location-sonnig","9":"pa_max-height-17","11":"first","12":"instock","13":"product-type-simple"},"acf":[],"_links":{"self":[{"href":"https:\/\/hoogeveenplants.nl\/de\/wp-json\/wp\/v2\/product\/1317920","targetHints":{"allow":["GET"]}}],"collection":[{"href":"https:\/\/hoogeveenplants.nl\/de\/wp-json\/wp\/v2\/product"}],"about":[{"href":"https:\/\/hoogeveenplants.nl\/de\/wp-json\/wp\/v2\/types\/product"}],"wp:attachment":[{"href":"https:\/\/hoogeveenplants.nl\/de\/wp-json\/wp\/v2\/media?parent=1317920"}],"wp:term":[{"taxonomy":"product_brand","embeddable":true,"href":"https:\/\/hoogeveenplants.nl\/de\/wp-json\/wp\/v2\/product_brand?post=1317920"},{"taxonomy":"product_cat","embeddable":true,"href":"https:\/\/hoogeveenplants.nl\/de\/wp-json\/wp\/v2\/product_cat?post=1317920"},{"taxonomy":"product_tag","embeddable":true,"href":"https:\/\/hoogeveenplants.nl\/de\/wp-json\/wp\/v2\/product_tag?post=1317920"}],"curies":[{"name":"wp","href":"https:\/\/api.w.org\/{rel}","templated":true}]}}