{"id":1317919,"date":"2026-04-11T03:36:03","date_gmt":"2026-04-11T02:36:03","guid":{"rendered":"https:\/\/hoogeveenplants.nl\/p\/vaccinium-macrocarpon-early-black\/"},"modified":"2026-04-11T03:48:55","modified_gmt":"2026-04-11T02:48:55","slug":"vaccinium-macrocarpon-early-black","status":"publish","type":"product","link":"https:\/\/hoogeveenplants.nl\/de\/p\/vaccinium-macrocarpon-early-black\/","title":{"rendered":"Vaccinium macrocarpon &#8218;Early Black&#8216;"},"content":{"rendered":"<p>Vaccinium Macrocarpon Early Black&#8216; ist ein Preiselbeerstrauch. Diese Preiselbeere ist eine bodenbedeckende, niedrig wachsende Fruchtart mit d\u00fcnnen Zweigen und feinen Bl\u00e4ttern, die auch im Winter gr\u00fcn bleiben. Sie w\u00e4chst am besten an einem sonnigen Standort, aber auch Halbschatten ist m\u00f6glich. Die Pflanze ben\u00f6tigt einen feuchten Boden, da sie keine Trockenheit vertr\u00e4gt. Im Juni und Juli erscheinen die rosa Bl\u00fcten in B\u00fcscheln am Ende der Zweige. Die Beeren k\u00f6nnen ab Ende August gepfl\u00fcckt werden. Die ovalen, harten Beeren sind zun\u00e4chst hellgelb und nehmen dann eine rote Farbe an. Sie schmecken frisch und sauer und werden daher am besten f\u00fcr S\u00e4fte, P\u00fcree und Konfit\u00fcren verwendet. Die roten Cranberries sind reich an Vitamin C und Antioxidantien und k\u00f6nnen einige Infektionen wie Blasen- und Harnwegsinfektionen verhindern. Die Pflanze ben\u00f6tigt wenig R\u00fcckschnitt. Ein guter R\u00fcckschnitt alle vier Jahre ist ausreichend. Dies f\u00f6rdert das Wachstum und die Beerenproduktion. Die Moosbeere verdankt ihren Namen dem gebogenen Stiel der Bl\u00fcte, der an den Hals eines Kranichs erinnert. Der Name Cranberry wurde sp\u00e4ter zu Preiselbeere.<\/p>\n","protected":false},"excerpt":{"rendered":"<p>Vaccinium Macrocarpon Early Black&#8216; ist ein Preiselbeerstrauch. Diese Preiselbeere ist eine bodenbedeckende, niedrig wachsende Fruchtart mit d\u00fcnnen Zweigen und feinen Bl\u00e4ttern, die auch im Winter gr\u00fcn bleiben. Sie w\u00e4chst am besten an einem sonnigen Standort, aber auch Halbschatten ist m\u00f6glich. Die Pflanze ben\u00f6tigt einen feuchten Boden, da sie keine Trockenheit vertr\u00e4gt. Im Juni und Juli [&hellip;]<\/p>\n","protected":false},"featured_media":0,"template":"","meta":{"_acf_changed":false},"product_brand":[],"product_cat":[212],"product_tag":[],"class_list":{"0":"post-1317919","1":"product","2":"type-product","3":"status-publish","5":"product_cat-100-fruit","6":"pa_bloemvruchtkleur-rot","7":"pa_location-halbschattig","8":"pa_location-sonnig","9":"pa_max-height-86","11":"first","12":"instock","13":"product-type-simple"},"acf":[],"_links":{"self":[{"href":"https:\/\/hoogeveenplants.nl\/de\/wp-json\/wp\/v2\/product\/1317919","targetHints":{"allow":["GET"]}}],"collection":[{"href":"https:\/\/hoogeveenplants.nl\/de\/wp-json\/wp\/v2\/product"}],"about":[{"href":"https:\/\/hoogeveenplants.nl\/de\/wp-json\/wp\/v2\/types\/product"}],"wp:attachment":[{"href":"https:\/\/hoogeveenplants.nl\/de\/wp-json\/wp\/v2\/media?parent=1317919"}],"wp:term":[{"taxonomy":"product_brand","embeddable":true,"href":"https:\/\/hoogeveenplants.nl\/de\/wp-json\/wp\/v2\/product_brand?post=1317919"},{"taxonomy":"product_cat","embeddable":true,"href":"https:\/\/hoogeveenplants.nl\/de\/wp-json\/wp\/v2\/product_cat?post=1317919"},{"taxonomy":"product_tag","embeddable":true,"href":"https:\/\/hoogeveenplants.nl\/de\/wp-json\/wp\/v2\/product_tag?post=1317919"}],"curies":[{"name":"wp","href":"https:\/\/api.w.org\/{rel}","templated":true}]}}