{"id":1317917,"date":"2026-04-11T03:36:02","date_gmt":"2026-04-11T02:36:02","guid":{"rendered":"https:\/\/hoogeveenplants.nl\/p\/vaccinium-corymbosum-goldtraube-71\/"},"modified":"2026-04-11T03:48:54","modified_gmt":"2026-04-11T02:48:54","slug":"vaccinium-corymbosum-goldtraube-71","status":"publish","type":"product","link":"https:\/\/hoogeveenplants.nl\/de\/p\/vaccinium-corymbosum-goldtraube-71\/","title":{"rendered":"Vaccinium corymbosum &#8218;Goldtraube 71&#8216;"},"content":{"rendered":"<p>Vaccinium Corymbosum Goldtraube 71&#8242; ist eine Heidelbeere, auch Amerikanische Heidelbeere genannt. Der Strauch wird etwa 1,5 bis 2 Meter hoch und 150 cm breit und w\u00e4chst nur auf sauren B\u00f6den. Sandige und torfhaltige B\u00f6den sind sauer und daher f\u00fcr diese Pflanze geeignet. Wenn Sie die Pflanze in Lehmboden setzen wollen, m\u00fcssen Sie saure Erde hinzuf\u00fcgen, damit die Pflanze \u00fcberleben kann. Sie hat d\u00fcnne Zweige und kleine, frischgr\u00fcne Bl\u00e4tter. Die Blaubeere bl\u00fcht in B\u00fcscheln und die Bl\u00fcte ist cremewei\u00df bis rosa gef\u00e4rbt. Die Bl\u00fcte erfolgt in der ersten Maih\u00e4lfte. Sie ist eine kr\u00e4ftige Pflanze, die sehr viele Fr\u00fcchte tr\u00e4gt. Die Beeren sind mittelgro\u00df, hellblau, fest und haben einen k\u00f6stlichen Geschmack. Sie enthalten viele Antioxidantien, also super gesund! Sie k\u00f6nnen von Mitte Juli bis Mitte August gepfl\u00fcckt werden. Frische Heidelbeeren sind eine Woche lang haltbar, k\u00f6nnen aber auch eingefroren werden. Diese Pflanze ist selbstbest\u00e4ubend und ben\u00f6tigt fast keine Pflege. Sch\u00fctzen Sie die Beeren mit einem Netz vor V\u00f6geln. Die Pflanze ist widerstandsf\u00e4hig und resistent gegen Krankheiten.<\/p>\n","protected":false},"excerpt":{"rendered":"<p>Vaccinium Corymbosum Goldtraube 71&#8242; ist eine Heidelbeere, auch Amerikanische Heidelbeere genannt. Der Strauch wird etwa 1,5 bis 2 Meter hoch und 150 cm breit und w\u00e4chst nur auf sauren B\u00f6den. Sandige und torfhaltige B\u00f6den sind sauer und daher f\u00fcr diese Pflanze geeignet. Wenn Sie die Pflanze in Lehmboden setzen wollen, m\u00fcssen Sie saure Erde hinzuf\u00fcgen, [&hellip;]<\/p>\n","protected":false},"featured_media":0,"template":"","meta":{"_acf_changed":false},"product_brand":[],"product_cat":[212],"product_tag":[],"class_list":{"0":"post-1317917","1":"product","2":"type-product","3":"status-publish","5":"product_cat-100-fruit","6":"pa_bloemvruchtkleur-blau","7":"pa_location-halbschattig","8":"pa_location-sonnig","9":"pa_max-height-17","11":"first","12":"instock","13":"product-type-simple"},"acf":[],"_links":{"self":[{"href":"https:\/\/hoogeveenplants.nl\/de\/wp-json\/wp\/v2\/product\/1317917","targetHints":{"allow":["GET"]}}],"collection":[{"href":"https:\/\/hoogeveenplants.nl\/de\/wp-json\/wp\/v2\/product"}],"about":[{"href":"https:\/\/hoogeveenplants.nl\/de\/wp-json\/wp\/v2\/types\/product"}],"wp:attachment":[{"href":"https:\/\/hoogeveenplants.nl\/de\/wp-json\/wp\/v2\/media?parent=1317917"}],"wp:term":[{"taxonomy":"product_brand","embeddable":true,"href":"https:\/\/hoogeveenplants.nl\/de\/wp-json\/wp\/v2\/product_brand?post=1317917"},{"taxonomy":"product_cat","embeddable":true,"href":"https:\/\/hoogeveenplants.nl\/de\/wp-json\/wp\/v2\/product_cat?post=1317917"},{"taxonomy":"product_tag","embeddable":true,"href":"https:\/\/hoogeveenplants.nl\/de\/wp-json\/wp\/v2\/product_tag?post=1317917"}],"curies":[{"name":"wp","href":"https:\/\/api.w.org\/{rel}","templated":true}]}}