{"id":1317914,"date":"2026-04-11T03:34:59","date_gmt":"2026-04-11T02:34:59","guid":{"rendered":"https:\/\/hoogeveenplants.nl\/p\/rubus-fruticosus-thornless-loganberry\/"},"modified":"2026-04-11T03:48:53","modified_gmt":"2026-04-11T02:48:53","slug":"rubus-fruticosus-thornless-loganberry","status":"publish","type":"product","link":"https:\/\/hoogeveenplants.nl\/de\/p\/rubus-fruticosus-thornless-loganberry\/","title":{"rendered":"Rubus fruticosus &#8218;Thornless Loganberry&#8216;"},"content":{"rendered":"<p>Rubus Thornless Loganberry&#8216; ist eine Loganbeere, die eine Kreuzung zwischen Brombeere und Himbeere ist. Dies ist eine dornenlose Variante der Loganbeere. Sie hat l\u00e4ngliche, schwarz-rote Fr\u00fcchte, die gr\u00f6\u00dfer als Himbeeren sind. Der Geschmack liegt zwischen dem von Himbeeren und Brombeeren, sehr aromatisch und ein wenig sauer. Die Fr\u00fcchte sind zwischen Ende Juli und September reif.  K\u00f6stlich zum Verzehr direkt von der Pflanze, aber auch f\u00fcr Marmelade, Wein oder Desserts. Wie bei der Himbeere und der Brombeere stirbt auch bei der Loganbeere der Zweig ab, der die Fr\u00fcchte getragen hat. Diese kann im Winter abgeschnitten werden. Die verbleibenden jungen Zweige werden im n\u00e4chsten Jahr Fr\u00fcchte tragen. Die Pflanze bevorzugt einen Platz an der Sonne. Je mehr Sonne sie bekommt, desto besser reifen die Fr\u00fcchte. Die Pflanze muss gest\u00fctzt werden, da die Zweige zu schwach sind, um aufrecht zu stehen. Binden Sie sie deshalb an ein Kletterger\u00fcst, eine Wand oder einen Zaun.<\/p>\n","protected":false},"excerpt":{"rendered":"<p>Rubus Thornless Loganberry&#8216; ist eine Loganbeere, die eine Kreuzung zwischen Brombeere und Himbeere ist. Dies ist eine dornenlose Variante der Loganbeere. Sie hat l\u00e4ngliche, schwarz-rote Fr\u00fcchte, die gr\u00f6\u00dfer als Himbeeren sind. Der Geschmack liegt zwischen dem von Himbeeren und Brombeeren, sehr aromatisch und ein wenig sauer. Die Fr\u00fcchte sind zwischen Ende Juli und September reif. [&hellip;]<\/p>\n","protected":false},"featured_media":0,"template":"","meta":{"_acf_changed":false},"product_brand":[],"product_cat":[212],"product_tag":[],"class_list":{"0":"post-1317914","1":"product","2":"type-product","3":"status-publish","5":"product_cat-100-fruit","6":"pa_bloemvruchtkleur-rot","7":"pa_location-halbschattig","8":"pa_location-sonnig","9":"pa_max-height-28","11":"first","12":"instock","13":"product-type-simple"},"acf":[],"_links":{"self":[{"href":"https:\/\/hoogeveenplants.nl\/de\/wp-json\/wp\/v2\/product\/1317914","targetHints":{"allow":["GET"]}}],"collection":[{"href":"https:\/\/hoogeveenplants.nl\/de\/wp-json\/wp\/v2\/product"}],"about":[{"href":"https:\/\/hoogeveenplants.nl\/de\/wp-json\/wp\/v2\/types\/product"}],"wp:attachment":[{"href":"https:\/\/hoogeveenplants.nl\/de\/wp-json\/wp\/v2\/media?parent=1317914"}],"wp:term":[{"taxonomy":"product_brand","embeddable":true,"href":"https:\/\/hoogeveenplants.nl\/de\/wp-json\/wp\/v2\/product_brand?post=1317914"},{"taxonomy":"product_cat","embeddable":true,"href":"https:\/\/hoogeveenplants.nl\/de\/wp-json\/wp\/v2\/product_cat?post=1317914"},{"taxonomy":"product_tag","embeddable":true,"href":"https:\/\/hoogeveenplants.nl\/de\/wp-json\/wp\/v2\/product_tag?post=1317914"}],"curies":[{"name":"wp","href":"https:\/\/api.w.org\/{rel}","templated":true}]}}