{"id":1317902,"date":"2026-04-11T03:34:50","date_gmt":"2026-04-11T02:34:50","guid":{"rendered":"https:\/\/hoogeveenplants.nl\/p\/aristolochia-macrophylla\/"},"modified":"2026-04-11T03:48:49","modified_gmt":"2026-04-11T02:48:49","slug":"aristolochia-macrophylla","status":"publish","type":"product","link":"https:\/\/hoogeveenplants.nl\/de\/p\/aristolochia-macrophylla\/","title":{"rendered":"Aristolochia macrophylla"},"content":{"rendered":"<p>&#8222;Aristolochia Macrophylla&#8216; ist auch als Pfeifenblume oder deutsche Pfeife bekannt. Diese Aristolochia ist f\u00fcr ihre herzf\u00f6rmigen Bl\u00e4tter bekannt, die einen Durchmesser von 25 cm erreichen k\u00f6nnen. Schlie\u00dflich kann die Pfeifenblume bis zu 8 Meter hoch werden. Die winterharte und sehr gro\u00dfbl\u00e4ttrige Kletterpflanze eignet sich f\u00fcr jeden Standort, an dem die sonnigsten Stellen mehr Wasser ben\u00f6tigen als die schattigen. Die krankheitsresistente und pflegeleichte Pflanze ist winterhart und bl\u00fcht von Mai bis Juli mit gelb-gr\u00fcnen und gelb-braunen Bl\u00fcten. Die Bl\u00fcten locken mit ihrem besonderen Duft Schmetterlinge, Bienen und andere Insekten an. Im Winter verliert Aristolochia Macrophylla ihre Bl\u00e4tter.<\/p>\n","protected":false},"excerpt":{"rendered":"<p>&#8222;Aristolochia Macrophylla&#8216; ist auch als Pfeifenblume oder deutsche Pfeife bekannt. Diese Aristolochia ist f\u00fcr ihre herzf\u00f6rmigen Bl\u00e4tter bekannt, die einen Durchmesser von 25 cm erreichen k\u00f6nnen. Schlie\u00dflich kann die Pfeifenblume bis zu 8 Meter hoch werden. Die winterharte und sehr gro\u00dfbl\u00e4ttrige Kletterpflanze eignet sich f\u00fcr jeden Standort, an dem die sonnigsten Stellen mehr Wasser ben\u00f6tigen [&hellip;]<\/p>\n","protected":false},"featured_media":0,"template":"","meta":{"_acf_changed":false},"product_brand":[],"product_cat":[71],"product_tag":[],"class_list":{"0":"post-1317902","1":"product","2":"type-product","3":"status-publish","5":"product_cat-upclimbers","6":"pa_bloemvruchtkleur-rot","7":"pa_location-halbschattig","8":"pa_location-sonnig","9":"pa_max-height-519","11":"first","12":"instock","13":"product-type-simple"},"acf":[],"_links":{"self":[{"href":"https:\/\/hoogeveenplants.nl\/de\/wp-json\/wp\/v2\/product\/1317902","targetHints":{"allow":["GET"]}}],"collection":[{"href":"https:\/\/hoogeveenplants.nl\/de\/wp-json\/wp\/v2\/product"}],"about":[{"href":"https:\/\/hoogeveenplants.nl\/de\/wp-json\/wp\/v2\/types\/product"}],"wp:attachment":[{"href":"https:\/\/hoogeveenplants.nl\/de\/wp-json\/wp\/v2\/media?parent=1317902"}],"wp:term":[{"taxonomy":"product_brand","embeddable":true,"href":"https:\/\/hoogeveenplants.nl\/de\/wp-json\/wp\/v2\/product_brand?post=1317902"},{"taxonomy":"product_cat","embeddable":true,"href":"https:\/\/hoogeveenplants.nl\/de\/wp-json\/wp\/v2\/product_cat?post=1317902"},{"taxonomy":"product_tag","embeddable":true,"href":"https:\/\/hoogeveenplants.nl\/de\/wp-json\/wp\/v2\/product_tag?post=1317902"}],"curies":[{"name":"wp","href":"https:\/\/api.w.org\/{rel}","templated":true}]}}