{"id":1317898,"date":"2026-04-11T03:34:46","date_gmt":"2026-04-11T02:34:46","guid":{"rendered":"https:\/\/hoogeveenplants.nl\/p\/vitis-vinifera-mika\/"},"modified":"2026-04-11T03:48:48","modified_gmt":"2026-04-11T02:48:48","slug":"vitis-vinifera-mika","status":"publish","type":"product","link":"https:\/\/hoogeveenplants.nl\/de\/p\/vitis-vinifera-mika\/","title":{"rendered":"Vitis vinifera &#8218;Mika&#8216;"},"content":{"rendered":"<p>Vitis Mika&#8216; ist eine sehr ertragreiche blaue Traube. Die Trauben eignen sich sehr gut f\u00fcr Marmelade und Saft. Sie ist eine Kletterpflanze, die mehrere Meter hoch werden kann. Man kann ihn in alle m\u00f6glichen Formen bringen und ihn durch einen guten Schnitt sehr kompakt halten. Sie k\u00f6nnen die Traube einfach entlang einer Pergola oder an einer Wand mit Spanndr\u00e4hten f\u00fchren. Die Traube bildet im Juli-August zun\u00e4chst unscheinbare Bl\u00fctenb\u00fcschel aus, aus denen sich dann die Trauben bilden. Die Fr\u00fcchte haben eine blaue Farbe, sind saftig und schmecken mittelm\u00e4\u00dfig s\u00fc\u00df. Man kann sie direkt essen oder zu Marmelade, Saft oder Wein verarbeiten. Die Traubenpflanze braucht viel Sonne, um zu reifen, und liebt die W\u00e4rme, so dass ein nach S\u00fcden ausgerichteter Standort ideal ist. Die Trauben k\u00f6nnen ab Mitte September geerntet werden. Der Boden sollte gut durchl\u00e4ssig und n\u00e4hrstoffreich sein und m\u00f6glichst nicht zu sauer, sondern eher kalkhaltig. Das Beschneiden erh\u00f6ht den Fruchtertrag und die Pflanze sieht auch sch\u00f6ner aus. Am besten ist es, die Pflanze zwischen November und Februar zu beschneiden, aber nicht bei strengem Frost. \u00dcberfl\u00fcssige Seiten- und Haupt\u00e4ste beschneiden. Diese Rebsorte ist winterhart und vertr\u00e4gt problemlos Temperaturen bis zu -25 Grad. Die gro\u00dfen Bl\u00e4tter f\u00e4rben sich im Herbst sch\u00f6n rot, so dass die Traube in dieser Zeit auch einen gro\u00dfen dekorativen Wert hat.<\/p>\n","protected":false},"excerpt":{"rendered":"<p>Vitis Mika&#8216; ist eine sehr ertragreiche blaue Traube. Die Trauben eignen sich sehr gut f\u00fcr Marmelade und Saft. Sie ist eine Kletterpflanze, die mehrere Meter hoch werden kann. Man kann ihn in alle m\u00f6glichen Formen bringen und ihn durch einen guten Schnitt sehr kompakt halten. Sie k\u00f6nnen die Traube einfach entlang einer Pergola oder an [&hellip;]<\/p>\n","protected":false},"featured_media":0,"template":"","meta":{"_acf_changed":false},"product_brand":[],"product_cat":[212],"product_tag":[],"class_list":{"0":"post-1317898","1":"product","2":"type-product","3":"status-publish","5":"product_cat-100-fruit","6":"pa_bloemvruchtkleur-blau","7":"pa_location-halbschattig","8":"pa_location-sonnig","9":"pa_max-height-56","11":"first","12":"instock","13":"product-type-simple"},"acf":[],"_links":{"self":[{"href":"https:\/\/hoogeveenplants.nl\/de\/wp-json\/wp\/v2\/product\/1317898","targetHints":{"allow":["GET"]}}],"collection":[{"href":"https:\/\/hoogeveenplants.nl\/de\/wp-json\/wp\/v2\/product"}],"about":[{"href":"https:\/\/hoogeveenplants.nl\/de\/wp-json\/wp\/v2\/types\/product"}],"wp:attachment":[{"href":"https:\/\/hoogeveenplants.nl\/de\/wp-json\/wp\/v2\/media?parent=1317898"}],"wp:term":[{"taxonomy":"product_brand","embeddable":true,"href":"https:\/\/hoogeveenplants.nl\/de\/wp-json\/wp\/v2\/product_brand?post=1317898"},{"taxonomy":"product_cat","embeddable":true,"href":"https:\/\/hoogeveenplants.nl\/de\/wp-json\/wp\/v2\/product_cat?post=1317898"},{"taxonomy":"product_tag","embeddable":true,"href":"https:\/\/hoogeveenplants.nl\/de\/wp-json\/wp\/v2\/product_tag?post=1317898"}],"curies":[{"name":"wp","href":"https:\/\/api.w.org\/{rel}","templated":true}]}}