{"id":1317894,"date":"2026-04-11T03:34:43","date_gmt":"2026-04-11T02:34:43","guid":{"rendered":"https:\/\/hoogeveenplants.nl\/p\/actinidia-delciosioa-jenny\/"},"modified":"2026-04-11T03:48:47","modified_gmt":"2026-04-11T02:48:47","slug":"actinidia-delciosioa-jenny-2","status":"publish","type":"product","link":"https:\/\/hoogeveenplants.nl\/de\/p\/actinidia-delciosioa-jenny-2\/","title":{"rendered":"Actinidia delciosioa &#8218;Jenny&#8216;"},"content":{"rendered":"<p>Actinidia delciosioa Jenny&#8216; ist eine einfache und selbstbest\u00e4ubende Kiwi. Die Kiwi hat ihren Ursprung in China. Zu Beginn des 20. Jahrhunderts wurden Samen nach Neuseeland gebracht. Als die Kiwi zu einem wichtigen Exportprodukt wurde, benannte man die Pflanze nach dem ber\u00fchmten Wandervogel, dem Kiwi. Sie ist eine schnell wachsende, schwingende Kletterpflanze und eignet sich am besten f\u00fcr ein Kletterger\u00fcst, einen Zaun oder eine Pergola. Die Kiwi bl\u00fcht in den Monaten Mai und Juni mit wei\u00df-rosa Bl\u00fcten. Die ersten reifen Fr\u00fcchte werden Anfang September erscheinen. Denken Sie daran, dass es mehrere Jahre dauern kann, bis die Pflanze Fr\u00fcchte tr\u00e4gt. Im Allgemeinen dauert dies drei bis f\u00fcnf Jahre. Die Fr\u00fcchte haben eine haarige Schale, sind oval und haben ein hellgr\u00fcnes Fruchtfleisch mit einem wei\u00dfen Kern und einem Ring aus schwarzen Samen um diesen Kern. Die Kiwi ist gesund und enth\u00e4lt viel Vitamin C. Die Kiwipflanze \u00fcberlebt in unserem Klima gut und ist bis -12\u00b0 C winterhart. Ist die Pflanze noch nicht reif, sollte sie im Winter bei strengem Frost abgedeckt werden. Die Kiwipflanze braucht einen warmen und sonnigen Standort. Je mehr Sonne, desto s\u00fc\u00dfer die Fr\u00fcchte. Ein nach S\u00fcden ausgerichteter, windgesch\u00fctzter Garten ist ideal. Der R\u00fcckschnitt erfolgt am besten im Dezember oder Januar. Schneiden Sie die neuen Zweige zur\u00fcck. Die zuletzt gewachsenen Zweige werden im folgenden Jahr Fr\u00fcchte tragen. Wenn Sie nicht wollen, dass die Pflanze zu gro\u00df wird, lassen Sie am besten 40 Zentimeter des neu gebildeten Zweigs stehen.<\/p>\n","protected":false},"excerpt":{"rendered":"<p>Actinidia delciosioa Jenny&#8216; ist eine einfache und selbstbest\u00e4ubende Kiwi. Die Kiwi hat ihren Ursprung in China. Zu Beginn des 20. Jahrhunderts wurden Samen nach Neuseeland gebracht. Als die Kiwi zu einem wichtigen Exportprodukt wurde, benannte man die Pflanze nach dem ber\u00fchmten Wandervogel, dem Kiwi. Sie ist eine schnell wachsende, schwingende Kletterpflanze und eignet sich am [&hellip;]<\/p>\n","protected":false},"featured_media":0,"template":"","meta":{"_acf_changed":false},"product_brand":[],"product_cat":[212],"product_tag":[],"class_list":{"0":"post-1317894","1":"product","2":"type-product","3":"status-publish","5":"product_cat-100-fruit","6":"pa_bloemvruchtkleur-braun","7":"pa_location-halbschattig","8":"pa_location-sonnig","9":"pa_max-height-28","11":"first","12":"instock","13":"product-type-simple"},"acf":[],"_links":{"self":[{"href":"https:\/\/hoogeveenplants.nl\/de\/wp-json\/wp\/v2\/product\/1317894","targetHints":{"allow":["GET"]}}],"collection":[{"href":"https:\/\/hoogeveenplants.nl\/de\/wp-json\/wp\/v2\/product"}],"about":[{"href":"https:\/\/hoogeveenplants.nl\/de\/wp-json\/wp\/v2\/types\/product"}],"wp:attachment":[{"href":"https:\/\/hoogeveenplants.nl\/de\/wp-json\/wp\/v2\/media?parent=1317894"}],"wp:term":[{"taxonomy":"product_brand","embeddable":true,"href":"https:\/\/hoogeveenplants.nl\/de\/wp-json\/wp\/v2\/product_brand?post=1317894"},{"taxonomy":"product_cat","embeddable":true,"href":"https:\/\/hoogeveenplants.nl\/de\/wp-json\/wp\/v2\/product_cat?post=1317894"},{"taxonomy":"product_tag","embeddable":true,"href":"https:\/\/hoogeveenplants.nl\/de\/wp-json\/wp\/v2\/product_tag?post=1317894"}],"curies":[{"name":"wp","href":"https:\/\/api.w.org\/{rel}","templated":true}]}}