{"id":1317881,"date":"2026-04-11T03:34:34","date_gmt":"2026-04-11T02:34:34","guid":{"rendered":"https:\/\/hoogeveenplants.nl\/p\/rubus-idaeus-malling-promise\/"},"modified":"2026-04-11T03:48:44","modified_gmt":"2026-04-11T02:48:44","slug":"rubus-idaeus-malling-promise-2","status":"publish","type":"product","link":"https:\/\/hoogeveenplants.nl\/de\/p\/rubus-idaeus-malling-promise-2\/","title":{"rendered":"Rubus idaeus &#8218;Malling Promise&#8216;"},"content":{"rendered":"<p>Rubus Idaeus Malling Promise&#8216; ist eine der bekanntesten Himbeersorten. Diese Himbeere ist selbstbest\u00e4ubend und bl\u00fcht im sp\u00e4ten Fr\u00fchjahr mit unscheinbaren, kleinen wei\u00df-rosa Bl\u00fcten, die Bienen und Hummeln anziehen. Nach der Bl\u00fcte entwickeln sich die Himbeeren. Die Fr\u00fcchte sind ziemlich weich, leuchtend rot und haben einen milden Geschmack. Rubus Idaeus Malling Promise&#8216; ist eine Sommerhimbeere, deren Fr\u00fcchte ab Juli geerntet werden k\u00f6nnen. Himbeeren eignen sich hervorragend zur Herstellung von Marmelade und Saft, schmecken aber auch frisch vom Strauch und in Desserts oder Kuchen. Rubus Idaeus Malling Promise&#8216; ist stark wachsend und muss, wie jede Himbeere, gut erzogen und beschnitten werden, um den besten Ertrag und Geschmack der Fr\u00fcchte zu erzielen. Es handelt sich um eine klassische, ertragreiche Sommerhimbeere, die ziemlich gro\u00dfe Fr\u00fcchte von gutem Geschmack hervorbringt.<\/p>\n","protected":false},"excerpt":{"rendered":"<p>Rubus Idaeus Malling Promise&#8216; ist eine der bekanntesten Himbeersorten. Diese Himbeere ist selbstbest\u00e4ubend und bl\u00fcht im sp\u00e4ten Fr\u00fchjahr mit unscheinbaren, kleinen wei\u00df-rosa Bl\u00fcten, die Bienen und Hummeln anziehen. Nach der Bl\u00fcte entwickeln sich die Himbeeren. Die Fr\u00fcchte sind ziemlich weich, leuchtend rot und haben einen milden Geschmack. Rubus Idaeus Malling Promise&#8216; ist eine Sommerhimbeere, deren [&hellip;]<\/p>\n","protected":false},"featured_media":0,"template":"","meta":{"_acf_changed":false},"product_brand":[],"product_cat":[212],"product_tag":[],"class_list":{"0":"post-1317881","1":"product","2":"type-product","3":"status-publish","5":"product_cat-100-fruit","6":"pa_bloemvruchtkleur-rot","7":"pa_location-halbschattig","8":"pa_location-sonnig","9":"pa_max-height-17","11":"first","12":"instock","13":"product-type-simple"},"acf":[],"_links":{"self":[{"href":"https:\/\/hoogeveenplants.nl\/de\/wp-json\/wp\/v2\/product\/1317881","targetHints":{"allow":["GET"]}}],"collection":[{"href":"https:\/\/hoogeveenplants.nl\/de\/wp-json\/wp\/v2\/product"}],"about":[{"href":"https:\/\/hoogeveenplants.nl\/de\/wp-json\/wp\/v2\/types\/product"}],"wp:attachment":[{"href":"https:\/\/hoogeveenplants.nl\/de\/wp-json\/wp\/v2\/media?parent=1317881"}],"wp:term":[{"taxonomy":"product_brand","embeddable":true,"href":"https:\/\/hoogeveenplants.nl\/de\/wp-json\/wp\/v2\/product_brand?post=1317881"},{"taxonomy":"product_cat","embeddable":true,"href":"https:\/\/hoogeveenplants.nl\/de\/wp-json\/wp\/v2\/product_cat?post=1317881"},{"taxonomy":"product_tag","embeddable":true,"href":"https:\/\/hoogeveenplants.nl\/de\/wp-json\/wp\/v2\/product_tag?post=1317881"}],"curies":[{"name":"wp","href":"https:\/\/api.w.org\/{rel}","templated":true}]}}