{"id":1317854,"date":"2026-04-11T03:34:18","date_gmt":"2026-04-11T02:34:18","guid":{"rendered":"https:\/\/hoogeveenplants.nl\/p\/actinidia-arguta-weikii\/"},"modified":"2026-04-11T03:48:36","modified_gmt":"2026-04-11T02:48:36","slug":"actinidia-arguta-weikii","status":"publish","type":"product","link":"https:\/\/hoogeveenplants.nl\/de\/p\/actinidia-arguta-weikii\/","title":{"rendered":"Actinidia arguta &#8218;Weikii&#8216;"},"content":{"rendered":"<p>Actinidia arguta Weiki&#8216; ist eine Kiwi-Beere, die auch als Mini-Kiwi bekannt ist. Die Pflanze ist eine m\u00e4nnliche Variante der Kiwi-Beere. Sie tr\u00e4gt selbst keine Fr\u00fcchte, ist aber f\u00fcr die Best\u00e4ubung der weiblichen Kiwi-Beerenart notwendig. Von dort kommen die Fr\u00fcchte. Die Fr\u00fcchte der Kiwi-Beere sind viel kleiner als die der gro\u00dfen Kiwi-Pflanzen. Die Schale dieser Kiwi ist glatt und d\u00fcnn und daher leicht zu essen. Sie h\u00e4ngen in gro\u00dfen B\u00fcscheln an der Pflanze. Die aufgeschnittene Frucht \u00e4hnelt einer Miniatur-Kiwi mit einem wei\u00dfen Kern, der von einem Ring aus schwarzen Kernen und dem typischen Linienmuster umgeben ist. Nach einigen Jahren bringt die Pflanze im September-Oktober schmackhafte, etwa 3 cm gro\u00dfe Fr\u00fcchte voller Vitamin C hervor. Die Kiwitraube ist eine Kletterpflanze, der man am besten hilft, indem man sie an einer Wand, einem Kletterger\u00fcst oder einer Pergola entlangf\u00fchrt. Die Kiwitraube bl\u00fcht im Mai-Juni mit duftenden wei\u00dfen Bl\u00fcten. Sie ist vollkommen winterhart und vertr\u00e4gt Temperaturen bis zu -25 \u00b0C. Pflanzen Sie die Kiwi-Pflanze an einen sonnigen, etwas gesch\u00fctzten Platz. Schneiden Sie im Sp\u00e4twinter zu lange und formst\u00f6rende Zweige zur\u00fcck und entfernen Sie auch alte, vertrocknete Zweige, wenn die Pflanze zu gro\u00df wird.<\/p>\n","protected":false},"excerpt":{"rendered":"<p>Actinidia arguta Weiki&#8216; ist eine Kiwi-Beere, die auch als Mini-Kiwi bekannt ist. Die Pflanze ist eine m\u00e4nnliche Variante der Kiwi-Beere. Sie tr\u00e4gt selbst keine Fr\u00fcchte, ist aber f\u00fcr die Best\u00e4ubung der weiblichen Kiwi-Beerenart notwendig. Von dort kommen die Fr\u00fcchte. Die Fr\u00fcchte der Kiwi-Beere sind viel kleiner als die der gro\u00dfen Kiwi-Pflanzen. Die Schale dieser Kiwi [&hellip;]<\/p>\n","protected":false},"featured_media":0,"template":"","meta":{"_acf_changed":false},"product_brand":[],"product_cat":[212],"product_tag":[],"class_list":{"0":"post-1317854","1":"product","2":"type-product","3":"status-publish","5":"product_cat-100-fruit","6":"pa_bloemvruchtkleur-gruen","7":"pa_location-halbschattig","8":"pa_location-sonnig","9":"pa_max-height-28","11":"first","12":"instock","13":"product-type-simple"},"acf":[],"_links":{"self":[{"href":"https:\/\/hoogeveenplants.nl\/de\/wp-json\/wp\/v2\/product\/1317854","targetHints":{"allow":["GET"]}}],"collection":[{"href":"https:\/\/hoogeveenplants.nl\/de\/wp-json\/wp\/v2\/product"}],"about":[{"href":"https:\/\/hoogeveenplants.nl\/de\/wp-json\/wp\/v2\/types\/product"}],"wp:attachment":[{"href":"https:\/\/hoogeveenplants.nl\/de\/wp-json\/wp\/v2\/media?parent=1317854"}],"wp:term":[{"taxonomy":"product_brand","embeddable":true,"href":"https:\/\/hoogeveenplants.nl\/de\/wp-json\/wp\/v2\/product_brand?post=1317854"},{"taxonomy":"product_cat","embeddable":true,"href":"https:\/\/hoogeveenplants.nl\/de\/wp-json\/wp\/v2\/product_cat?post=1317854"},{"taxonomy":"product_tag","embeddable":true,"href":"https:\/\/hoogeveenplants.nl\/de\/wp-json\/wp\/v2\/product_tag?post=1317854"}],"curies":[{"name":"wp","href":"https:\/\/api.w.org\/{rel}","templated":true}]}}