{"id":1317838,"date":"2026-04-11T03:34:10","date_gmt":"2026-04-11T02:34:10","guid":{"rendered":"https:\/\/hoogeveenplants.nl\/p\/ribes-rubrum-witte-parel\/"},"modified":"2026-04-11T03:48:32","modified_gmt":"2026-04-11T02:48:32","slug":"ribes-rubrum-witte-parel","status":"publish","type":"product","link":"https:\/\/hoogeveenplants.nl\/de\/p\/ribes-rubrum-witte-parel\/","title":{"rendered":"Ribes rubrum &#8218;Witte Parel&#8216;"},"content":{"rendered":"<p>Ribes rubrum White Pearl&#8216; ist eine bekannte wei\u00dfe Johannisbeere. Der Strauch ist selbstbest\u00e4ubend und bl\u00fcht im April mit unauff\u00e4lligen gr\u00fcn-wei\u00dfen Bl\u00fcten in h\u00e4ngenden Trauben. Aus diesen bilden sich leuchtend gelb-wei\u00dfe Beeren in kleinen B\u00fcscheln. Die Beeren k\u00f6nnen ab Juni geerntet werden und haben einen s\u00e4uerlichen, aber frischen Geschmack. Je mehr Sonne der Strauch bekommt, desto besser wird die Ernte der Beeren ausfallen. Die Beeren k\u00f6nnen zu k\u00f6stlicher Marmelade oder Saft verarbeitet werden, aber man kann sie auch direkt vom Strauch essen. Schneiden Sie den Strauch, um viele Fr\u00fcchte zu erhalten. Dazu schneidet man im Winter die (Seiten-)\u00c4ste weg. Im Winter verliert sie ihre Bl\u00e4tter und kann sogar Temperaturen von bis zu -34 Grad Celsius ohne Probleme ertragen. Sie k\u00f6nnen ihn im Garten aufstellen, aber nat\u00fcrlich auch auf einem Balkon oder einer Terrasse. Sie w\u00e4chst in jedem Boden und liebt die volle Sonne.<\/p>\n","protected":false},"excerpt":{"rendered":"<p>Ribes rubrum White Pearl&#8216; ist eine bekannte wei\u00dfe Johannisbeere. Der Strauch ist selbstbest\u00e4ubend und bl\u00fcht im April mit unauff\u00e4lligen gr\u00fcn-wei\u00dfen Bl\u00fcten in h\u00e4ngenden Trauben. Aus diesen bilden sich leuchtend gelb-wei\u00dfe Beeren in kleinen B\u00fcscheln. Die Beeren k\u00f6nnen ab Juni geerntet werden und haben einen s\u00e4uerlichen, aber frischen Geschmack. Je mehr Sonne der Strauch bekommt, desto [&hellip;]<\/p>\n","protected":false},"featured_media":0,"template":"","meta":{"_acf_changed":false},"product_brand":[],"product_cat":[212],"product_tag":[],"class_list":{"0":"post-1317838","1":"product","2":"type-product","3":"status-publish","5":"product_cat-100-fruit","6":"pa_bloemvruchtkleur-weiss","7":"pa_location-halbschattig","8":"pa_location-sonnig","9":"pa_max-height-17","11":"first","12":"instock","13":"product-type-simple"},"acf":[],"_links":{"self":[{"href":"https:\/\/hoogeveenplants.nl\/de\/wp-json\/wp\/v2\/product\/1317838","targetHints":{"allow":["GET"]}}],"collection":[{"href":"https:\/\/hoogeveenplants.nl\/de\/wp-json\/wp\/v2\/product"}],"about":[{"href":"https:\/\/hoogeveenplants.nl\/de\/wp-json\/wp\/v2\/types\/product"}],"wp:attachment":[{"href":"https:\/\/hoogeveenplants.nl\/de\/wp-json\/wp\/v2\/media?parent=1317838"}],"wp:term":[{"taxonomy":"product_brand","embeddable":true,"href":"https:\/\/hoogeveenplants.nl\/de\/wp-json\/wp\/v2\/product_brand?post=1317838"},{"taxonomy":"product_cat","embeddable":true,"href":"https:\/\/hoogeveenplants.nl\/de\/wp-json\/wp\/v2\/product_cat?post=1317838"},{"taxonomy":"product_tag","embeddable":true,"href":"https:\/\/hoogeveenplants.nl\/de\/wp-json\/wp\/v2\/product_tag?post=1317838"}],"curies":[{"name":"wp","href":"https:\/\/api.w.org\/{rel}","templated":true}]}}