{"id":1317835,"date":"2026-04-11T03:34:09","date_gmt":"2026-04-11T02:34:09","guid":{"rendered":"https:\/\/hoogeveenplants.nl\/p\/ribes-uva-crispa-hinnonmaeki-groen\/"},"modified":"2026-04-11T03:48:31","modified_gmt":"2026-04-11T02:48:31","slug":"ribes-uva-crispa-hinnonmaki-gron","status":"publish","type":"product","link":"https:\/\/hoogeveenplants.nl\/de\/p\/ribes-uva-crispa-hinnonmaki-gron\/","title":{"rendered":"Ribes uva-crispa &#8218;Hinnonm\u00e4ki Gr\u00f6n&#8216;"},"content":{"rendered":"<p>Ribes uva-crispa Hinnonmaeki Grun Gr\u00fcne Stachelbeeren sind schmackhaft und in drei Farben erh\u00e4ltlich: rot, gelb und gr\u00fcn. Diese Pflanze gibt es als freien Strauch oder zusammengebunden mit drei Zweigen. Die Fr\u00fcchte sind mittelgro\u00df. Der Geschmack ist fein und f\u00fcr alle Zwecke geeignet. Diese Pflanze bevorzugt einen offenen, sonnigen Standort und einen nicht zu feuchten Boden. Ribes uva-crispa Hinnonmaeki Grun ist eine gr\u00fcne Stachelbeere. Die Fr\u00fcchte sind blassgr\u00fcn. Die Pflanze ist frostbest\u00e4ndig. Die Str\u00e4ucher sind buschig und werden etwas breit. Die Fr\u00fcchte sind mittelgro\u00df. Der Geschmack ist fein und f\u00fcr alle Zwecke geeignet. Diese Pflanze bevorzugt einen offenen, sonnigen und nicht zu feuchten Boden. Seien Sie jedoch vorsichtig, denn die Stacheln der Pflanze sind sehr scharf. Ribes uva-crispa &#8218;Hinnonmaki Gr\u00f6n&#8216; ist eine gr\u00fcne Stachelbeere. Die Stachelbeeren sind ab August reif zum Pfl\u00fccken.<\/p>\n","protected":false},"excerpt":{"rendered":"<p>Ribes uva-crispa Hinnonmaeki Grun Gr\u00fcne Stachelbeeren sind schmackhaft und in drei Farben erh\u00e4ltlich: rot, gelb und gr\u00fcn. Diese Pflanze gibt es als freien Strauch oder zusammengebunden mit drei Zweigen. Die Fr\u00fcchte sind mittelgro\u00df. Der Geschmack ist fein und f\u00fcr alle Zwecke geeignet. Diese Pflanze bevorzugt einen offenen, sonnigen Standort und einen nicht zu feuchten Boden. [&hellip;]<\/p>\n","protected":false},"featured_media":0,"template":"","meta":{"_acf_changed":false},"product_brand":[],"product_cat":[212],"product_tag":[],"class_list":{"0":"post-1317835","1":"product","2":"type-product","3":"status-publish","5":"product_cat-100-fruit","6":"pa_bloemvruchtkleur-gruen","7":"pa_location-halbschattig","8":"pa_location-sonnig","9":"pa_max-height-17","11":"first","12":"instock","13":"product-type-simple"},"acf":[],"_links":{"self":[{"href":"https:\/\/hoogeveenplants.nl\/de\/wp-json\/wp\/v2\/product\/1317835","targetHints":{"allow":["GET"]}}],"collection":[{"href":"https:\/\/hoogeveenplants.nl\/de\/wp-json\/wp\/v2\/product"}],"about":[{"href":"https:\/\/hoogeveenplants.nl\/de\/wp-json\/wp\/v2\/types\/product"}],"wp:attachment":[{"href":"https:\/\/hoogeveenplants.nl\/de\/wp-json\/wp\/v2\/media?parent=1317835"}],"wp:term":[{"taxonomy":"product_brand","embeddable":true,"href":"https:\/\/hoogeveenplants.nl\/de\/wp-json\/wp\/v2\/product_brand?post=1317835"},{"taxonomy":"product_cat","embeddable":true,"href":"https:\/\/hoogeveenplants.nl\/de\/wp-json\/wp\/v2\/product_cat?post=1317835"},{"taxonomy":"product_tag","embeddable":true,"href":"https:\/\/hoogeveenplants.nl\/de\/wp-json\/wp\/v2\/product_tag?post=1317835"}],"curies":[{"name":"wp","href":"https:\/\/api.w.org\/{rel}","templated":true}]}}