{"id":1317829,"date":"2026-04-11T03:34:07","date_gmt":"2026-04-11T02:34:07","guid":{"rendered":"https:\/\/hoogeveenplants.nl\/p\/clematis-miss-bateman\/"},"modified":"2026-04-11T03:48:30","modified_gmt":"2026-04-11T02:48:30","slug":"clematis-miss-bateman","status":"publish","type":"product","link":"https:\/\/hoogeveenplants.nl\/de\/p\/clematis-miss-bateman\/","title":{"rendered":"Clematis Miss Bateman"},"content":{"rendered":"<p>Clematis miss Bateman&#8216; ist eine gro\u00dfbl\u00fctige Waldrebe, die sch\u00f6ne wei\u00dfe Bl\u00fcten hervorbringt und damit ein echter Blickfang im Garten ist. Diese kr\u00e4ftige Sorte bl\u00fcht zweimal im Jahr. Die erste Bl\u00fctezeit ist von Mai bis Juni und die zweite Bl\u00fctezeit von Juli bis September. Nachdem die Clematis zum ersten Mal gebl\u00fcht hat, ist es am besten, sie zur\u00fcckzuschneiden, damit sie zum zweiten Mal bl\u00fcht. Durch ihren gepflegten und kompakten Wuchs eignet sich diese Kletterpflanze sowohl f\u00fcr gro\u00dfe als auch f\u00fcr kleine G\u00e4rten. Nach einigen Jahren erreicht die Clematis eine H\u00f6he von etwa 2 bis 3 Metern. Damit die Clematis besser klettern kann, braucht sie ein wenig Hilfe. Am besten ist es, die Pflanze an einem Gestell, Draht oder Stock nach oben zu f\u00fchren. Die Clematis f\u00fchlt sich sowohl im Halbschatten als auch in der Sonne wohl. Dadurch eignet sich die Clematis f\u00fcr die meisten Standorte im Garten, was sehr praktisch ist! Je mehr Sonne, desto \u00fcppiger bl\u00fcht die Clematis. Die Wurzeln der Clematis brauchen einen schattigen und k\u00fchlen Standort. Sorgen Sie daf\u00fcr, dass immer etwas vor dem Fu\u00df der Pflanze w\u00e4chst, oder pflanzen Sie die Clematis tiefer in den Boden, etwa 10 cm tiefer als die H\u00f6he des Wurzelballens.<\/p>\n","protected":false},"excerpt":{"rendered":"<p>Clematis miss Bateman&#8216; ist eine gro\u00dfbl\u00fctige Waldrebe, die sch\u00f6ne wei\u00dfe Bl\u00fcten hervorbringt und damit ein echter Blickfang im Garten ist. Diese kr\u00e4ftige Sorte bl\u00fcht zweimal im Jahr. Die erste Bl\u00fctezeit ist von Mai bis Juni und die zweite Bl\u00fctezeit von Juli bis September. Nachdem die Clematis zum ersten Mal gebl\u00fcht hat, ist es am besten, [&hellip;]<\/p>\n","protected":false},"featured_media":0,"template":"","meta":{"_acf_changed":false},"product_brand":[],"product_cat":[71],"product_tag":[],"class_list":{"0":"post-1317829","1":"product","2":"type-product","3":"status-publish","5":"product_cat-upclimbers","6":"pa_bloemvruchtkleur-weiss","7":"pa_location-halbschattig","8":"pa_location-sonnig","9":"pa_max-height-28","11":"first","12":"instock","13":"product-type-simple"},"acf":[],"_links":{"self":[{"href":"https:\/\/hoogeveenplants.nl\/de\/wp-json\/wp\/v2\/product\/1317829","targetHints":{"allow":["GET"]}}],"collection":[{"href":"https:\/\/hoogeveenplants.nl\/de\/wp-json\/wp\/v2\/product"}],"about":[{"href":"https:\/\/hoogeveenplants.nl\/de\/wp-json\/wp\/v2\/types\/product"}],"wp:attachment":[{"href":"https:\/\/hoogeveenplants.nl\/de\/wp-json\/wp\/v2\/media?parent=1317829"}],"wp:term":[{"taxonomy":"product_brand","embeddable":true,"href":"https:\/\/hoogeveenplants.nl\/de\/wp-json\/wp\/v2\/product_brand?post=1317829"},{"taxonomy":"product_cat","embeddable":true,"href":"https:\/\/hoogeveenplants.nl\/de\/wp-json\/wp\/v2\/product_cat?post=1317829"},{"taxonomy":"product_tag","embeddable":true,"href":"https:\/\/hoogeveenplants.nl\/de\/wp-json\/wp\/v2\/product_tag?post=1317829"}],"curies":[{"name":"wp","href":"https:\/\/api.w.org\/{rel}","templated":true}]}}