{"id":1317794,"date":"2026-04-11T03:32:44","date_gmt":"2026-04-11T02:32:44","guid":{"rendered":"https:\/\/hoogeveenplants.nl\/p\/trachelospermum-jasminoides-star-of-ibiza\/"},"modified":"2026-04-11T03:48:20","modified_gmt":"2026-04-11T02:48:20","slug":"trachelospermum-jasminoides-star-of-ibiza","status":"publish","type":"product","link":"https:\/\/hoogeveenplants.nl\/de\/p\/trachelospermum-jasminoides-star-of-ibiza\/","title":{"rendered":"Trachelospermum jasminoides &#8218;Star of Ibiza&#8216;"},"content":{"rendered":"<p>Trachelospermum Star of Ibiza&#8216; wird wegen seiner zartrosa, sternf\u00f6rmigen Bl\u00fcten auch Sternjasmin genannt. Sie ist eine mediterrane, immergr\u00fcne Kletterpflanze und bis -10\u02daC winterhart. Sie bl\u00fcht \u00fcppig von Anfang Juni bis Ende August, wobei die Bl\u00fcten einen herrlich s\u00fc\u00dfen Duft verbreiten. Die Kletterpflanze hat ovale, dunkelgr\u00fcne Bl\u00e4tter und braucht f\u00fcr ein gutes Wachstum die Unterst\u00fctzung eines Kletterger\u00fcsts oder Zauns. Die neu austreibenden Zweige dieses Sternjasmins werden sich sch\u00f6n an einem Spalier oder Zaun entlang schl\u00e4ngeln. Der beste Platz ist in der Sonne bis zum Halbschatten und au\u00dferhalb des Windes. Sternjasmin kann in normalem, n\u00e4hrstoffreichem Boden in die Erde gepflanzt werden. Sternjasmin w\u00e4chst auch gut in einem gro\u00dfen Topf auf der Terrasse oder dem Balkon. An einem sonnigen Platz kann sie auch als Bodendecker verwendet werden. Die Kletterpflanze kann Trockenperioden recht gut \u00fcberstehen, aber in hei\u00dfen und trockenen Perioden k\u00f6nnen Sie ihr zus\u00e4tzlich Wasser geben. Ein R\u00fcckschnitt ist nur notwendig, um die Pflanze in die richtige Form zu bringen. Am besten ist es, dies im zeitigen Fr\u00fchjahr oder nach der Bl\u00fctezeit zu tun. Sternjasmin w\u00e4chst relativ langsam und es dauert einige Jahre, bis er seine maximale H\u00f6he erreicht.<\/p>\n","protected":false},"excerpt":{"rendered":"<p>Trachelospermum Star of Ibiza&#8216; wird wegen seiner zartrosa, sternf\u00f6rmigen Bl\u00fcten auch Sternjasmin genannt. Sie ist eine mediterrane, immergr\u00fcne Kletterpflanze und bis -10\u02daC winterhart. Sie bl\u00fcht \u00fcppig von Anfang Juni bis Ende August, wobei die Bl\u00fcten einen herrlich s\u00fc\u00dfen Duft verbreiten. Die Kletterpflanze hat ovale, dunkelgr\u00fcne Bl\u00e4tter und braucht f\u00fcr ein gutes Wachstum die Unterst\u00fctzung eines [&hellip;]<\/p>\n","protected":false},"featured_media":0,"template":"","meta":{"_acf_changed":false},"product_brand":[],"product_cat":[252,71],"product_tag":[],"class_list":{"0":"post-1317794","1":"product","2":"type-product","3":"status-publish","5":"product_cat-our-choice-upclimbers","6":"product_cat-upclimbers","7":"pa_bloemvruchtkleur-rosa","8":"pa_location-halbschattig","9":"pa_location-sonnig","10":"pa_max-height-36","12":"first","13":"instock","14":"product-type-simple"},"acf":[],"_links":{"self":[{"href":"https:\/\/hoogeveenplants.nl\/de\/wp-json\/wp\/v2\/product\/1317794","targetHints":{"allow":["GET"]}}],"collection":[{"href":"https:\/\/hoogeveenplants.nl\/de\/wp-json\/wp\/v2\/product"}],"about":[{"href":"https:\/\/hoogeveenplants.nl\/de\/wp-json\/wp\/v2\/types\/product"}],"wp:attachment":[{"href":"https:\/\/hoogeveenplants.nl\/de\/wp-json\/wp\/v2\/media?parent=1317794"}],"wp:term":[{"taxonomy":"product_brand","embeddable":true,"href":"https:\/\/hoogeveenplants.nl\/de\/wp-json\/wp\/v2\/product_brand?post=1317794"},{"taxonomy":"product_cat","embeddable":true,"href":"https:\/\/hoogeveenplants.nl\/de\/wp-json\/wp\/v2\/product_cat?post=1317794"},{"taxonomy":"product_tag","embeddable":true,"href":"https:\/\/hoogeveenplants.nl\/de\/wp-json\/wp\/v2\/product_tag?post=1317794"}],"curies":[{"name":"wp","href":"https:\/\/api.w.org\/{rel}","templated":true}]}}