{"id":1317764,"date":"2026-04-11T03:32:25","date_gmt":"2026-04-11T02:32:25","guid":{"rendered":"https:\/\/hoogeveenplants.nl\/p\/humulus-lupulus-nordbrau\/"},"modified":"2026-04-11T03:48:13","modified_gmt":"2026-04-11T02:48:13","slug":"humulus-lupulus-nordbrau","status":"publish","type":"product","link":"https:\/\/hoogeveenplants.nl\/de\/p\/humulus-lupulus-nordbrau\/","title":{"rendered":"Humulus lupulus &#8218;Nordbrau&#8216;"},"content":{"rendered":"<p>Hopfen: Humulus ist die wohl bekannteste Hopfenart, da sie f\u00fcr die Bierherstellung verwendet wird. Die sch\u00f6nen Hopfendolden sehen im Garten sehr dekorativ aus. In der Natur klettert der Hopfen oft an Str\u00e4uchern hoch, so dass er sich an einem hellen, schattigen Standort wohl f\u00fchlt. Das Klettern erfordert eine gute Unterst\u00fctzung. Hopfen w\u00e4chst \u00fcberall. Ob reicher oder armer Boden, das macht keinen Unterschied. Die Pflanze hat eine enorme Wuchskraft und kann jeden Sommer unsch\u00f6ne Stellen verdecken. Wenn Sie Ihre Hopfenpflanze kompakt halten wollen, lassen Sie im Fr\u00fchjahr am besten nur 3\/5 der Zweige wachsen und schneiden im Herbst alles bis zum Boden zur\u00fcck.<\/p>\n","protected":false},"excerpt":{"rendered":"<p>Hopfen: Humulus ist die wohl bekannteste Hopfenart, da sie f\u00fcr die Bierherstellung verwendet wird. Die sch\u00f6nen Hopfendolden sehen im Garten sehr dekorativ aus. In der Natur klettert der Hopfen oft an Str\u00e4uchern hoch, so dass er sich an einem hellen, schattigen Standort wohl f\u00fchlt. Das Klettern erfordert eine gute Unterst\u00fctzung. Hopfen w\u00e4chst \u00fcberall. Ob reicher [&hellip;]<\/p>\n","protected":false},"featured_media":0,"template":"","meta":{"_acf_changed":false},"product_brand":[],"product_cat":[71],"product_tag":[],"class_list":{"0":"post-1317764","1":"product","2":"type-product","3":"status-publish","5":"product_cat-upclimbers","6":"pa_bloemvruchtkleur-gruen","7":"pa_location-halbschattig","8":"pa_location-sonnig","9":"pa_max-height-56","11":"first","12":"instock","13":"product-type-simple"},"acf":[],"_links":{"self":[{"href":"https:\/\/hoogeveenplants.nl\/de\/wp-json\/wp\/v2\/product\/1317764","targetHints":{"allow":["GET"]}}],"collection":[{"href":"https:\/\/hoogeveenplants.nl\/de\/wp-json\/wp\/v2\/product"}],"about":[{"href":"https:\/\/hoogeveenplants.nl\/de\/wp-json\/wp\/v2\/types\/product"}],"wp:attachment":[{"href":"https:\/\/hoogeveenplants.nl\/de\/wp-json\/wp\/v2\/media?parent=1317764"}],"wp:term":[{"taxonomy":"product_brand","embeddable":true,"href":"https:\/\/hoogeveenplants.nl\/de\/wp-json\/wp\/v2\/product_brand?post=1317764"},{"taxonomy":"product_cat","embeddable":true,"href":"https:\/\/hoogeveenplants.nl\/de\/wp-json\/wp\/v2\/product_cat?post=1317764"},{"taxonomy":"product_tag","embeddable":true,"href":"https:\/\/hoogeveenplants.nl\/de\/wp-json\/wp\/v2\/product_tag?post=1317764"}],"curies":[{"name":"wp","href":"https:\/\/api.w.org\/{rel}","templated":true}]}}