{"id":1317763,"date":"2026-04-11T03:32:25","date_gmt":"2026-04-11T02:32:25","guid":{"rendered":"https:\/\/hoogeveenplants.nl\/p\/fallopia-baldschuanica\/"},"modified":"2026-04-11T03:48:13","modified_gmt":"2026-04-11T02:48:13","slug":"fallopia-baldschuanica","status":"publish","type":"product","link":"https:\/\/hoogeveenplants.nl\/de\/p\/fallopia-baldschuanica\/","title":{"rendered":"Fallopia baldschuanica"},"content":{"rendered":"<p>Fallopia Baldschuanica&#8216; ist eine sommergr\u00fcne Kletterpflanze, die \u00fcber einen langen Zeitraum mit wei\u00dfen Bl\u00fctentrauben bl\u00fcht. Die Fallopia wird auch Schlingkn\u00f6terich gennant und bl\u00fcht im August bis September. Diese Kletterpflanze w\u00e4chst sehr schnell. Sie k\u00f6nnen Ihre Kletterpflanze in die volle Sonne oder in den Halbschatten stellen, wobei Sie bedenken sollten, dass die Bl\u00fctezeit je nach Schatten weniger stark ausf\u00e4llt. Die Fallopia Baldschuanica ist die ideale Kletterpflanze, wenn Sie innerhalb eines Jahres einen Zaun bedecken wollen! Dieser schnell wachsende Baum kann eine H\u00f6he von 5 bis 8 Metern erreichen. Am Ende der Bl\u00fctezeit k\u00f6nnen sich die Bl\u00fcten ein wenig rosa f\u00e4rben. Ihre Fallopia ist luftverschmutzungstolerant und im Allgemeinen eine sehr krankheitsresistente und sch\u00e4dlingsfreie Pflanze.<\/p>\n","protected":false},"excerpt":{"rendered":"<p>Fallopia Baldschuanica&#8216; ist eine sommergr\u00fcne Kletterpflanze, die \u00fcber einen langen Zeitraum mit wei\u00dfen Bl\u00fctentrauben bl\u00fcht. Die Fallopia wird auch Schlingkn\u00f6terich gennant und bl\u00fcht im August bis September. Diese Kletterpflanze w\u00e4chst sehr schnell. Sie k\u00f6nnen Ihre Kletterpflanze in die volle Sonne oder in den Halbschatten stellen, wobei Sie bedenken sollten, dass die Bl\u00fctezeit je nach Schatten [&hellip;]<\/p>\n","protected":false},"featured_media":0,"template":"","meta":{"_acf_changed":false},"product_brand":[],"product_cat":[71],"product_tag":[],"class_list":{"0":"post-1317763","1":"product","2":"type-product","3":"status-publish","5":"product_cat-upclimbers","6":"pa_bloemvruchtkleur-weiss","7":"pa_location-halbschattig","8":"pa_location-sonnig","9":"pa_max-height-77","11":"first","12":"instock","13":"product-type-simple"},"acf":[],"_links":{"self":[{"href":"https:\/\/hoogeveenplants.nl\/de\/wp-json\/wp\/v2\/product\/1317763","targetHints":{"allow":["GET"]}}],"collection":[{"href":"https:\/\/hoogeveenplants.nl\/de\/wp-json\/wp\/v2\/product"}],"about":[{"href":"https:\/\/hoogeveenplants.nl\/de\/wp-json\/wp\/v2\/types\/product"}],"wp:attachment":[{"href":"https:\/\/hoogeveenplants.nl\/de\/wp-json\/wp\/v2\/media?parent=1317763"}],"wp:term":[{"taxonomy":"product_brand","embeddable":true,"href":"https:\/\/hoogeveenplants.nl\/de\/wp-json\/wp\/v2\/product_brand?post=1317763"},{"taxonomy":"product_cat","embeddable":true,"href":"https:\/\/hoogeveenplants.nl\/de\/wp-json\/wp\/v2\/product_cat?post=1317763"},{"taxonomy":"product_tag","embeddable":true,"href":"https:\/\/hoogeveenplants.nl\/de\/wp-json\/wp\/v2\/product_tag?post=1317763"}],"curies":[{"name":"wp","href":"https:\/\/api.w.org\/{rel}","templated":true}]}}