{"id":1317729,"date":"2026-04-11T03:32:08","date_gmt":"2026-04-11T02:32:08","guid":{"rendered":"https:\/\/hoogeveenplants.nl\/p\/clematis-the-president\/"},"modified":"2026-04-11T03:48:06","modified_gmt":"2026-04-11T02:48:06","slug":"clematis-the-president","status":"publish","type":"product","link":"https:\/\/hoogeveenplants.nl\/de\/p\/clematis-the-president\/","title":{"rendered":"Clematis The President"},"content":{"rendered":"<p>Clematis The President&#8216; geh\u00f6rt zur Familie der gro\u00dfbl\u00fctigen Clematis und hat gef\u00fcllte violettblaue Bl\u00fcten. Sie bl\u00fcht zweimal im Jahr und ist daher eine sch\u00f6ne Bereicherung f\u00fcr Ihren Garten. Die erste Bl\u00fctezeit ist von Mai bis Juni und die zweite Bl\u00fctezeit von Juli bis September. Nachdem die Clematis zum ersten Mal gebl\u00fcht hat, ist es am besten, sie zur\u00fcckzuschneiden, damit sie zum zweiten Mal bl\u00fcht. Durch ihren gepflegten und kompakten Wuchs eignet sich diese Kletterpflanze sowohl f\u00fcr gro\u00dfe als auch f\u00fcr kleine G\u00e4rten. Clematis war wahrscheinlich schon in der Antike beliebt. Die Griechen nannten alle Arten von Kletterpflanzen Clematis, was so viel wie &#8218;Rang&#8216; bedeutet und sich auf ihre F\u00e4higkeit zum Klettern bezieht. Es handelt sich also um eine Kletterpflanze, die etwas Hilfe braucht, wenn man sie attraktiver machen will. Am besten ist es, die Pflanze an einem Gestell, Draht oder Stock hochzuf\u00fchren. Die Clematis gedeiht sowohl im Halbschatten als auch in der Sonne. Dadurch eignet sich die Clematis f\u00fcr die meisten Standorte in Ihrem Garten. Bei mehr Sonne bl\u00fcht die Clematis jedoch \u00fcppiger. Die Wurzeln der Clematis brauchen einen schattigen und k\u00fchlen Standort. Sorgen Sie daf\u00fcr, dass immer etwas vor dem Fu\u00df der Pflanze w\u00e4chst, oder pflanzen Sie die Clematis tiefer in den Boden, etwa 10 cm tiefer als die H\u00f6he der Scholle.<\/p>\n","protected":false},"excerpt":{"rendered":"<p>Clematis The President&#8216; geh\u00f6rt zur Familie der gro\u00dfbl\u00fctigen Clematis und hat gef\u00fcllte violettblaue Bl\u00fcten. Sie bl\u00fcht zweimal im Jahr und ist daher eine sch\u00f6ne Bereicherung f\u00fcr Ihren Garten. Die erste Bl\u00fctezeit ist von Mai bis Juni und die zweite Bl\u00fctezeit von Juli bis September. Nachdem die Clematis zum ersten Mal gebl\u00fcht hat, ist es am [&hellip;]<\/p>\n","protected":false},"featured_media":0,"template":"","meta":{"_acf_changed":false},"product_brand":[],"product_cat":[71],"product_tag":[],"class_list":{"0":"post-1317729","1":"product","2":"type-product","3":"status-publish","5":"product_cat-upclimbers","6":"pa_bloemvruchtkleur-lila","7":"pa_location-halbschattig","8":"pa_location-sonnig","9":"pa_max-height-36","11":"first","12":"instock","13":"product-type-simple"},"acf":[],"_links":{"self":[{"href":"https:\/\/hoogeveenplants.nl\/de\/wp-json\/wp\/v2\/product\/1317729","targetHints":{"allow":["GET"]}}],"collection":[{"href":"https:\/\/hoogeveenplants.nl\/de\/wp-json\/wp\/v2\/product"}],"about":[{"href":"https:\/\/hoogeveenplants.nl\/de\/wp-json\/wp\/v2\/types\/product"}],"wp:attachment":[{"href":"https:\/\/hoogeveenplants.nl\/de\/wp-json\/wp\/v2\/media?parent=1317729"}],"wp:term":[{"taxonomy":"product_brand","embeddable":true,"href":"https:\/\/hoogeveenplants.nl\/de\/wp-json\/wp\/v2\/product_brand?post=1317729"},{"taxonomy":"product_cat","embeddable":true,"href":"https:\/\/hoogeveenplants.nl\/de\/wp-json\/wp\/v2\/product_cat?post=1317729"},{"taxonomy":"product_tag","embeddable":true,"href":"https:\/\/hoogeveenplants.nl\/de\/wp-json\/wp\/v2\/product_tag?post=1317729"}],"curies":[{"name":"wp","href":"https:\/\/api.w.org\/{rel}","templated":true}]}}