{"id":1316669,"date":"2026-04-10T03:34:59","date_gmt":"2026-04-10T02:34:59","guid":{"rendered":"https:\/\/hoogeveenplants.nl\/p\/vaccinium-corymbosum-bluecrop\/"},"modified":"2026-04-10T03:48:51","modified_gmt":"2026-04-10T02:48:51","slug":"vaccinium-corymbosum-bluecrop","status":"publish","type":"product","link":"https:\/\/hoogeveenplants.nl\/de\/p\/vaccinium-corymbosum-bluecrop\/","title":{"rendered":"Vaccinium corymbosum &#8218;Bluecrop&#8216;"},"content":{"rendered":"<p>Vaccinium corymbosum Bluecrop&#8216; ist eine amerikanische Heidelbeere. Der Strauch hat d\u00fcnne Zweige und kleine, frischgr\u00fcne Bl\u00e4tter. Die Fr\u00fcchte sind fest, hellblau und haben einen guten Geschmack. Sie k\u00f6nnen von Mitte Juli bis Mitte August gepfl\u00fcckt werden. Frische Blaubeeren sind eine Woche lang haltbar, und man kann sie auch einfrieren. Die Heidelbeere bl\u00fcht in B\u00fcscheln, und die Bl\u00fcte ist cremewei\u00df bis rosa gef\u00e4rbt. Die Bl\u00fcte erfolgt in der ersten Maih\u00e4lfte. Diese Pflanze ist selbstbest\u00e4ubend und ben\u00f6tigt fast keine Pflege. Die Beeren sind f\u00fcr V\u00f6gel nicht sehr attraktiv, aber manchmal ist es notwendig, die Pflanzen abzudecken. Das Wichtigste bei einer Blaubeere ist die Art des Bodens. Wie der Name schon sagt, mag die Pflanze Waldb\u00f6den, daher muss der Boden sauer und durchl\u00e4ssig sein. Andernfalls wird die Pflanze kaum Fr\u00fcchte tragen oder sogar absterben. Blaubeeren haben medizinische Eigenschaften. Die Beere enth\u00e4lt Anthocyane, eine Substanz, die der Beere ihre blaue Farbe verleiht. Dieser Stoff hat eine gute Wirkung auf das Herz und die Blutgef\u00e4\u00dfe. Die F\u00e4rbung kann unter anderem daf\u00fcr sorgen, dass Fettansammlungen in den Blutgef\u00e4\u00dfen reduziert werden, was die Durchblutung verbessert. Dar\u00fcber hinaus enthalten Heidelbeeren Antioxidantien. Diese spielen eine wichtige Rolle im Alterungsprozess. Antioxidantien wirken entz\u00fcndungshemmend, cholesterinsenkend und sch\u00fctzen vor verschiedenen Krankheiten, wie z. B. Krebs. Es gibt nur wenige Lebensmittel, die mehr Antioxidantien enthalten als Blaubeeren. Eine super gesunde Beere!<\/p>\n","protected":false},"excerpt":{"rendered":"<p>Vaccinium corymbosum Bluecrop&#8216; ist eine amerikanische Heidelbeere. Der Strauch hat d\u00fcnne Zweige und kleine, frischgr\u00fcne Bl\u00e4tter. Die Fr\u00fcchte sind fest, hellblau und haben einen guten Geschmack. Sie k\u00f6nnen von Mitte Juli bis Mitte August gepfl\u00fcckt werden. Frische Blaubeeren sind eine Woche lang haltbar, und man kann sie auch einfrieren. Die Heidelbeere bl\u00fcht in B\u00fcscheln, und [&hellip;]<\/p>\n","protected":false},"featured_media":0,"template":"","meta":{"_acf_changed":false},"product_brand":[],"product_cat":[212],"product_tag":[],"class_list":{"0":"post-1316669","1":"product","2":"type-product","3":"status-publish","5":"product_cat-100-fruit","6":"pa_bloemvruchtkleur-blau","7":"pa_location-halbschattig","8":"pa_location-sonnig","9":"pa_max-height-33","11":"first","12":"instock","13":"product-type-simple"},"acf":[],"_links":{"self":[{"href":"https:\/\/hoogeveenplants.nl\/de\/wp-json\/wp\/v2\/product\/1316669","targetHints":{"allow":["GET"]}}],"collection":[{"href":"https:\/\/hoogeveenplants.nl\/de\/wp-json\/wp\/v2\/product"}],"about":[{"href":"https:\/\/hoogeveenplants.nl\/de\/wp-json\/wp\/v2\/types\/product"}],"wp:attachment":[{"href":"https:\/\/hoogeveenplants.nl\/de\/wp-json\/wp\/v2\/media?parent=1316669"}],"wp:term":[{"taxonomy":"product_brand","embeddable":true,"href":"https:\/\/hoogeveenplants.nl\/de\/wp-json\/wp\/v2\/product_brand?post=1316669"},{"taxonomy":"product_cat","embeddable":true,"href":"https:\/\/hoogeveenplants.nl\/de\/wp-json\/wp\/v2\/product_cat?post=1316669"},{"taxonomy":"product_tag","embeddable":true,"href":"https:\/\/hoogeveenplants.nl\/de\/wp-json\/wp\/v2\/product_tag?post=1316669"}],"curies":[{"name":"wp","href":"https:\/\/api.w.org\/{rel}","templated":true}]}}