{"id":1315712,"date":"2026-04-09T03:42:08","date_gmt":"2026-04-09T02:42:08","guid":{"rendered":"https:\/\/hoogeveenplants.nl\/p\/fragaria-x-ananassa-delizzimo\/"},"modified":"2026-04-09T03:52:09","modified_gmt":"2026-04-09T02:52:09","slug":"fragaria-x-ananassa-delizzimo","status":"publish","type":"product","link":"https:\/\/hoogeveenplants.nl\/de\/p\/fragaria-x-ananassa-delizzimo\/","title":{"rendered":"Fragaria x ananassa &#8218;Delizzimo&#8216;"},"content":{"rendered":"<p>Leckeres gr\u00fcnes Obst aus 100% biologischem Anbau. Das bedeutet, dass beim Anbau nur pflanzliche und tierische Materialien verwendet wurden. Der Topf und das Etikett bestehen aus recyceltem Kunststoff und sind somit eine saubere L\u00f6sung f\u00fcr die Umwelt.<br \/>\nDie Fragaria x ananassa Delizzimo ist ein leicht zu z\u00fcchtender Erdbeerstrauch. Die Erdbeerpflanze &#8218;Delizzimo&#8216; bl\u00fcht von April bis August mit kleinen wei\u00df-rosa bis hellrosa Bl\u00fcten.<\/p>\n","protected":false},"excerpt":{"rendered":"<p>Leckeres gr\u00fcnes Obst aus 100% biologischem Anbau. Das bedeutet, dass beim Anbau nur pflanzliche und tierische Materialien verwendet wurden. Der Topf und das Etikett bestehen aus recyceltem Kunststoff und sind somit eine saubere L\u00f6sung f\u00fcr die Umwelt. Die Fragaria x ananassa Delizzimo ist ein leicht zu z\u00fcchtender Erdbeerstrauch. Die Erdbeerpflanze &#8218;Delizzimo&#8216; bl\u00fcht von April bis [&hellip;]<\/p>\n","protected":false},"featured_media":0,"template":"","meta":{"_acf_changed":false},"product_brand":[],"product_cat":[213],"product_tag":[],"class_list":{"0":"post-1315712","1":"product","2":"type-product","3":"status-publish","5":"product_cat-tasty-green","6":"pa_bloemvruchtkleur-rot","7":"pa_location-halbschattig","8":"pa_location-sonnig","9":"pa_max-height-25","11":"first","12":"instock","13":"product-type-simple"},"acf":[],"_links":{"self":[{"href":"https:\/\/hoogeveenplants.nl\/de\/wp-json\/wp\/v2\/product\/1315712","targetHints":{"allow":["GET"]}}],"collection":[{"href":"https:\/\/hoogeveenplants.nl\/de\/wp-json\/wp\/v2\/product"}],"about":[{"href":"https:\/\/hoogeveenplants.nl\/de\/wp-json\/wp\/v2\/types\/product"}],"wp:attachment":[{"href":"https:\/\/hoogeveenplants.nl\/de\/wp-json\/wp\/v2\/media?parent=1315712"}],"wp:term":[{"taxonomy":"product_brand","embeddable":true,"href":"https:\/\/hoogeveenplants.nl\/de\/wp-json\/wp\/v2\/product_brand?post=1315712"},{"taxonomy":"product_cat","embeddable":true,"href":"https:\/\/hoogeveenplants.nl\/de\/wp-json\/wp\/v2\/product_cat?post=1315712"},{"taxonomy":"product_tag","embeddable":true,"href":"https:\/\/hoogeveenplants.nl\/de\/wp-json\/wp\/v2\/product_tag?post=1315712"}],"curies":[{"name":"wp","href":"https:\/\/api.w.org\/{rel}","templated":true}]}}