{"id":1315710,"date":"2026-04-09T03:42:07","date_gmt":"2026-04-09T02:42:07","guid":{"rendered":"https:\/\/hoogeveenplants.nl\/p\/agapanthus-fireworks-2\/"},"modified":"2026-04-09T03:52:09","modified_gmt":"2026-04-09T02:52:09","slug":"agapanthus-fireworks-2","status":"publish","type":"product","link":"https:\/\/hoogeveenplants.nl\/de\/p\/agapanthus-fireworks-2\/","title":{"rendered":"Agapanthus &#8218;Fireworks&#8216;"},"content":{"rendered":"<p>Der Agapanthus Fireworks ist der erste immergr\u00fcne, zweifarbige Agapanthus der Welt, der wieder bl\u00fcht! Die Pflanze hat sich als winterhart bis -10 \u00baC erwiesen und ist damit widerstandsf\u00e4higer als andere immergr\u00fcne und zweifarbige Agapanthus-Arten. Sie hat kurze, breite gr\u00fcne Bl\u00e4tter, die einen sch\u00f6nen Kontrast zu den Bl\u00fcten bilden. Diese gro\u00dfen lila-wei\u00dfen Dolden haben mehrere trompetenf\u00f6rmige Bl\u00fcten, die hoch auf einem Stiel stehen. Die Bl\u00fcten der Agapanthus enthalten viel Nektar und werden daher oft von Schmetterlingen, Bienen und sogar V\u00f6geln besucht. Der Agapanthus hat eine lange Bl\u00fctezeit von Juni bis September. Die Pflanze muss nicht beschnitten werden, nur die gelb gewordenen Bl\u00e4tter k\u00f6nnen abgeschnitten werden. Nach der Bl\u00fcte k\u00f6nnen Sie die restlichen Bl\u00fctenst\u00e4ngel entfernen. Die Pflanze ist sehr widerstandsf\u00e4hig bis -10 Grad und kann daher den Winter in den Niederlanden gut \u00fcberstehen. Dieser Sonnenliebhaber ist trockenheits- und hitzebest\u00e4ndig und daher leicht zu pflegen.<\/p>\n","protected":false},"excerpt":{"rendered":"<p>Der Agapanthus Fireworks ist der erste immergr\u00fcne, zweifarbige Agapanthus der Welt, der wieder bl\u00fcht! Die Pflanze hat sich als winterhart bis -10 \u00baC erwiesen und ist damit widerstandsf\u00e4higer als andere immergr\u00fcne und zweifarbige Agapanthus-Arten. Sie hat kurze, breite gr\u00fcne Bl\u00e4tter, die einen sch\u00f6nen Kontrast zu den Bl\u00fcten bilden. Diese gro\u00dfen lila-wei\u00dfen Dolden haben mehrere trompetenf\u00f6rmige [&hellip;]<\/p>\n","protected":false},"featured_media":0,"template":"","meta":{"_acf_changed":false},"product_brand":[],"product_cat":[298],"product_tag":[],"class_list":{"0":"post-1315710","1":"product","2":"type-product","3":"status-publish","5":"product_cat-hello-agapanthus","6":"pa_bloemvruchtkleur-weiss-lila","7":"pa_location-halbschattig","8":"pa_location-sonnig","9":"pa_max-height-147","11":"first","12":"instock","13":"product-type-simple"},"acf":[],"_links":{"self":[{"href":"https:\/\/hoogeveenplants.nl\/de\/wp-json\/wp\/v2\/product\/1315710","targetHints":{"allow":["GET"]}}],"collection":[{"href":"https:\/\/hoogeveenplants.nl\/de\/wp-json\/wp\/v2\/product"}],"about":[{"href":"https:\/\/hoogeveenplants.nl\/de\/wp-json\/wp\/v2\/types\/product"}],"wp:attachment":[{"href":"https:\/\/hoogeveenplants.nl\/de\/wp-json\/wp\/v2\/media?parent=1315710"}],"wp:term":[{"taxonomy":"product_brand","embeddable":true,"href":"https:\/\/hoogeveenplants.nl\/de\/wp-json\/wp\/v2\/product_brand?post=1315710"},{"taxonomy":"product_cat","embeddable":true,"href":"https:\/\/hoogeveenplants.nl\/de\/wp-json\/wp\/v2\/product_cat?post=1315710"},{"taxonomy":"product_tag","embeddable":true,"href":"https:\/\/hoogeveenplants.nl\/de\/wp-json\/wp\/v2\/product_tag?post=1315710"}],"curies":[{"name":"wp","href":"https:\/\/api.w.org\/{rel}","templated":true}]}}