{"id":1315707,"date":"2026-04-09T03:42:06","date_gmt":"2026-04-09T02:42:06","guid":{"rendered":"https:\/\/hoogeveenplants.nl\/p\/agapanthus-ever-sapphire\/"},"modified":"2026-04-09T03:52:08","modified_gmt":"2026-04-09T02:52:08","slug":"agapanthus-ever-sapphire","status":"publish","type":"product","link":"https:\/\/hoogeveenplants.nl\/de\/p\/agapanthus-ever-sapphire\/","title":{"rendered":"Agapanthus &#8218;Ever Sapphire&#8216;"},"content":{"rendered":"<p>Die Agapanthus Ever Sapphire hat gro\u00dfe, tiefblaue Bl\u00fcten und zeichnet sich durch ihre fr\u00fche und reiche Bl\u00fcte aus. Der Agapanthus beginnt im Fr\u00fchjahr zu bl\u00fchen und bl\u00fcht im Laufe des Sommers wieder auf. Diese sch\u00f6ne Staude bevorzugt einen sonnigen Standort in gut durchl\u00e4ssigem Boden. Die Sonnenanbeterin ist aufgrund ihrer Trockenheits- und Hitzebest\u00e4ndigkeit pflegeleicht und bis -15 \u00baC winterhart. Die gro\u00dfen Dolden haben mehrere trompetenf\u00f6rmige kleine Bl\u00fcten, die hoch auf einem Stiel stehen. Die Bl\u00fcten der Agapanthus enthalten viel Nektar und werden daher oft von Schmetterlingen, Bienen und sogar V\u00f6geln besucht. Die Pflanze muss nicht beschnitten werden, nur die gelb gewordenen Bl\u00e4tter k\u00f6nnen abgeschnitten werden. Nach der Bl\u00fcte k\u00f6nnen Sie die restlichen Bl\u00fctenst\u00e4ngel entfernen. Diese Agapanthus ist ein Schmuckst\u00fcck in gemischten Bl\u00fctenk\u00e4sten, Rabatten oder einfach im Topf. Auch als Schnittblume ist sie sehr sch\u00f6n.<\/p>\n","protected":false},"excerpt":{"rendered":"<p>Die Agapanthus Ever Sapphire hat gro\u00dfe, tiefblaue Bl\u00fcten und zeichnet sich durch ihre fr\u00fche und reiche Bl\u00fcte aus. Der Agapanthus beginnt im Fr\u00fchjahr zu bl\u00fchen und bl\u00fcht im Laufe des Sommers wieder auf. Diese sch\u00f6ne Staude bevorzugt einen sonnigen Standort in gut durchl\u00e4ssigem Boden. Die Sonnenanbeterin ist aufgrund ihrer Trockenheits- und Hitzebest\u00e4ndigkeit pflegeleicht und bis [&hellip;]<\/p>\n","protected":false},"featured_media":0,"template":"","meta":{"_acf_changed":false},"product_brand":[],"product_cat":[298],"product_tag":[],"class_list":{"0":"post-1315707","1":"product","2":"type-product","3":"status-publish","5":"product_cat-hello-agapanthus","6":"pa_bloemvruchtkleur-blau","7":"pa_location-halbschattig","8":"pa_location-sonnig","9":"pa_max-height-41","11":"first","12":"instock","13":"product-type-simple"},"acf":[],"_links":{"self":[{"href":"https:\/\/hoogeveenplants.nl\/de\/wp-json\/wp\/v2\/product\/1315707","targetHints":{"allow":["GET"]}}],"collection":[{"href":"https:\/\/hoogeveenplants.nl\/de\/wp-json\/wp\/v2\/product"}],"about":[{"href":"https:\/\/hoogeveenplants.nl\/de\/wp-json\/wp\/v2\/types\/product"}],"wp:attachment":[{"href":"https:\/\/hoogeveenplants.nl\/de\/wp-json\/wp\/v2\/media?parent=1315707"}],"wp:term":[{"taxonomy":"product_brand","embeddable":true,"href":"https:\/\/hoogeveenplants.nl\/de\/wp-json\/wp\/v2\/product_brand?post=1315707"},{"taxonomy":"product_cat","embeddable":true,"href":"https:\/\/hoogeveenplants.nl\/de\/wp-json\/wp\/v2\/product_cat?post=1315707"},{"taxonomy":"product_tag","embeddable":true,"href":"https:\/\/hoogeveenplants.nl\/de\/wp-json\/wp\/v2\/product_tag?post=1315707"}],"curies":[{"name":"wp","href":"https:\/\/api.w.org\/{rel}","templated":true}]}}