{"id":1315706,"date":"2026-04-09T03:42:05","date_gmt":"2026-04-09T02:42:05","guid":{"rendered":"https:\/\/hoogeveenplants.nl\/p\/agapanthus-brilliant-blue\/"},"modified":"2026-04-09T03:52:08","modified_gmt":"2026-04-09T02:52:08","slug":"agapanthus-brilliant-blue","status":"publish","type":"product","link":"https:\/\/hoogeveenplants.nl\/de\/p\/agapanthus-brilliant-blue\/","title":{"rendered":"Agapanthus &#8218;Brilliant Blue&#8216;"},"content":{"rendered":"<p>Der Agapanthus Brilliant blue bietet im Sommer eine reiche Bl\u00fctenpracht. Nach 5 Jahren erscheinen im Sommer mehr als 100 Bl\u00fcten. Diese Pflanze ist daher bei Bienen und Schmetterlingen sehr beliebt. Wie der Name Brilliant Blue schon sagt, haben die trompetenf\u00f6rmigen Bl\u00fcten eine sch\u00f6ne blaue Farbe. Sie ist eine kompakte Pflanze, die etwa 75 cm hoch wird. Das macht die Pflanze perfekt f\u00fcr einen Topf auf der Terrasse oder dem Balkon. Wenn Sie es vorziehen, sie direkt in den Garten zu pflanzen, ist das nat\u00fcrlich auch m\u00f6glich. Die Pflanze steht gerne in der Sonne in gut durchl\u00e4ssigem Boden. Sie ist eine echte Sonnenanbeterin, die Trockenheit vertr\u00e4gt und bis -10\u00b0 Celsius winterhart ist. Bei k\u00e4lteren Temperaturen ist es am besten, die Pflanze mit einer guten Schicht Stroh und einer Schicht Plastik abzudecken. Die Pflanze muss nicht beschnitten werden, nur die gelb gewordenen Bl\u00e4tter k\u00f6nnen abgeschnitten werden. Nach der Bl\u00fcte k\u00f6nnen Sie die restlichen Bl\u00fctenstiele entfernen.<\/p>\n","protected":false},"excerpt":{"rendered":"<p>Der Agapanthus Brilliant blue bietet im Sommer eine reiche Bl\u00fctenpracht. Nach 5 Jahren erscheinen im Sommer mehr als 100 Bl\u00fcten. Diese Pflanze ist daher bei Bienen und Schmetterlingen sehr beliebt. Wie der Name Brilliant Blue schon sagt, haben die trompetenf\u00f6rmigen Bl\u00fcten eine sch\u00f6ne blaue Farbe. Sie ist eine kompakte Pflanze, die etwa 75 cm hoch [&hellip;]<\/p>\n","protected":false},"featured_media":0,"template":"","meta":{"_acf_changed":false},"product_brand":[],"product_cat":[298],"product_tag":[],"class_list":{"0":"post-1315706","1":"product","2":"type-product","3":"status-publish","5":"product_cat-hello-agapanthus","6":"pa_bloemvruchtkleur-blau","7":"pa_location-halbschattig","8":"pa_location-sonnig","9":"pa_max-height-41","11":"first","12":"instock","13":"product-type-simple"},"acf":[],"_links":{"self":[{"href":"https:\/\/hoogeveenplants.nl\/de\/wp-json\/wp\/v2\/product\/1315706","targetHints":{"allow":["GET"]}}],"collection":[{"href":"https:\/\/hoogeveenplants.nl\/de\/wp-json\/wp\/v2\/product"}],"about":[{"href":"https:\/\/hoogeveenplants.nl\/de\/wp-json\/wp\/v2\/types\/product"}],"wp:attachment":[{"href":"https:\/\/hoogeveenplants.nl\/de\/wp-json\/wp\/v2\/media?parent=1315706"}],"wp:term":[{"taxonomy":"product_brand","embeddable":true,"href":"https:\/\/hoogeveenplants.nl\/de\/wp-json\/wp\/v2\/product_brand?post=1315706"},{"taxonomy":"product_cat","embeddable":true,"href":"https:\/\/hoogeveenplants.nl\/de\/wp-json\/wp\/v2\/product_cat?post=1315706"},{"taxonomy":"product_tag","embeddable":true,"href":"https:\/\/hoogeveenplants.nl\/de\/wp-json\/wp\/v2\/product_tag?post=1315706"}],"curies":[{"name":"wp","href":"https:\/\/api.w.org\/{rel}","templated":true}]}}