{"id":1315705,"date":"2026-04-09T03:42:05","date_gmt":"2026-04-09T02:42:05","guid":{"rendered":"https:\/\/hoogeveenplants.nl\/p\/agapanthus-blue-thunder\/"},"modified":"2026-04-09T03:52:08","modified_gmt":"2026-04-09T02:52:08","slug":"agapanthus-blue-thunder","status":"publish","type":"product","link":"https:\/\/hoogeveenplants.nl\/de\/p\/agapanthus-blue-thunder\/","title":{"rendered":"Agapanthus &#8218;Blue Thunder&#8216;"},"content":{"rendered":"<p>Agapanthus Blue Thunder hat Bl\u00fcten in einer sch\u00f6nen tiefblauen Farbe. Blue Thunder bildet viele Bl\u00fctenb\u00fcschel mit mehreren trompetenf\u00f6rmigen kleinen Bl\u00fcten, die sehr kompakt sind. Die Pflanze bleibt auch kompakt und wird etwa 45 cm hoch. Stellen Sie den Agapanthus Blue Thunder in die (volle) Sonne in einen gut durchl\u00e4ssigen Boden. Der Sonnenanbeter ist aufgrund seiner Trockenheits- und Hitzebest\u00e4ndigkeit pflegeleicht und bis -12 \u00baC winterhart. Diese sch\u00f6ne Agapanthus eignet sich sehr gut f\u00fcr das Staudenbeet, f\u00fcr einen Topf auf dem Balkon oder der Terrasse oder in einem gemischten Container. Die Pflanze muss nicht zur\u00fcckgeschnitten werden, nur vergilbte Bl\u00e4tter k\u00f6nnen abgeschnitten werden. Nach der Bl\u00fcte k\u00f6nnen Sie die restlichen Bl\u00fctenst\u00e4ngel entfernen.<\/p>\n","protected":false},"excerpt":{"rendered":"<p>Agapanthus Blue Thunder hat Bl\u00fcten in einer sch\u00f6nen tiefblauen Farbe. Blue Thunder bildet viele Bl\u00fctenb\u00fcschel mit mehreren trompetenf\u00f6rmigen kleinen Bl\u00fcten, die sehr kompakt sind. Die Pflanze bleibt auch kompakt und wird etwa 45 cm hoch. Stellen Sie den Agapanthus Blue Thunder in die (volle) Sonne in einen gut durchl\u00e4ssigen Boden. Der Sonnenanbeter ist aufgrund seiner [&hellip;]<\/p>\n","protected":false},"featured_media":0,"template":"","meta":{"_acf_changed":false},"product_brand":[],"product_cat":[298],"product_tag":[],"class_list":{"0":"post-1315705","1":"product","2":"type-product","3":"status-publish","5":"product_cat-hello-agapanthus","6":"pa_bloemvruchtkleur-blau","7":"pa_location-halbschattig","8":"pa_location-sonnig","9":"pa_max-height-41","11":"first","12":"instock","13":"product-type-simple"},"acf":[],"_links":{"self":[{"href":"https:\/\/hoogeveenplants.nl\/de\/wp-json\/wp\/v2\/product\/1315705","targetHints":{"allow":["GET"]}}],"collection":[{"href":"https:\/\/hoogeveenplants.nl\/de\/wp-json\/wp\/v2\/product"}],"about":[{"href":"https:\/\/hoogeveenplants.nl\/de\/wp-json\/wp\/v2\/types\/product"}],"wp:attachment":[{"href":"https:\/\/hoogeveenplants.nl\/de\/wp-json\/wp\/v2\/media?parent=1315705"}],"wp:term":[{"taxonomy":"product_brand","embeddable":true,"href":"https:\/\/hoogeveenplants.nl\/de\/wp-json\/wp\/v2\/product_brand?post=1315705"},{"taxonomy":"product_cat","embeddable":true,"href":"https:\/\/hoogeveenplants.nl\/de\/wp-json\/wp\/v2\/product_cat?post=1315705"},{"taxonomy":"product_tag","embeddable":true,"href":"https:\/\/hoogeveenplants.nl\/de\/wp-json\/wp\/v2\/product_tag?post=1315705"}],"curies":[{"name":"wp","href":"https:\/\/api.w.org\/{rel}","templated":true}]}}