{"id":1315704,"date":"2026-04-09T03:42:05","date_gmt":"2026-04-09T02:42:05","guid":{"rendered":"https:\/\/hoogeveenplants.nl\/p\/agapanthus-poppin-purple\/"},"modified":"2026-04-09T03:52:07","modified_gmt":"2026-04-09T02:52:07","slug":"agapanthus-poppin-purple","status":"publish","type":"product","link":"https:\/\/hoogeveenplants.nl\/de\/p\/agapanthus-poppin-purple\/","title":{"rendered":"Agapanthus &#8218;Poppin Purple&#8216;"},"content":{"rendered":"<p>Agapanthus Poppin&#8216; Purple hat fantastische violette Bl\u00fcten und produziert \u00fcberraschend gro\u00dfe Bl\u00fctenstiele. Diese gro\u00dfen violetten Dolden haben mehrere trompetenf\u00f6rmige Bl\u00fcten, die hoch auf einem Stiel stehen. Die Bl\u00fcten der Agapanthus enthalten viel Nektar und werden daher oft von Schmetterlingen, Bienen und sogar V\u00f6geln besucht. Die Agapanthus hat eine lange Bl\u00fctezeit mit guter Nachbl\u00fcte, so dass man sich lange an den intensiv violetten Bl\u00fcten erfreuen kann. Diese Agapanthus w\u00e4chst schneller als andere Sorten und erreicht eine H\u00f6he von etwa 60 cm. Der Agapanthus ist ein Sonnenanbeter und mag daher einen sonnigen Standort in gut durchl\u00e4ssigem Boden. Sie ist eine tolle Pflanze f\u00fcr das Staudenbeet oder im Topf auf der Terrasse oder dem Balkon. Die Pflanze muss nicht zur\u00fcckgeschnitten werden, nur vergilbte Bl\u00e4tter k\u00f6nnen abgeschnitten werden. Nach der Bl\u00fcte k\u00f6nnen Sie die restlichen Bl\u00fctenst\u00e4ngel entfernen. Die Pflanze ist bis -12 Grad winterhart und kann den Winter in den Niederlanden problemlos \u00fcberstehen.<\/p>\n","protected":false},"excerpt":{"rendered":"<p>Agapanthus Poppin&#8216; Purple hat fantastische violette Bl\u00fcten und produziert \u00fcberraschend gro\u00dfe Bl\u00fctenstiele. Diese gro\u00dfen violetten Dolden haben mehrere trompetenf\u00f6rmige Bl\u00fcten, die hoch auf einem Stiel stehen. Die Bl\u00fcten der Agapanthus enthalten viel Nektar und werden daher oft von Schmetterlingen, Bienen und sogar V\u00f6geln besucht. Die Agapanthus hat eine lange Bl\u00fctezeit mit guter Nachbl\u00fcte, so dass [&hellip;]<\/p>\n","protected":false},"featured_media":0,"template":"","meta":{"_acf_changed":false},"product_brand":[],"product_cat":[298],"product_tag":[],"class_list":{"0":"post-1315704","1":"product","2":"type-product","3":"status-publish","5":"product_cat-hello-agapanthus","6":"pa_bloemvruchtkleur-lila","7":"pa_location-halbschattig","8":"pa_location-sonnig","9":"pa_max-height-41","11":"first","12":"instock","13":"product-type-simple"},"acf":[],"_links":{"self":[{"href":"https:\/\/hoogeveenplants.nl\/de\/wp-json\/wp\/v2\/product\/1315704","targetHints":{"allow":["GET"]}}],"collection":[{"href":"https:\/\/hoogeveenplants.nl\/de\/wp-json\/wp\/v2\/product"}],"about":[{"href":"https:\/\/hoogeveenplants.nl\/de\/wp-json\/wp\/v2\/types\/product"}],"wp:attachment":[{"href":"https:\/\/hoogeveenplants.nl\/de\/wp-json\/wp\/v2\/media?parent=1315704"}],"wp:term":[{"taxonomy":"product_brand","embeddable":true,"href":"https:\/\/hoogeveenplants.nl\/de\/wp-json\/wp\/v2\/product_brand?post=1315704"},{"taxonomy":"product_cat","embeddable":true,"href":"https:\/\/hoogeveenplants.nl\/de\/wp-json\/wp\/v2\/product_cat?post=1315704"},{"taxonomy":"product_tag","embeddable":true,"href":"https:\/\/hoogeveenplants.nl\/de\/wp-json\/wp\/v2\/product_tag?post=1315704"}],"curies":[{"name":"wp","href":"https:\/\/api.w.org\/{rel}","templated":true}]}}