{"id":1315703,"date":"2026-04-09T03:42:04","date_gmt":"2026-04-09T02:42:04","guid":{"rendered":"https:\/\/hoogeveenplants.nl\/p\/agapanthus-charlotte\/"},"modified":"2026-04-09T03:52:07","modified_gmt":"2026-04-09T02:52:07","slug":"agapanthus-charlotte","status":"publish","type":"product","link":"https:\/\/hoogeveenplants.nl\/de\/p\/agapanthus-charlotte\/","title":{"rendered":"Agapanthus &#8218;Charlotte&#8216;"},"content":{"rendered":"<p>Agapanthus Charlotte ist eine kompakte Pflanze mit violettblauen Bl\u00fcten an kr\u00e4ftigen Bl\u00fctenstielen. Sie hat einen reichen Bl\u00fctenstand und beh\u00e4lt ihre Bl\u00e4tter auch im Winter. Diese Agapanthus zeichnet sich durch den dunkelblauen Streifen in der Bl\u00fcte aus. Die Bl\u00fcten der Agapanthus enthalten viel Nektar und werden daher oft von Schmetterlingen, Bienen und sogar V\u00f6geln besucht. Der Agapanthus hat eine lange Bl\u00fctezeit von Juni bis September. Die Pflanze muss nicht beschnitten werden, nur die gelb gewordenen Bl\u00e4tter k\u00f6nnen abgeschnitten werden. Nach der Bl\u00fcte k\u00f6nnen Sie die restlichen Bl\u00fctenst\u00e4ngel entfernen. Die Pflanze ist sehr widerstandsf\u00e4hig bis -10 Grad und kann daher den Winter in den Niederlanden problemlos \u00fcberstehen. Dieser Sonnenliebhaber ist trockenheits- und hitzebest\u00e4ndig und daher leicht zu pflegen. Diese Agapanthus sieht \u00fcberall gut aus, in einem Pflanzkasten, einer Rabatte oder einfach in einem Topf.<\/p>\n","protected":false},"excerpt":{"rendered":"<p>Agapanthus Charlotte ist eine kompakte Pflanze mit violettblauen Bl\u00fcten an kr\u00e4ftigen Bl\u00fctenstielen. Sie hat einen reichen Bl\u00fctenstand und beh\u00e4lt ihre Bl\u00e4tter auch im Winter. Diese Agapanthus zeichnet sich durch den dunkelblauen Streifen in der Bl\u00fcte aus. Die Bl\u00fcten der Agapanthus enthalten viel Nektar und werden daher oft von Schmetterlingen, Bienen und sogar V\u00f6geln besucht. Der [&hellip;]<\/p>\n","protected":false},"featured_media":0,"template":"","meta":{"_acf_changed":false},"product_brand":[],"product_cat":[298],"product_tag":[],"class_list":{"0":"post-1315703","1":"product","2":"type-product","3":"status-publish","5":"product_cat-hello-agapanthus","6":"pa_bloemvruchtkleur-blau","7":"pa_location-halbschattig","8":"pa_location-sonnig","9":"pa_max-height-41","11":"first","12":"instock","13":"product-type-simple"},"acf":[],"_links":{"self":[{"href":"https:\/\/hoogeveenplants.nl\/de\/wp-json\/wp\/v2\/product\/1315703","targetHints":{"allow":["GET"]}}],"collection":[{"href":"https:\/\/hoogeveenplants.nl\/de\/wp-json\/wp\/v2\/product"}],"about":[{"href":"https:\/\/hoogeveenplants.nl\/de\/wp-json\/wp\/v2\/types\/product"}],"wp:attachment":[{"href":"https:\/\/hoogeveenplants.nl\/de\/wp-json\/wp\/v2\/media?parent=1315703"}],"wp:term":[{"taxonomy":"product_brand","embeddable":true,"href":"https:\/\/hoogeveenplants.nl\/de\/wp-json\/wp\/v2\/product_brand?post=1315703"},{"taxonomy":"product_cat","embeddable":true,"href":"https:\/\/hoogeveenplants.nl\/de\/wp-json\/wp\/v2\/product_cat?post=1315703"},{"taxonomy":"product_tag","embeddable":true,"href":"https:\/\/hoogeveenplants.nl\/de\/wp-json\/wp\/v2\/product_tag?post=1315703"}],"curies":[{"name":"wp","href":"https:\/\/api.w.org\/{rel}","templated":true}]}}