{"id":1315700,"date":"2026-04-09T03:42:03","date_gmt":"2026-04-09T02:42:03","guid":{"rendered":"https:\/\/hoogeveenplants.nl\/p\/cortaderia-selloana-evita-3\/"},"modified":"2026-04-09T03:52:06","modified_gmt":"2026-04-09T02:52:06","slug":"cortaderia-selloana-evita-3","status":"publish","type":"product","link":"https:\/\/hoogeveenplants.nl\/de\/p\/cortaderia-selloana-evita-3\/","title":{"rendered":"Cortaderia selloana &#8218;Evita&#8216;"},"content":{"rendered":"<p>Cortaderia selloana ist ein immergr\u00fcnes Gras mit einem aufrechten, b\u00fcschelbildenden Wuchs. Die Bl\u00e4tter sind schmal, h\u00e4ngend, f\u00fchlen sich rau an und sind von mittelgr\u00fcner Farbe. Cortaderia selloana bl\u00fcht von August bis Oktober mit dekorativen, seidigen, l\u00e4nglichen, cremewei\u00dfen Rispen. Die Pflanze mag einen sonnigen Standort und einen fruchtbaren, gut durchl\u00e4ssigen Boden. Dieses Pampasgras ist ziemlich winterhart, kann aber einen zus\u00e4tzlichen Winterschutz gebrauchen, vor allem, wenn es noch jung ist. Dieses Ziergras vertr\u00e4gt Trockenheit, Seewind und Luftverschmutzung gut und ist praktisch frei von Sch\u00e4dlingen und Krankheiten.<\/p>\n","protected":false},"excerpt":{"rendered":"<p>Cortaderia selloana ist ein immergr\u00fcnes Gras mit einem aufrechten, b\u00fcschelbildenden Wuchs. Die Bl\u00e4tter sind schmal, h\u00e4ngend, f\u00fchlen sich rau an und sind von mittelgr\u00fcner Farbe. Cortaderia selloana bl\u00fcht von August bis Oktober mit dekorativen, seidigen, l\u00e4nglichen, cremewei\u00dfen Rispen. Die Pflanze mag einen sonnigen Standort und einen fruchtbaren, gut durchl\u00e4ssigen Boden. Dieses Pampasgras ist ziemlich winterhart, [&hellip;]<\/p>\n","protected":false},"featured_media":0,"template":"","meta":{"_acf_changed":false},"product_brand":[],"product_cat":[22,289],"product_tag":[],"class_list":{"0":"post-1315700","1":"product","2":"type-product","3":"status-publish","5":"product_cat-elegrass","6":"product_cat-hardy-ornamentals","7":"pa_bloemvruchtkleur-weiss","8":"pa_location-halbschattig","9":"pa_location-sonnig","10":"pa_max-height-517","12":"first","13":"instock","14":"product-type-simple"},"acf":[],"_links":{"self":[{"href":"https:\/\/hoogeveenplants.nl\/de\/wp-json\/wp\/v2\/product\/1315700","targetHints":{"allow":["GET"]}}],"collection":[{"href":"https:\/\/hoogeveenplants.nl\/de\/wp-json\/wp\/v2\/product"}],"about":[{"href":"https:\/\/hoogeveenplants.nl\/de\/wp-json\/wp\/v2\/types\/product"}],"wp:attachment":[{"href":"https:\/\/hoogeveenplants.nl\/de\/wp-json\/wp\/v2\/media?parent=1315700"}],"wp:term":[{"taxonomy":"product_brand","embeddable":true,"href":"https:\/\/hoogeveenplants.nl\/de\/wp-json\/wp\/v2\/product_brand?post=1315700"},{"taxonomy":"product_cat","embeddable":true,"href":"https:\/\/hoogeveenplants.nl\/de\/wp-json\/wp\/v2\/product_cat?post=1315700"},{"taxonomy":"product_tag","embeddable":true,"href":"https:\/\/hoogeveenplants.nl\/de\/wp-json\/wp\/v2\/product_tag?post=1315700"}],"curies":[{"name":"wp","href":"https:\/\/api.w.org\/{rel}","templated":true}]}}