{"id":1315664,"date":"2026-04-09T03:40:37","date_gmt":"2026-04-09T02:40:37","guid":{"rendered":"https:\/\/hoogeveenplants.nl\/p\/imperata-cylindrica-red-baron-2\/"},"modified":"2026-04-09T03:50:57","modified_gmt":"2026-04-09T02:50:57","slug":"imperata-cylindrica-red-baron-2","status":"publish","type":"product","link":"https:\/\/hoogeveenplants.nl\/de\/p\/imperata-cylindrica-red-baron-2\/","title":{"rendered":"Imperata cylindrica &#8218;Red Baron&#8216;"},"content":{"rendered":"<p>Imperata cylindrica &#8218;Red Baron&#8216;, syn. &#8218;rubra&#8216;, niederl\u00e4ndisch f\u00fcr &#8218;Japanisches Blutgras&#8216;, ist ein sommergr\u00fcnes Ziergras mit steifem, aufrechtem Wuchs und lockerer B\u00fcschelform. Die schmalen, linearen Bl\u00e4tter sind frischgr\u00fcn und f\u00e4rben sich im Sommer feurig rot. In anderen Regionen bl\u00fcht das Japanische Rispengras von Juli bis August mit silbergrauen \u00c4hren. Imperata cylindrica &#8218;Red Baron&#8216; bevorzugt einen sonnigen und gesch\u00fctzten Standort in gut durchl\u00e4ssigem Boden. Dieses Gras ist trockenheitstolerant, einigerma\u00dfen winterhart, vertr\u00e4gt Seewind und Luftverschmutzung und ist eine besondere Akzentpflanze f\u00fcr die Beeteinfassung.<\/p>\n","protected":false},"excerpt":{"rendered":"<p>Imperata cylindrica &#8218;Red Baron&#8216;, syn. &#8218;rubra&#8216;, niederl\u00e4ndisch f\u00fcr &#8218;Japanisches Blutgras&#8216;, ist ein sommergr\u00fcnes Ziergras mit steifem, aufrechtem Wuchs und lockerer B\u00fcschelform. Die schmalen, linearen Bl\u00e4tter sind frischgr\u00fcn und f\u00e4rben sich im Sommer feurig rot. In anderen Regionen bl\u00fcht das Japanische Rispengras von Juli bis August mit silbergrauen \u00c4hren. Imperata cylindrica &#8218;Red Baron&#8216; bevorzugt einen sonnigen [&hellip;]<\/p>\n","protected":false},"featured_media":0,"template":"","meta":{"_acf_changed":false},"product_brand":[],"product_cat":[22,289],"product_tag":[],"class_list":{"0":"post-1315664","1":"product","2":"type-product","3":"status-publish","5":"product_cat-elegrass","6":"product_cat-hardy-ornamentals","7":"pa_bloemvruchtkleur-nicht-relevant","8":"pa_location-halbschattig","9":"pa_location-sonnig","10":"pa_max-height-25","12":"first","13":"instock","14":"product-type-simple"},"acf":[],"_links":{"self":[{"href":"https:\/\/hoogeveenplants.nl\/de\/wp-json\/wp\/v2\/product\/1315664","targetHints":{"allow":["GET"]}}],"collection":[{"href":"https:\/\/hoogeveenplants.nl\/de\/wp-json\/wp\/v2\/product"}],"about":[{"href":"https:\/\/hoogeveenplants.nl\/de\/wp-json\/wp\/v2\/types\/product"}],"wp:attachment":[{"href":"https:\/\/hoogeveenplants.nl\/de\/wp-json\/wp\/v2\/media?parent=1315664"}],"wp:term":[{"taxonomy":"product_brand","embeddable":true,"href":"https:\/\/hoogeveenplants.nl\/de\/wp-json\/wp\/v2\/product_brand?post=1315664"},{"taxonomy":"product_cat","embeddable":true,"href":"https:\/\/hoogeveenplants.nl\/de\/wp-json\/wp\/v2\/product_cat?post=1315664"},{"taxonomy":"product_tag","embeddable":true,"href":"https:\/\/hoogeveenplants.nl\/de\/wp-json\/wp\/v2\/product_tag?post=1315664"}],"curies":[{"name":"wp","href":"https:\/\/api.w.org\/{rel}","templated":true}]}}