{"id":1315661,"date":"2026-04-09T03:40:35","date_gmt":"2026-04-09T02:40:35","guid":{"rendered":"https:\/\/hoogeveenplants.nl\/p\/clematis-boulevard-tranquilite-evipo111-2\/"},"modified":"2026-04-09T03:50:55","modified_gmt":"2026-04-09T02:50:55","slug":"clematis-boulevard-tranquilite-evipo111-2","status":"publish","type":"product","link":"https:\/\/hoogeveenplants.nl\/de\/p\/clematis-boulevard-tranquilite-evipo111-2\/","title":{"rendered":"Clematis Boulevard\u00ae Tranquilit\u00e9\u2122 Evipo111"},"content":{"rendered":"<p>Eine ganz besondere Clematis, die den ganzen Sommer \u00fcber bl\u00fcht. Von Mai bis September kann man sich an ihren gro\u00dfen wei\u00dfen und violetten Dolden erfreuen. Bereits im ersten Jahr bietet die Clematis eine Bl\u00fctenoase. Im Gegensatz zu den meisten Clematis-Arten, die nur ein bis zwei Monate bl\u00fchen, kann man sich an &#8218;Tranquilite&#8216; bis zu f\u00fcnf Monate lang erfreuen. Perfekt f\u00fcr die Terrasse oder den Balkon<\/p>\n","protected":false},"excerpt":{"rendered":"<p>Eine ganz besondere Clematis, die den ganzen Sommer \u00fcber bl\u00fcht. Von Mai bis September kann man sich an ihren gro\u00dfen wei\u00dfen und violetten Dolden erfreuen. Bereits im ersten Jahr bietet die Clematis eine Bl\u00fctenoase. Im Gegensatz zu den meisten Clematis-Arten, die nur ein bis zwei Monate bl\u00fchen, kann man sich an &#8218;Tranquilite&#8216; bis zu f\u00fcnf Monate lang erfreuen. Perfekt f\u00fcr die Terrasse oder den Balkon<\/p>\n","protected":false},"featured_media":0,"template":"","meta":{"_acf_changed":false},"product_brand":[],"product_cat":[252,71],"product_tag":[],"class_list":{"0":"post-1315661","1":"product","2":"type-product","3":"status-publish","5":"product_cat-our-choice-upclimbers","6":"product_cat-upclimbers","7":"pa_bloemvruchtkleur-blau","8":"pa_location-halbschattig","9":"pa_location-sonnig","10":"pa_max-height-28","12":"first","13":"instock","14":"product-type-simple"},"acf":[],"_links":{"self":[{"href":"https:\/\/hoogeveenplants.nl\/de\/wp-json\/wp\/v2\/product\/1315661","targetHints":{"allow":["GET"]}}],"collection":[{"href":"https:\/\/hoogeveenplants.nl\/de\/wp-json\/wp\/v2\/product"}],"about":[{"href":"https:\/\/hoogeveenplants.nl\/de\/wp-json\/wp\/v2\/types\/product"}],"wp:attachment":[{"href":"https:\/\/hoogeveenplants.nl\/de\/wp-json\/wp\/v2\/media?parent=1315661"}],"wp:term":[{"taxonomy":"product_brand","embeddable":true,"href":"https:\/\/hoogeveenplants.nl\/de\/wp-json\/wp\/v2\/product_brand?post=1315661"},{"taxonomy":"product_cat","embeddable":true,"href":"https:\/\/hoogeveenplants.nl\/de\/wp-json\/wp\/v2\/product_cat?post=1315661"},{"taxonomy":"product_tag","embeddable":true,"href":"https:\/\/hoogeveenplants.nl\/de\/wp-json\/wp\/v2\/product_tag?post=1315661"}],"curies":[{"name":"wp","href":"https:\/\/api.w.org\/{rel}","templated":true}]}}