{"id":1315633,"date":"2026-04-09T03:40:19","date_gmt":"2026-04-09T02:40:19","guid":{"rendered":"https:\/\/hoogeveenplants.nl\/p\/miscanthus-sinensis-gracillimus\/"},"modified":"2026-04-09T03:50:47","modified_gmt":"2026-04-09T02:50:47","slug":"miscanthus-sinensis-gracillimus","status":"publish","type":"product","link":"https:\/\/hoogeveenplants.nl\/de\/p\/miscanthus-sinensis-gracillimus\/","title":{"rendered":"Miscanthus sinensis &#8218;Gracillimus&#8216;"},"content":{"rendered":"<p>Miscanthus sinensis &#8222;Gracillimus&#8220; ist eine der am h\u00e4ufigsten angebauten Miscanthus-Arten. Dieses sommergr\u00fcne Schilfrohr hat eine buschige, aufrechte Form mit sehr schmalen, linearen, mittelgr\u00fcnen Bl\u00e4ttern mit einem wei\u00dfen Mittelstreifen, die sich im Herbst strohfarben f\u00e4rben. Miscanthus sinensis &#8222;Gracillimus&#8220; bl\u00fcht (sporadisch) von August bis Oktober mit kupferfarbenen Bl\u00fcten\u00e4hren, die sich sp\u00e4ter in der Saison, wenn die Samen reifen, silberwei\u00df f\u00e4rben. Dieses sch\u00f6ne Schilfrohr bevorzugt einen sonnigen Standort und einen gut durchl\u00e4ssigen, leicht feuchten, m\u00e4\u00dfig fruchtbaren Boden. Miscanthus sinensis &#8222;Gracillimus&#8220; ist winterhart und, sobald er sich etabliert hat, auch trockenheitstolerant. Er toleriert Luftverschmutzung und Seewind.<\/p>\n","protected":false},"excerpt":{"rendered":"<p>Miscanthus sinensis &#8222;Gracillimus&#8220; ist eine der am h\u00e4ufigsten angebauten Miscanthus-Arten. Dieses sommergr\u00fcne Schilfrohr hat eine buschige, aufrechte Form mit sehr schmalen, linearen, mittelgr\u00fcnen Bl\u00e4ttern mit einem wei\u00dfen Mittelstreifen, die sich im Herbst strohfarben f\u00e4rben. Miscanthus sinensis &#8222;Gracillimus&#8220; bl\u00fcht (sporadisch) von August bis Oktober mit kupferfarbenen Bl\u00fcten\u00e4hren, die sich sp\u00e4ter in der Saison, wenn die Samen [&hellip;]<\/p>\n","protected":false},"featured_media":0,"template":"","meta":{"_acf_changed":false},"product_brand":[],"product_cat":[22,289],"product_tag":[],"class_list":{"0":"post-1315633","1":"product","2":"type-product","3":"status-publish","5":"product_cat-elegrass","6":"product_cat-hardy-ornamentals","7":"pa_bloemvruchtkleur-gruen","8":"pa_location-halbschattig","9":"pa_location-sonnig","10":"pa_max-height-518","12":"first","13":"instock","14":"product-type-simple"},"acf":[],"_links":{"self":[{"href":"https:\/\/hoogeveenplants.nl\/de\/wp-json\/wp\/v2\/product\/1315633","targetHints":{"allow":["GET"]}}],"collection":[{"href":"https:\/\/hoogeveenplants.nl\/de\/wp-json\/wp\/v2\/product"}],"about":[{"href":"https:\/\/hoogeveenplants.nl\/de\/wp-json\/wp\/v2\/types\/product"}],"wp:attachment":[{"href":"https:\/\/hoogeveenplants.nl\/de\/wp-json\/wp\/v2\/media?parent=1315633"}],"wp:term":[{"taxonomy":"product_brand","embeddable":true,"href":"https:\/\/hoogeveenplants.nl\/de\/wp-json\/wp\/v2\/product_brand?post=1315633"},{"taxonomy":"product_cat","embeddable":true,"href":"https:\/\/hoogeveenplants.nl\/de\/wp-json\/wp\/v2\/product_cat?post=1315633"},{"taxonomy":"product_tag","embeddable":true,"href":"https:\/\/hoogeveenplants.nl\/de\/wp-json\/wp\/v2\/product_tag?post=1315633"}],"curies":[{"name":"wp","href":"https:\/\/api.w.org\/{rel}","templated":true}]}}