{"id":1315629,"date":"2026-04-09T03:40:17","date_gmt":"2026-04-09T02:40:17","guid":{"rendered":"https:\/\/hoogeveenplants.nl\/p\/helleborus-niger-christmas-carol\/"},"modified":"2026-04-09T03:50:46","modified_gmt":"2026-04-09T02:50:46","slug":"helleborus-niger-christmas-carol","status":"publish","type":"product","link":"https:\/\/hoogeveenplants.nl\/de\/p\/helleborus-niger-christmas-carol\/","title":{"rendered":"Helleborus niger &#8218;Christmas Carol&#8216;"},"content":{"rendered":"<p>Die Helleborus stammt aus den Bergen der Ostalpen und geh\u00f6rt zur Gruppe der Stauden. Bemerkenswert, denn diese freundlichen Winterbl\u00fcher bleiben auch im Winter sch\u00f6n gr\u00fcn. Dies im Gegensatz zu den meisten Stauden. Die alten Bl\u00e4tter lassen sich leicht abschneiden, und nach ein paar Jahren erreicht die Helleborus eine maximale H\u00f6he von etwa f\u00fcnfzig Zentimetern. Eine Besonderheit der Christrose von Hello Helleborus ist, dass diese winterharte Freilandpflanze Jahr f\u00fcr Jahr von Oktober bis M\u00e4rz bl\u00fcht.<\/p>\n","protected":false},"excerpt":{"rendered":"<p>Die Helleborus stammt aus den Bergen der Ostalpen und geh\u00f6rt zur Gruppe der Stauden. Bemerkenswert, denn diese freundlichen Winterbl\u00fcher bleiben auch im Winter sch\u00f6n gr\u00fcn. Dies im Gegensatz zu den meisten Stauden. Die alten Bl\u00e4tter lassen sich leicht abschneiden, und nach ein paar Jahren erreicht die Helleborus eine maximale H\u00f6he von etwa f\u00fcnfzig Zentimetern. Eine [&hellip;]<\/p>\n","protected":false},"featured_media":0,"template":"","meta":{"_acf_changed":false},"product_brand":[],"product_cat":[55],"product_tag":[],"class_list":{"0":"post-1315629","1":"product","2":"type-product","3":"status-publish","5":"product_cat-hello-helleborus","6":"pa_bloemvruchtkleur-weiss","7":"pa_location-halbschattig","8":"pa_max-height-86","10":"first","11":"instock","12":"product-type-simple"},"acf":[],"_links":{"self":[{"href":"https:\/\/hoogeveenplants.nl\/de\/wp-json\/wp\/v2\/product\/1315629","targetHints":{"allow":["GET"]}}],"collection":[{"href":"https:\/\/hoogeveenplants.nl\/de\/wp-json\/wp\/v2\/product"}],"about":[{"href":"https:\/\/hoogeveenplants.nl\/de\/wp-json\/wp\/v2\/types\/product"}],"wp:attachment":[{"href":"https:\/\/hoogeveenplants.nl\/de\/wp-json\/wp\/v2\/media?parent=1315629"}],"wp:term":[{"taxonomy":"product_brand","embeddable":true,"href":"https:\/\/hoogeveenplants.nl\/de\/wp-json\/wp\/v2\/product_brand?post=1315629"},{"taxonomy":"product_cat","embeddable":true,"href":"https:\/\/hoogeveenplants.nl\/de\/wp-json\/wp\/v2\/product_cat?post=1315629"},{"taxonomy":"product_tag","embeddable":true,"href":"https:\/\/hoogeveenplants.nl\/de\/wp-json\/wp\/v2\/product_tag?post=1315629"}],"curies":[{"name":"wp","href":"https:\/\/api.w.org\/{rel}","templated":true}]}}