{"id":1315612,"date":"2026-04-09T03:40:09","date_gmt":"2026-04-09T02:40:09","guid":{"rendered":"https:\/\/hoogeveenplants.nl\/p\/helleborus-foetidus\/"},"modified":"2026-04-09T03:50:41","modified_gmt":"2026-04-09T02:50:41","slug":"helleborus-foetidus","status":"publish","type":"product","link":"https:\/\/hoogeveenplants.nl\/de\/p\/helleborus-foetidus\/","title":{"rendered":"Helleborus foetidus"},"content":{"rendered":"<p>Helleborus foetidus hat tief eingeschnittene Bl\u00e4tter, die an Palmwedel erinnern. Die gr\u00fcnlichen Bl\u00fcten sind von Dezember\/Januar bis zum Fr\u00fchjahr zu sehen.<\/p>\n","protected":false},"excerpt":{"rendered":"<p>Helleborus foetidus hat tief eingeschnittene Bl\u00e4tter, die an Palmwedel erinnern. Die gr\u00fcnlichen Bl\u00fcten sind von Dezember\/Januar bis zum Fr\u00fchjahr zu sehen.<\/p>\n","protected":false},"featured_media":0,"template":"","meta":{"_acf_changed":false},"product_brand":[],"product_cat":[55],"product_tag":[],"class_list":{"0":"post-1315612","1":"product","2":"type-product","3":"status-publish","5":"product_cat-hello-helleborus","6":"pa_bloemvruchtkleur-gruen","7":"pa_location-halbschattig","8":"pa_max-height-41","10":"first","11":"instock","12":"product-type-simple"},"acf":[],"_links":{"self":[{"href":"https:\/\/hoogeveenplants.nl\/de\/wp-json\/wp\/v2\/product\/1315612","targetHints":{"allow":["GET"]}}],"collection":[{"href":"https:\/\/hoogeveenplants.nl\/de\/wp-json\/wp\/v2\/product"}],"about":[{"href":"https:\/\/hoogeveenplants.nl\/de\/wp-json\/wp\/v2\/types\/product"}],"wp:attachment":[{"href":"https:\/\/hoogeveenplants.nl\/de\/wp-json\/wp\/v2\/media?parent=1315612"}],"wp:term":[{"taxonomy":"product_brand","embeddable":true,"href":"https:\/\/hoogeveenplants.nl\/de\/wp-json\/wp\/v2\/product_brand?post=1315612"},{"taxonomy":"product_cat","embeddable":true,"href":"https:\/\/hoogeveenplants.nl\/de\/wp-json\/wp\/v2\/product_cat?post=1315612"},{"taxonomy":"product_tag","embeddable":true,"href":"https:\/\/hoogeveenplants.nl\/de\/wp-json\/wp\/v2\/product_tag?post=1315612"}],"curies":[{"name":"wp","href":"https:\/\/api.w.org\/{rel}","templated":true}]}}