{"id":1315605,"date":"2026-04-09T03:40:06","date_gmt":"2026-04-09T02:40:06","guid":{"rendered":"https:\/\/hoogeveenplants.nl\/p\/lomandra-longifolia-white-sands\/"},"modified":"2026-04-09T03:50:39","modified_gmt":"2026-04-09T02:50:39","slug":"lomandra-longifolia-white-sands","status":"publish","type":"product","link":"https:\/\/hoogeveenplants.nl\/de\/p\/lomandra-longifolia-white-sands\/","title":{"rendered":"Lomandra longifolia &#8218;White Sands&#8216;"},"content":{"rendered":"<p>Lomandra White Sands&#8216; ist die erste panaschierte Lomandra. Die Bl\u00e4tter sind grau-gr\u00fcn mit einem wei\u00dfen Streifen in der Mitte und wei\u00dfen R\u00e4ndern an der Au\u00dfenseite. Lomandra&#8216; ist eine immergr\u00fcne Staude und kein Gras. Sie ist eine einfache und schnell wachsende Pflanze, die wenig Pflege ben\u00f6tigt. Die Pflanze ist hitze- und trockenheitsresistent und somit eine echte Terrassenpflanze f\u00fcr den Sommer! White Sands w\u00e4chst aufrecht und hat elegante, \u00fcberh\u00e4ngende, schmale Bl\u00e4tter. Diese mehrj\u00e4hrige Pflanze wird bis zu 70 cm hoch und 100 cm breit. Pflanzen Sie die &#8218;Lomandra White Sands&#8216; in einen gut durchl\u00e4ssigen, aber feuchten Boden. White Sands&#8216; kann sowohl in voller Sonne als auch im Halbschatten stehen, bevorzugt aber einen sonnigen Standort. Widerstandsf\u00e4hig bis -10 \u00baC.<\/p>\n","protected":false},"excerpt":{"rendered":"<p>Lomandra White Sands&#8216; ist die erste panaschierte Lomandra. Die Bl\u00e4tter sind grau-gr\u00fcn mit einem wei\u00dfen Streifen in der Mitte und wei\u00dfen R\u00e4ndern an der Au\u00dfenseite. Lomandra&#8216; ist eine immergr\u00fcne Staude und kein Gras. Sie ist eine einfache und schnell wachsende Pflanze, die wenig Pflege ben\u00f6tigt. Die Pflanze ist hitze- und trockenheitsresistent und somit eine echte [&hellip;]<\/p>\n","protected":false},"featured_media":0,"template":"","meta":{"_acf_changed":false},"product_brand":[],"product_cat":[22,247],"product_tag":[],"class_list":{"0":"post-1315605","1":"product","2":"type-product","3":"status-publish","5":"product_cat-elegrass","6":"product_cat-super-easy-care","7":"pa_bloemvruchtkleur-gelb-gruen","8":"pa_location-halbschattig","9":"pa_location-sonnig","10":"pa_max-height-41","12":"first","13":"instock","14":"product-type-simple"},"acf":[],"_links":{"self":[{"href":"https:\/\/hoogeveenplants.nl\/de\/wp-json\/wp\/v2\/product\/1315605","targetHints":{"allow":["GET"]}}],"collection":[{"href":"https:\/\/hoogeveenplants.nl\/de\/wp-json\/wp\/v2\/product"}],"about":[{"href":"https:\/\/hoogeveenplants.nl\/de\/wp-json\/wp\/v2\/types\/product"}],"wp:attachment":[{"href":"https:\/\/hoogeveenplants.nl\/de\/wp-json\/wp\/v2\/media?parent=1315605"}],"wp:term":[{"taxonomy":"product_brand","embeddable":true,"href":"https:\/\/hoogeveenplants.nl\/de\/wp-json\/wp\/v2\/product_brand?post=1315605"},{"taxonomy":"product_cat","embeddable":true,"href":"https:\/\/hoogeveenplants.nl\/de\/wp-json\/wp\/v2\/product_cat?post=1315605"},{"taxonomy":"product_tag","embeddable":true,"href":"https:\/\/hoogeveenplants.nl\/de\/wp-json\/wp\/v2\/product_tag?post=1315605"}],"curies":[{"name":"wp","href":"https:\/\/api.w.org\/{rel}","templated":true}]}}