{"id":1315604,"date":"2026-04-09T03:40:05","date_gmt":"2026-04-09T02:40:05","guid":{"rendered":"https:\/\/hoogeveenplants.nl\/p\/cortaderia-selloana-golden-fantasy\/"},"modified":"2026-04-09T03:50:39","modified_gmt":"2026-04-09T02:50:39","slug":"cortaderia-selloana-golden-fantasy","status":"publish","type":"product","link":"https:\/\/hoogeveenplants.nl\/de\/p\/cortaderia-selloana-golden-fantasy\/","title":{"rendered":"Cortaderia selloana &#8218;Golden Fantasy&#8216;"},"content":{"rendered":"<p>Das Gartenpampasgras &#8218;Golden Fantasy&#8216; (Cortaderia selloana) hat golden gestreifte Bl\u00e4tter, die an einem sonnigen Standort von Vorteil sind. Im Herbst muss nicht gespart werden, denn das Laub dient als Winterwunderland und schm\u00fcckt auch im Winter triste G\u00e4rten. Auch die pflaumenartigen Bl\u00fcten sind ab August ein sch\u00f6ner Anblick.<\/p>\n","protected":false},"excerpt":{"rendered":"<p>Das Gartenpampasgras &#8218;Golden Fantasy&#8216; (Cortaderia selloana) hat golden gestreifte Bl\u00e4tter, die an einem sonnigen Standort von Vorteil sind. Im Herbst muss nicht gespart werden, denn das Laub dient als Winterwunderland und schm\u00fcckt auch im Winter triste G\u00e4rten. Auch die pflaumenartigen Bl\u00fcten sind ab August ein sch\u00f6ner Anblick.<\/p>\n","protected":false},"featured_media":0,"template":"","meta":{"_acf_changed":false},"product_brand":[],"product_cat":[22,289],"product_tag":[],"class_list":{"0":"post-1315604","1":"product","2":"type-product","3":"status-publish","5":"product_cat-elegrass","6":"product_cat-hardy-ornamentals","7":"pa_bloemvruchtkleur-gelb-gruen","8":"pa_location-halbschattig","9":"pa_location-sonnig","10":"pa_max-height-36","12":"first","13":"instock","14":"product-type-simple"},"acf":[],"_links":{"self":[{"href":"https:\/\/hoogeveenplants.nl\/de\/wp-json\/wp\/v2\/product\/1315604","targetHints":{"allow":["GET"]}}],"collection":[{"href":"https:\/\/hoogeveenplants.nl\/de\/wp-json\/wp\/v2\/product"}],"about":[{"href":"https:\/\/hoogeveenplants.nl\/de\/wp-json\/wp\/v2\/types\/product"}],"wp:attachment":[{"href":"https:\/\/hoogeveenplants.nl\/de\/wp-json\/wp\/v2\/media?parent=1315604"}],"wp:term":[{"taxonomy":"product_brand","embeddable":true,"href":"https:\/\/hoogeveenplants.nl\/de\/wp-json\/wp\/v2\/product_brand?post=1315604"},{"taxonomy":"product_cat","embeddable":true,"href":"https:\/\/hoogeveenplants.nl\/de\/wp-json\/wp\/v2\/product_cat?post=1315604"},{"taxonomy":"product_tag","embeddable":true,"href":"https:\/\/hoogeveenplants.nl\/de\/wp-json\/wp\/v2\/product_tag?post=1315604"}],"curies":[{"name":"wp","href":"https:\/\/api.w.org\/{rel}","templated":true}]}}