{"id":1315597,"date":"2026-04-09T03:40:02","date_gmt":"2026-04-09T02:40:02","guid":{"rendered":"https:\/\/hoogeveenplants.nl\/p\/carex-oshimensis-everest\/"},"modified":"2026-04-09T03:50:37","modified_gmt":"2026-04-09T02:50:37","slug":"carex-oshimensis-everest","status":"publish","type":"product","link":"https:\/\/hoogeveenplants.nl\/de\/p\/carex-oshimensis-everest\/","title":{"rendered":"Carex oshimensis &#8218;Everest&#8217;\u00ae"},"content":{"rendered":"<p>Carex oshimensis &#8218;Everest&#8216;, auch als &#8218;Pelzbl\u00e4ttriges Seegras&#8216; bekannt, ist ein immergr\u00fcnes Ziergras mit gr\u00fcn-wei\u00df gestreiften Bl\u00e4ttern, die sch\u00f6n herabh\u00e4ngen. Von April bis Juni bl\u00fcht das Gras mit goldbraunen Rispen. Die Zegge ist eine kr\u00e4ftige Pflanze, die wenig Pflege braucht. Sie kann als Bodendecker verwendet werden, eignet sich aber auch f\u00fcr einen sch\u00f6nen Topf oder ein Beet. Dieses Ziergras l\u00e4sst sich gut mit anderen bl\u00fchenden Pflanzen kombinieren.<\/p>\n","protected":false},"excerpt":{"rendered":"<p>Carex oshimensis &#8218;Everest&#8216;, auch als &#8218;Pelzbl\u00e4ttriges Seegras&#8216; bekannt, ist ein immergr\u00fcnes Ziergras mit gr\u00fcn-wei\u00df gestreiften Bl\u00e4ttern, die sch\u00f6n herabh\u00e4ngen. Von April bis Juni bl\u00fcht das Gras mit goldbraunen Rispen. Die Zegge ist eine kr\u00e4ftige Pflanze, die wenig Pflege braucht. Sie kann als Bodendecker verwendet werden, eignet sich aber auch f\u00fcr einen sch\u00f6nen Topf oder ein [&hellip;]<\/p>\n","protected":false},"featured_media":0,"template":"","meta":{"_acf_changed":false},"product_brand":[],"product_cat":[22,288],"product_tag":[],"class_list":{"0":"post-1315597","1":"product","2":"type-product","3":"status-publish","5":"product_cat-elegrass","6":"product_cat-hardy-and-evergreen","7":"pa_bloemvruchtkleur-gruen-weiss","8":"pa_location-halbschattig","9":"pa_location-sonnig","10":"pa_max-height-49","12":"first","13":"instock","14":"product-type-simple"},"acf":[],"_links":{"self":[{"href":"https:\/\/hoogeveenplants.nl\/de\/wp-json\/wp\/v2\/product\/1315597","targetHints":{"allow":["GET"]}}],"collection":[{"href":"https:\/\/hoogeveenplants.nl\/de\/wp-json\/wp\/v2\/product"}],"about":[{"href":"https:\/\/hoogeveenplants.nl\/de\/wp-json\/wp\/v2\/types\/product"}],"wp:attachment":[{"href":"https:\/\/hoogeveenplants.nl\/de\/wp-json\/wp\/v2\/media?parent=1315597"}],"wp:term":[{"taxonomy":"product_brand","embeddable":true,"href":"https:\/\/hoogeveenplants.nl\/de\/wp-json\/wp\/v2\/product_brand?post=1315597"},{"taxonomy":"product_cat","embeddable":true,"href":"https:\/\/hoogeveenplants.nl\/de\/wp-json\/wp\/v2\/product_cat?post=1315597"},{"taxonomy":"product_tag","embeddable":true,"href":"https:\/\/hoogeveenplants.nl\/de\/wp-json\/wp\/v2\/product_tag?post=1315597"}],"curies":[{"name":"wp","href":"https:\/\/api.w.org\/{rel}","templated":true}]}}