{"id":1315595,"date":"2026-04-09T03:39:01","date_gmt":"2026-04-09T02:39:01","guid":{"rendered":"https:\/\/hoogeveenplants.nl\/p\/carex-comans-frosted-curls\/"},"modified":"2026-04-09T03:50:37","modified_gmt":"2026-04-09T02:50:37","slug":"carex-comans-frosted-curls","status":"publish","type":"product","link":"https:\/\/hoogeveenplants.nl\/de\/p\/carex-comans-frosted-curls\/","title":{"rendered":"Carex comans &#8218;Frosted Curls&#8216;"},"content":{"rendered":"<p>Carex comans &#8218;frosted curls&#8220;, auf Niederl\u00e4ndisch Zegge genannt, ist ein kleines, behaartes Immergr\u00fcn mit schmalen, h\u00e4ngenden, graugr\u00fcnen Bl\u00e4ttern und einer Kr\u00e4uselung am Ende des Blattes. Die Bl\u00e4tter sehen aus wie ein wildes Haar! Diese Art bl\u00fcht von Juni bis Juli mit unauff\u00e4lligen braunen Bl\u00fctenst\u00e4nden. Dieses Gras bevorzugt einen sonnigen bis halbschattigen Platz im Garten in gut durchl\u00e4ssigem Boden. Die Pflanze ist einigerma\u00dfen trockenheitstolerant und vertr\u00e4gt auch Meeresbrisen und Luftverschmutzung.<\/p>\n","protected":false},"excerpt":{"rendered":"<p>Carex comans &#8218;frosted curls&#8220;, auf Niederl\u00e4ndisch Zegge genannt, ist ein kleines, behaartes Immergr\u00fcn mit schmalen, h\u00e4ngenden, graugr\u00fcnen Bl\u00e4ttern und einer Kr\u00e4uselung am Ende des Blattes. Die Bl\u00e4tter sehen aus wie ein wildes Haar! Diese Art bl\u00fcht von Juni bis Juli mit unauff\u00e4lligen braunen Bl\u00fctenst\u00e4nden. Dieses Gras bevorzugt einen sonnigen bis halbschattigen Platz im Garten in [&hellip;]<\/p>\n","protected":false},"featured_media":0,"template":"","meta":{"_acf_changed":false},"product_brand":[],"product_cat":[22,288],"product_tag":[],"class_list":{"0":"post-1315595","1":"product","2":"type-product","3":"status-publish","5":"product_cat-elegrass","6":"product_cat-hardy-and-evergreen","7":"pa_bloemvruchtkleur-silber","8":"pa_location-halbschattig","9":"pa_location-sonnig","10":"pa_max-height-86","12":"first","13":"instock","14":"product-type-simple"},"acf":[],"_links":{"self":[{"href":"https:\/\/hoogeveenplants.nl\/de\/wp-json\/wp\/v2\/product\/1315595","targetHints":{"allow":["GET"]}}],"collection":[{"href":"https:\/\/hoogeveenplants.nl\/de\/wp-json\/wp\/v2\/product"}],"about":[{"href":"https:\/\/hoogeveenplants.nl\/de\/wp-json\/wp\/v2\/types\/product"}],"wp:attachment":[{"href":"https:\/\/hoogeveenplants.nl\/de\/wp-json\/wp\/v2\/media?parent=1315595"}],"wp:term":[{"taxonomy":"product_brand","embeddable":true,"href":"https:\/\/hoogeveenplants.nl\/de\/wp-json\/wp\/v2\/product_brand?post=1315595"},{"taxonomy":"product_cat","embeddable":true,"href":"https:\/\/hoogeveenplants.nl\/de\/wp-json\/wp\/v2\/product_cat?post=1315595"},{"taxonomy":"product_tag","embeddable":true,"href":"https:\/\/hoogeveenplants.nl\/de\/wp-json\/wp\/v2\/product_tag?post=1315595"}],"curies":[{"name":"wp","href":"https:\/\/api.w.org\/{rel}","templated":true}]}}